{"id":965,"date":"2016-04-25T15:00:08","date_gmt":"2016-04-25T14:00:08","guid":{"rendered":"http:\/\/www.editions-libel.fr\/2016\/?post_type=product&#038;p=965"},"modified":"2025-12-12T12:04:45","modified_gmt":"2025-12-12T11:04:45","slug":"prendre-le-maquis","status":"publish","type":"product","link":"https:\/\/www.editions-libel.fr\/maison-edition\/boutique\/prendre-le-maquis\/","title":{"rendered":"Prendre le maquis"},"content":{"rendered":"[vc_row][vc_column][vc_column_text]<span style=\"text-decoration: underline;\"><a href=\"https:\/\/heyzine.com\/flip-book\/3c5c43a1a0.html\" target=\"_blank\" rel=\"noopener noreferrer\">Feuilleter un extrait<\/a><br \/>\n<a href=\"https:\/\/www.editions-libel.fr\/maison-edition\/wp-content\/uploads\/MAQUIS-SOMMAIRE.pdf\" target=\"_blank\" rel=\"noopener noreferrer\">Voir le sommaire<\/a><\/span><br \/>\n<span style=\"text-decoration: underline;\"><a href=\"https:\/\/www.editions-libel.fr\/maison-edition\/wp-content\/uploads\/DP_prendrelemaquis_edlibel.pdf\" target=\"_blank\" rel=\"noopener noreferrer\">Dossier de presse<\/a><\/span><br \/>\n<span style=\"text-decoration: underline;\"><a href=\"https:\/\/www.editions-libel.fr\/maison-edition\/wp-content\/uploads\/NOTICE-MAQUIS.pdf\" target=\"_blank\" rel=\"noopener noreferrer\">Notice libraire<\/a><\/span><\/p>\n<p>&nbsp;<\/p>\n<p><strong>On en parle :<\/strong>[\/vc_column_text][\/vc_column][\/vc_row][vc_row][vc_column][vc_tta_pageable no_fill_content_area=\u00a0\u00bb1&Prime; active_section=\u00a0\u00bb1&Prime; pagination_color=\u00a0\u00bborange\u00a0\u00bb][vc_tta_section title=\u00a0\u00bbSection 1&Prime; tab_id=\u00a0\u00bb1591093515105-7ff24b69-4e15&Prime;][vc_column_text]<em>Un grand bravo pour la r\u00e9alisation de ce livre dont la forme est tr\u00e8s attractive et vraiment au service du fond, notamment gr\u00e2ce \u00e0 la \u00a0valorisation tr\u00e8s intelligente du corpus iconographique.\u00a0<\/em><br \/>\nLaure Piaton, directrice du Centre du Patrimoine Arm\u00e9nien[\/vc_column_text][\/vc_tta_section][vc_tta_section title=\u00a0\u00bbSection 1&Prime; tab_id=\u00a0\u00bb1591093623318-b8730d81-ad53&Prime;][vc_column_text]<em>Ouvrage remarquable qui aborde la question de l&rsquo;entr\u00e9e au maquis, des conditions humaines de la vie des maquisards, loin des clich\u00e9s, et qui offre une nouvelle perspective de ce que fut la vie et l&rsquo;engagement des r\u00e9sistants. Un grand bravo \u00e0 toute l&rsquo;\u00e9quipe.<\/em><br \/>\nHerv\u00e9 B.[\/vc_column_text][\/vc_tta_section][\/vc_tta_pageable][\/vc_column][\/vc_row]\n","protected":false},"excerpt":{"rendered":"<p><strong>Traces, Histoires, M\u00e9moires <\/strong>[Collectif]<strong><br \/>\n<\/strong>Qui sont les hommes qui prennent le maquis\u00a0? Quand et comment rejoignent-ils ces massifs forestiers qui les font rentrer dans l\u2019ill\u00e9galit\u00e9\u00a0?, quels y sont leurs moyens de subsistance, de se prot\u00e9ger et de combattre ? Jeunes chercheurs et sp\u00e9cialistes reconnus proposent ici une histoire actualis\u00e9e du \u201cph\u00e9nom\u00e8ne maquis\u201d qui permet, accompagn\u00e9e de photographies souvent in\u00e9dites prises sur les lieux m\u00eames de l\u2019action, de mieux comprendre la vie quotidienne, le visage et les postures de ceux qui ont choisi de <em>prendre le maquis<\/em>.<\/p>\n<p>Ouvrage dirig\u00e9 par\u00a0<strong>Philippe Hanus<\/strong>\u00a0et<strong>\u00a0Bernard Delpal<\/strong>\u00a0en partenariat avec le\u00a0<strong>R\u00e9seau M\u00e9morha<\/strong>.<\/p>\n<p><strong>\u00c9galement \u00e9dit\u00e9 avec le R\u00e9seau M\u00e9morha :<a href=\"https:\/\/www.editions-libel.fr\/maison-edition\/boutique\/resistances-juives\/\"><i> R\u00e9sistances juives. Solidarit\u00e9s, r\u00e9seaux, parcours<\/i><\/a><\/strong><\/p>\n<p><em><br \/>\n<a href=\"http:\/\/www.reseaumemorha.org\/\"><strong>Le R\u00e9seau M\u00e9morha\u00a0<\/strong><\/a>f\u00e9d\u00e8re depuis 2011 mus\u00e9es, m\u00e9moriaux, sites historiques et acteurs culturels, \u00e9ducatifs et scientifiques en Rh\u00f4ne-Alpes-Auvergne, avec pour mission premi\u00e8re de mener une r\u00e9flexion sur la transmission de l\u2019histoire de la Seconde Guerre mondiale ainsi que sur les nouvelles formes de repr\u00e9sentation de la p\u00e9riode dans l\u2019espace public. M\u00e9morha se veut \u00e9galement un lieu d\u2019\u00e9change d\u2019exp\u00e9riences scientifiques et professionnelles en France et en Europe.<\/em><\/p>\n<p>&nbsp;<\/p>\n","protected":false},"featured_media":5369,"template":"","meta":[],"product_cat":[82,15,16,21],"product_tag":[103,121],"class_list":["post-965","product","type-product","status-publish","has-post-thumbnail","hentry","product_cat-libel","product_cat-histoire","product_cat-histoire-des-conflits","product_cat-photographie","product_tag-memoire-des-conflits","product_tag-territoire"],"_links":{"self":[{"href":"https:\/\/www.editions-libel.fr\/maison-edition\/wp-json\/wp\/v2\/product\/965","targetHints":{"allow":["GET"]}}],"collection":[{"href":"https:\/\/www.editions-libel.fr\/maison-edition\/wp-json\/wp\/v2\/product"}],"about":[{"href":"https:\/\/www.editions-libel.fr\/maison-edition\/wp-json\/wp\/v2\/types\/product"}],"wp:featuredmedia":[{"embeddable":true,"href":"https:\/\/www.editions-libel.fr\/maison-edition\/wp-json\/wp\/v2\/media\/5369"}],"wp:attachment":[{"href":"https:\/\/www.editions-libel.fr\/maison-edition\/wp-json\/wp\/v2\/media?parent=965"}],"wp:term":[{"taxonomy":"product_cat","embeddable":true,"href":"https:\/\/www.editions-libel.fr\/maison-edition\/wp-json\/wp\/v2\/product_cat?post=965"},{"taxonomy":"product_tag","embeddable":true,"href":"https:\/\/www.editions-libel.fr\/maison-edition\/wp-json\/wp\/v2\/product_tag?post=965"}],"curies":[{"name":"wp","href":"https:\/\/api.w.org\/{rel}","templated":true}]}}