{"id":953,"date":"2014-05-12T07:41:59","date_gmt":"2014-05-12T06:41:59","guid":{"rendered":"http:\/\/www.editions-libel.fr\/2016\/?post_type=product&#038;p=953"},"modified":"2025-12-12T12:17:49","modified_gmt":"2025-12-12T11:17:49","slug":"un-artiste-en-italie","status":"publish","type":"product","link":"https:\/\/www.editions-libel.fr\/maison-edition\/boutique\/un-artiste-en-italie\/","title":{"rendered":"Un artiste en Italie"},"content":{"rendered":"[vc_row][vc_column][vc_column_text]<span style=\"text-decoration: underline;\"><a href=\"https:\/\/heyzine.com\/flip-book\/8619c1d9e3.html\" target=\"_blank\" rel=\"noopener noreferrer\">Feuilleter un extrait<\/a><\/span><br \/>\n<span style=\"text-decoration: underline;\"><a href=\"https:\/\/www.editions-libel.fr\/maison-edition\/wp-content\/uploads\/2015\/10\/PRESSE-MAINSSIEUX-W.pdf\" target=\"_blank\" rel=\"noopener noreferrer\">Dossier de presse<\/a><\/span><br \/>\n<span style=\"text-decoration: underline;\"><a href=\"https:\/\/www.editions-libel.fr\/maison-edition\/wp-content\/uploads\/2015\/10\/NOTICE_MAINSSIEUX.pdf\" target=\"_blank\" rel=\"noopener noreferrer\">Notice libraire<\/a><\/span>[\/vc_column_text][\/vc_column][\/vc_row]\n","protected":false},"excerpt":{"rendered":"<p><strong>Voyages de Lucien Mainssieux 1910-1926 <\/strong>[Collectif]<strong><br \/>\n<\/strong>Un nouveau pan de la vie et de l\u2019\u0153uvre de l\u2019artiste-voyageur Lucien Mainssieux se d\u00e9voile. Surtout connu comme orientaliste, l\u2019artiste voironnais a \u00e9galement fait l\u2019exp\u00e9rience du voyage \u00e0 Rome. De ses quatre s\u00e9jours entre 1910 et 1914, il rapporte peintures et dessins et nous montre une Italie classique et \u00e9mouvante.<\/p>\n<p><span class=\"Texte\">Ouvrage\u00a0<\/span>\u00e9dit\u00e9 \u00e0 l\u2019occasion de l\u2019exposition \u201cVoyages de Lucien Mainssieux \u2013 Un artiste en Italie\u201d organis\u00e9e au <strong>Mus\u00e9e Mainssieux.<\/strong><\/p>\n<p><em><br \/>\nLe <a href=\"https:\/\/www.paysvoironnais.info\/musee-mainssieux\/voiron\/musee.html\" target=\"_blank\" rel=\"noopener noreferrer\"><strong>Mus\u00e9e Mainssieux<\/strong><\/a> \u00e0 Voiron regroupe les collections personnelles de Jules Mainssieux, peintre, musicien, critique et collectionneur d&rsquo;art. L&rsquo;expositon permanente permet de d\u00e9couvrir les multiples facettes de cet artiste.<\/em><\/p>\n","protected":false},"featured_media":5386,"template":"","meta":[],"product_cat":[82,13],"product_tag":[117,118,132,110,99],"class_list":["post-953","product","type-product","status-publish","has-post-thumbnail","hentry","product_cat-libel","product_cat-beaux-arts","product_tag-art","product_tag-croquis","product_tag-culture","product_tag-patrimoine","product_tag-savoir-faire"],"_links":{"self":[{"href":"https:\/\/www.editions-libel.fr\/maison-edition\/wp-json\/wp\/v2\/product\/953","targetHints":{"allow":["GET"]}}],"collection":[{"href":"https:\/\/www.editions-libel.fr\/maison-edition\/wp-json\/wp\/v2\/product"}],"about":[{"href":"https:\/\/www.editions-libel.fr\/maison-edition\/wp-json\/wp\/v2\/types\/product"}],"wp:featuredmedia":[{"embeddable":true,"href":"https:\/\/www.editions-libel.fr\/maison-edition\/wp-json\/wp\/v2\/media\/5386"}],"wp:attachment":[{"href":"https:\/\/www.editions-libel.fr\/maison-edition\/wp-json\/wp\/v2\/media?parent=953"}],"wp:term":[{"taxonomy":"product_cat","embeddable":true,"href":"https:\/\/www.editions-libel.fr\/maison-edition\/wp-json\/wp\/v2\/product_cat?post=953"},{"taxonomy":"product_tag","embeddable":true,"href":"https:\/\/www.editions-libel.fr\/maison-edition\/wp-json\/wp\/v2\/product_tag?post=953"}],"curies":[{"name":"wp","href":"https:\/\/api.w.org\/{rel}","templated":true}]}}