{"id":951,"date":"2013-10-15T07:38:58","date_gmt":"2013-10-15T06:38:58","guid":{"rendered":"http:\/\/www.editions-libel.fr\/2016\/?post_type=product&#038;p=951"},"modified":"2026-01-16T10:29:54","modified_gmt":"2026-01-16T09:29:54","slug":"mon-lieu-secret","status":"publish","type":"product","link":"https:\/\/www.editions-libel.fr\/maison-edition\/boutique\/mon-lieu-secret\/","title":{"rendered":"Mon lieu secret"},"content":{"rendered":"[vc_row][vc_column][vc_column_text]<span style=\"text-decoration: underline;\"><a href=\"https:\/\/heyzine.com\/flip-book\/2a8dc608c4.html\" target=\"_blank\" rel=\"noopener noreferrer\">Feuilleter un extrait<\/a><\/span><br \/>\n<span style=\"text-decoration: underline;\"><a href=\"https:\/\/www.editions-libel.fr\/maison-edition\/wp-content\/uploads\/2015\/10\/PRESSE_MLS.pdf\" target=\"_blank\" rel=\"noopener noreferrer\">Dossier de presse<\/a><\/span><br \/>\n<span style=\"text-decoration: underline;\"><a href=\"https:\/\/www.editions-libel.fr\/maison-edition\/wp-content\/uploads\/2015\/10\/NOTICE_MLS.pdf\" target=\"_blank\" rel=\"noopener noreferrer\">Notice libraire<\/a><\/span><\/p>\n<p>&nbsp;<\/p>\n<p><strong>On en parle :\u00a0<\/strong>[\/vc_column_text][\/vc_column][\/vc_row][vc_row][vc_column][vc_tta_pageable no_fill_content_area=\u00a0\u00bb1&Prime; active_section=\u00a0\u00bb1&Prime; pagination_color=\u00a0\u00bborange\u00a0\u00bb][vc_tta_section title=\u00a0\u00bbSection 1&Prime; tab_id=\u00a0\u00bb1591101579396-c2cc1c25-096e\u00a0\u00bb][vc_column_text]<em>D&rsquo;abord propos\u00e9 une formule comme une formule magique et laisser libre cours aux gens de s&rsquo;en emparer pour trouver un lieu de pr\u00e9dilection. Par la m\u00eame occasion d\u00e9couvrir la ville et la sinc\u00e9rit\u00e9 fera le reste. Les gens se mettent en sc\u00e8ne eux-m\u00eame et on voit Lyon comme les gens autrement. Un lieu, un portrait et quelque chose d&rsquo;intime se d\u00e9gage. L&rsquo;espace n&rsquo;est plus vraiment neutre et un lieu peut exprimer quelque chose en silence. Une s\u00e9rie de portrait donc dans Lyon&#8230;<\/em><br \/>\nFabrice Baumann, Libraire chez DECITRE[\/vc_column_text][\/vc_tta_section][\/vc_tta_pageable][\/vc_column][\/vc_row]\n","protected":false},"excerpt":{"rendered":"<p><strong><span style=\"color: #ff0000;\">\u00c9puis\u00e9<\/span><br \/>\nDes Lyonnais dans l&rsquo;\u0153il d&rsquo;Ernesto Timor<br \/>\n<\/strong>\u00c0 cette question, le photographe <strong><a href=\"https:\/\/www.ernestotimor.com\/\">Ernesto Timor<\/a><\/strong> r\u00e9pond par une galerie de portraits de Lyonnais. Entre espaces urbains et paysage int\u00e9rieur, c\u2019est une red\u00e9couverte de la ville entre Sa\u00f4ne et Rh\u00f4ne qu\u2019il nous propose.<\/p>\n<p>Pour assurer sa publication, l\u2019ouvrage Mon lieu secret. Des Lyonnais dans l\u2019\u0153il d\u2019Ernesto Timor a fait l\u2019objet d\u2019un financement participatif sur la plateforme KissKissBankBank : <a href=\"http:\/\/www.kisskissbankbank.com\/mon-lieu-secret\" target=\"_blank\" rel=\"noopener noreferrer\">www.kisskissbankbank.com\/mon-lieu-secret<\/a><br \/>\nQue les 113 contributeurs en soient remerci\u00e9s !<\/p>\n<span class=\"collapseomatic \" id=\"id69ded0f2b7b25\"  tabindex=\"0\" title=\"Voir plus\"    >Voir plus<\/span><div id=\"target-id69ded0f2b7b25\" class=\"collapseomatic_content \"><br \/>\nRodolphe Bessey, Rodolphe Paulet, Chlo\u00e9 P\u00e9dron, V\u00e9ronique Gaudin, Vincent Roum\u00e9as, Magalie Schwendemann, Manu Brochier, Nelly Cazal, H\u00e9l\u00e8ne Alice-Biensa, Gersende Michel, Antoine Besson, Chantal Jacquet, Christel Duchemann, Fr\u00e9d\u00e9ric Jacquemin, Fran\u00e7ois Chaffin, Patricia Avrillier, Andr\u00e9 Lattay, Sylvie Stefani, Catherine Hiebel-Lemaitre, Andr\u00e9a D\u2019Amico, Guillaume Ducong\u00e9, Patrice Bouvier, Amandine Laprun, Pierre-Yves Freund, Jean-Louis Baille, Gilles Boustani, St\u00e9phanie Crouy, S\u00e9verine Gros, B\u00e9atrice Chevalier, Magali Barrandon, Thibault Musa, Christine G\u00e9hin, Elisabeth Meunier, Karine Dufaut, Bertrand Souyris, Albane Cornillon, Dany Spianti, Damien Poudret, Clara Carminati, Olivier Umecker, Patricia Combes, Angelle, Sandrine Boucher, Marc Verhaverbeke, Sophie Mary, Christine Braun, Emmanuel Delapilli\u00e8re, Thierry Trial, Philippe Vouillon, Aur\u00e9lie Foresta, Fanette Perret, Michel Collomb, Phil Kirl, Chlo\u00e9 Giraud, Magali M\u00e9lin, Christ Lacour, Marie-Reine Jaz\u00e9, Jos\u00e9phine Chaffin, Anne Hanicotte, Olivier Michel, Karine Dufaut, Jean-Marc Rougny, Thierry Sagnol, Denis Malard, Olivier Cresto-Aleina, Tom Adamczewski, Philippe Crouy, Annick Messant, Olivier Crouy, Florent Pessaud, Marc Bautry, Sandrine Cattier, Gardabelle, G\u00e9rard Mathie, St\u00e9phane Thabouret, Thomas Spianti, Bruno Louisgrand, Claude Taleigne, Catherine Perrier, Aur\u00e9lie Oddoux, Cl\u00e9mence Bertolini, Emmanuel Spassoff, Pierre Bugnet, Claude Couffin, Gordon War, Colette et David Willims, Caroline Personne, Luc Barioz, Lucie Catsu, C\u00e9line Liger, Anita et Andr\u00e9 Bernard, Denis Guillaume, Charlotte Dutournier, L\u00e9opold Baiwir, Guy Engelmann, St\u00e9phanie Reboullet, Cindy Mollaret, Alban Graniti, Sibylle Chevrier, Sylvie Zammit, Vincent Lalanne, Jean-Christophe Soum-Fontez, Nathalie Magrez, Fran\u00e7ois Nagir, Julie Avrillier et Neko Cacahu\u00e8te.<br \/>\n<\/div>\n","protected":false},"featured_media":7049,"template":"","meta":[],"product_cat":[82,8,17,21],"product_tag":[95,122,119,123],"class_list":["post-951","product","type-product","status-publish","has-post-thumbnail","hentry","product_cat-libel","product_cat-epuises","product_cat-lyon","product_cat-photographie","product_tag-lyon","product_tag-photographie","product_tag-urbanisme","product_tag-ville"],"_links":{"self":[{"href":"https:\/\/www.editions-libel.fr\/maison-edition\/wp-json\/wp\/v2\/product\/951","targetHints":{"allow":["GET"]}}],"collection":[{"href":"https:\/\/www.editions-libel.fr\/maison-edition\/wp-json\/wp\/v2\/product"}],"about":[{"href":"https:\/\/www.editions-libel.fr\/maison-edition\/wp-json\/wp\/v2\/types\/product"}],"wp:featuredmedia":[{"embeddable":true,"href":"https:\/\/www.editions-libel.fr\/maison-edition\/wp-json\/wp\/v2\/media\/7049"}],"wp:attachment":[{"href":"https:\/\/www.editions-libel.fr\/maison-edition\/wp-json\/wp\/v2\/media?parent=951"}],"wp:term":[{"taxonomy":"product_cat","embeddable":true,"href":"https:\/\/www.editions-libel.fr\/maison-edition\/wp-json\/wp\/v2\/product_cat?post=951"},{"taxonomy":"product_tag","embeddable":true,"href":"https:\/\/www.editions-libel.fr\/maison-edition\/wp-json\/wp\/v2\/product_tag?post=951"}],"curies":[{"name":"wp","href":"https:\/\/api.w.org\/{rel}","templated":true}]}}