{"id":945,"date":"2012-11-16T07:21:12","date_gmt":"2012-11-16T06:21:12","guid":{"rendered":"http:\/\/www.editions-libel.fr\/2016\/?post_type=product&#038;p=945"},"modified":"2025-12-12T12:26:43","modified_gmt":"2025-12-12T11:26:43","slug":"malgre-eux-dans-larmee-allemande","status":"publish","type":"product","link":"https:\/\/www.editions-libel.fr\/maison-edition\/boutique\/malgre-eux-dans-larmee-allemande\/","title":{"rendered":"Malgr\u00e9 Eux dans l\u2019arm\u00e9e allemande"},"content":{"rendered":"[vc_row][vc_column][vc_column_text]<span style=\"text-decoration: underline;\"><a href=\"https:\/\/heyzine.com\/flip-book\/78ac059ce2.html\" target=\"_blank\" rel=\"noopener noreferrer\">Feuilleter un extrait<\/a><\/span><br \/>\n<span style=\"text-decoration: underline;\"><a href=\"https:\/\/www.editions-libel.fr\/maison-edition\/wp-content\/uploads\/2015\/10\/PRESSE-MALGREEUX_web.pdf\" target=\"_blank\" rel=\"noopener noreferrer\">Dossier de presse<\/a><\/span><br \/>\n<span style=\"text-decoration: underline;\"><a href=\"https:\/\/www.editions-libel.fr\/maison-edition\/wp-content\/uploads\/2015\/10\/NOTICE_MalgreEux.pdf\" target=\"_blank\" rel=\"noopener noreferrer\">Notice libraire<\/a><\/span>[\/vc_column_text][\/vc_column][\/vc_row]\n","protected":false},"excerpt":{"rendered":"<p><strong>L&rsquo;incorporation de force des Mosellans 1942-1945 <\/strong>[Collectif]<strong><br \/>\n<\/strong>Pendant la Seconde Guerre mondiale, 30 000 Mosellans ont \u00e9t\u00e9 contraints \u00e0 servir dans l\u2019arm\u00e9e allemande, victimes de l\u2019annexion du d\u00e9partement au Reich. Moins connue que le sort des Malgr\u00e9-nous alsaciens, cette histoire cl\u00f4t le cycle consacr\u00e9 \u00e0 la population mosellane pendant la guerre par les Archives de la Moselle.<\/p>\n<div id=\"tab-1446472800539-4-9\" class=\"wpb_tab ui-tabs-panel wpb_ui-tabs-hide vc_clearfix ui-widget-content ui-corner-bottom\" role=\"tabpanel\" aria-labelledby=\"ui-id-4\" aria-hidden=\"false\">\n<div class=\"wpb_text_column wpb_content_element \">\n<div class=\"wpb_wrapper\">\n<p>Ouvrage dirig\u00e9 par <strong>Jean-\u00c9ric Iung, Laurent Kleinhentz, Thierry Mohr, C\u00e9dric Neveu, C\u00e9cile Roger, Alfred Wahl<\/strong> et <strong>Philippe Wilmouth<\/strong>, \u00e0 l\u2019occasion de l\u2019exposition \u00e9ponyme pr\u00e9sent\u00e9e aux <strong>Archives d\u00e9partementales de la Moselle<\/strong>.<\/p>\n<p><em><br \/>\nLes <strong><a href=\"http:\/\/www.archives57.com\/\" target=\"_blank\" rel=\"noopener noreferrer\">Archives d\u00e9partementales de la Moselle<\/a>\u00a0<\/strong>collectent, conservent, classent et communiquent des documents issus de fonds publics et priv\u00e9s. Ces derni\u00e8res ann\u00e9es, elles ont consacr\u00e9 un cycle d\u2019expositions sur la vie des Mosellans pendant la Seconde Guerre mondiale.<\/em><\/p>\n<\/div>\n<\/div>\n<\/div>\n","protected":false},"featured_media":5408,"template":"","meta":[],"product_cat":[82,15,16,23],"product_tag":[132,127,103],"class_list":["post-945","product","type-product","status-publish","has-post-thumbnail","hentry","product_cat-libel","product_cat-histoire","product_cat-histoire-des-conflits","product_cat-regionalisme","product_tag-culture","product_tag-geographie","product_tag-memoire-des-conflits"],"_links":{"self":[{"href":"https:\/\/www.editions-libel.fr\/maison-edition\/wp-json\/wp\/v2\/product\/945","targetHints":{"allow":["GET"]}}],"collection":[{"href":"https:\/\/www.editions-libel.fr\/maison-edition\/wp-json\/wp\/v2\/product"}],"about":[{"href":"https:\/\/www.editions-libel.fr\/maison-edition\/wp-json\/wp\/v2\/types\/product"}],"wp:featuredmedia":[{"embeddable":true,"href":"https:\/\/www.editions-libel.fr\/maison-edition\/wp-json\/wp\/v2\/media\/5408"}],"wp:attachment":[{"href":"https:\/\/www.editions-libel.fr\/maison-edition\/wp-json\/wp\/v2\/media?parent=945"}],"wp:term":[{"taxonomy":"product_cat","embeddable":true,"href":"https:\/\/www.editions-libel.fr\/maison-edition\/wp-json\/wp\/v2\/product_cat?post=945"},{"taxonomy":"product_tag","embeddable":true,"href":"https:\/\/www.editions-libel.fr\/maison-edition\/wp-json\/wp\/v2\/product_tag?post=945"}],"curies":[{"name":"wp","href":"https:\/\/api.w.org\/{rel}","templated":true}]}}