{"id":942,"date":"2012-07-10T13:26:49","date_gmt":"2012-07-10T12:26:49","guid":{"rendered":"http:\/\/www.editions-libel.fr\/2016\/?post_type=product&#038;p=942"},"modified":"2025-12-12T12:29:01","modified_gmt":"2025-12-12T11:29:01","slug":"etat-des-lieux-les-lieux-de-letat","status":"publish","type":"product","link":"https:\/\/www.editions-libel.fr\/maison-edition\/boutique\/etat-des-lieux-les-lieux-de-letat\/","title":{"rendered":"\u00c9tat des lieux, les lieux de l&rsquo;\u00c9tat"},"content":{"rendered":"[vc_row][vc_column][vc_column_text]<span style=\"text-decoration: underline;\"><a href=\"https:\/\/heyzine.com\/flip-book\/d18e55ef31.html\" target=\"_blank\" rel=\"noopener noreferrer\">Feuilleter un extrait<\/a><\/span><br \/>\n<span style=\"text-decoration: underline;\"><a href=\"https:\/\/www.editions-libel.fr\/maison-edition\/wp-content\/uploads\/PRESSE-etatdeslieux.pdf\" target=\"_blank\" rel=\"noopener noreferrer\">Dossier de presse<\/a><\/span><br \/>\n<span style=\"text-decoration: underline;\"><a href=\"https:\/\/www.editions-libel.fr\/maison-edition\/wp-content\/uploads\/notice-etatlieux.pdf\" target=\"_blank\" rel=\"noopener noreferrer\">Notice libraire<\/a><\/span>[\/vc_column_text][\/vc_column][\/vc_row]\n","protected":false},"excerpt":{"rendered":"<div id=\"tab-2c94af60-a783-10\" class=\"wpb_tab ui-tabs-panel wpb_ui-tabs-hide vc_clearfix ui-widget-content ui-corner-bottom\" role=\"tabpanel\" aria-labelledby=\"ui-id-1\" aria-hidden=\"false\">\n<div class=\"wpb_text_column wpb_content_element \">\n<div class=\"wpb_wrapper\"><!-- Bouton Ebook --><br \/>\n<a class=\"ebook\" href=\"https:\/\/www.editions-fablyo.fr\/produit\/etat-des-lieux-les-lieux-de-letat\/\" target=\"_blank\" rel=\"noopener noreferrer\"><img decoding=\"async\" style=\"width: 30px;\" src=\"https:\/\/www.editions-libel.fr\/maison-edition\/picto-fablyo-rose.svg\" \/>Ebook disponible ici<\/a><br \/>\n<!-- \/ Bouton Ebook --><br \/>\n<em>\u00c9tat des lieux, les lieux de l\u2019\u00c9tat<\/em> est une proposition de r\u00e9cit photographique et sociologique. Le photographe David Desaleux a plant\u00e9 son appareil photo dans les locaux de l\u2019ancienne DDE \u00e0 Lyon \u00e0 l\u2019occasion de sa fusion et de son d\u00e9m\u00e9nagement. Dans son sillage, deux sociologues ont recueilli la parole des fonctionnaires. Images et t\u00e9moignages relatent la d\u00e9stabilisation d\u2019un collectif de travail et interrogent l\u2019avenir du service public.<\/div>\n<\/div>\n<\/div>\n","protected":false},"featured_media":6266,"template":"","meta":[],"product_cat":[82,17,21,25],"product_tag":[95,122,96],"class_list":["post-942","product","type-product","status-publish","has-post-thumbnail","hentry","product_cat-libel","product_cat-lyon","product_cat-photographie","product_cat-societe","product_tag-lyon","product_tag-photographie","product_tag-politique"],"_links":{"self":[{"href":"https:\/\/www.editions-libel.fr\/maison-edition\/wp-json\/wp\/v2\/product\/942","targetHints":{"allow":["GET"]}}],"collection":[{"href":"https:\/\/www.editions-libel.fr\/maison-edition\/wp-json\/wp\/v2\/product"}],"about":[{"href":"https:\/\/www.editions-libel.fr\/maison-edition\/wp-json\/wp\/v2\/types\/product"}],"wp:featuredmedia":[{"embeddable":true,"href":"https:\/\/www.editions-libel.fr\/maison-edition\/wp-json\/wp\/v2\/media\/6266"}],"wp:attachment":[{"href":"https:\/\/www.editions-libel.fr\/maison-edition\/wp-json\/wp\/v2\/media?parent=942"}],"wp:term":[{"taxonomy":"product_cat","embeddable":true,"href":"https:\/\/www.editions-libel.fr\/maison-edition\/wp-json\/wp\/v2\/product_cat?post=942"},{"taxonomy":"product_tag","embeddable":true,"href":"https:\/\/www.editions-libel.fr\/maison-edition\/wp-json\/wp\/v2\/product_tag?post=942"}],"curies":[{"name":"wp","href":"https:\/\/api.w.org\/{rel}","templated":true}]}}