{"id":940,"date":"2012-03-24T13:21:16","date_gmt":"2012-03-24T12:21:16","guid":{"rendered":"http:\/\/www.editions-libel.fr\/2016\/?post_type=product&#038;p=940"},"modified":"2025-12-12T12:31:06","modified_gmt":"2025-12-12T11:31:06","slug":"la-colonie-des-enfants-dizieu","status":"publish","type":"product","link":"https:\/\/www.editions-libel.fr\/maison-edition\/boutique\/la-colonie-des-enfants-dizieu\/","title":{"rendered":"La colonie des enfants d&rsquo;Izieu"},"content":{"rendered":"[vc_row][vc_column][vc_column_text]<span style=\"text-decoration: underline;\"><a href=\"https:\/\/heyzine.com\/flip-book\/1fd9b3f848.html\" target=\"_blank\" rel=\"noopener noreferrer\">Feuilleter un extrait<\/a><\/span><br \/>\n<span style=\"text-decoration: underline;\"><a href=\"https:\/\/www.editions-libel.fr\/maison-edition\/wp-content\/uploads\/2015\/10\/PRESSE-IZIEU.pdf\" target=\"_blank\" rel=\"noopener noreferrer\">Dossier de presse<\/a><\/span><br \/>\n<span style=\"text-decoration: underline;\"><a href=\"https:\/\/www.editions-libel.fr\/maison-edition\/wp-content\/uploads\/2015\/10\/notice-izieu.pdf\" target=\"_blank\" rel=\"noopener noreferrer\">Notice libraire<\/a><\/span>[\/vc_column_text][\/vc_column][\/vc_row]\n","protected":false},"excerpt":{"rendered":"<p><strong>1943-1944<br \/>\n<\/strong>Au matin du 6 avril 1944, la Gestapo de Lyon et l\u2019arm\u00e9e allemande raflent les 44 enfants et 7 adultes juifs pr\u00e9sents \u00e0 la colonie d\u2019Izieu. Au sein de ce refuge temporaire, ils r\u00e9apprenaient \u00e0 vivre. L\u2019ensemble exceptionnel de photographies r\u00e9unies ici pour la premi\u00e8re fois t\u00e9moigne de leur histoire commune.<\/p>\n<p><em><br \/>\n<a href=\"http:\/\/www.memorializieu.eu\/souscription\/?page_id=28\" target=\"_blank\" rel=\"noopener noreferrer\"><strong>La Maison d\u2019Izieu \u2013 M\u00e9morial des enfants juifs extermin\u00e9s <\/strong><\/a>propose de d\u00e9couvrir, sur les lieux de vie de la colonie, l\u2019histoire de ses jeunes habitants et celle plus g\u00e9n\u00e9rale de l\u2019exclusion des Juifs en France, de l\u2019internement et de la d\u00e9portation, des proc\u00e8s d\u2019apr\u00e8s-guerre, de la construction de la m\u00e9moire.<\/em><\/p>\n","protected":false},"featured_media":5426,"template":"","meta":[],"product_cat":[82,15,16],"product_tag":[125,126,103,140],"class_list":["post-940","product","type-product","status-publish","has-post-thumbnail","hentry","product_cat-libel","product_cat-histoire","product_cat-histoire-des-conflits","product_tag-communaute","product_tag-france","product_tag-histoire-des-conflits","product_tag-memoire"],"_links":{"self":[{"href":"https:\/\/www.editions-libel.fr\/maison-edition\/wp-json\/wp\/v2\/product\/940","targetHints":{"allow":["GET"]}}],"collection":[{"href":"https:\/\/www.editions-libel.fr\/maison-edition\/wp-json\/wp\/v2\/product"}],"about":[{"href":"https:\/\/www.editions-libel.fr\/maison-edition\/wp-json\/wp\/v2\/types\/product"}],"wp:featuredmedia":[{"embeddable":true,"href":"https:\/\/www.editions-libel.fr\/maison-edition\/wp-json\/wp\/v2\/media\/5426"}],"wp:attachment":[{"href":"https:\/\/www.editions-libel.fr\/maison-edition\/wp-json\/wp\/v2\/media?parent=940"}],"wp:term":[{"taxonomy":"product_cat","embeddable":true,"href":"https:\/\/www.editions-libel.fr\/maison-edition\/wp-json\/wp\/v2\/product_cat?post=940"},{"taxonomy":"product_tag","embeddable":true,"href":"https:\/\/www.editions-libel.fr\/maison-edition\/wp-json\/wp\/v2\/product_tag?post=940"}],"curies":[{"name":"wp","href":"https:\/\/api.w.org\/{rel}","templated":true}]}}