{"id":9358,"date":"2023-06-05T10:05:07","date_gmt":"2023-06-05T08:05:07","guid":{"rendered":"https:\/\/www.editions-libel.fr\/maison-edition\/?post_type=product&#038;p=9358"},"modified":"2025-11-28T16:58:24","modified_gmt":"2025-11-28T15:58:24","slug":"inside-outside-dire-la-prison","status":"publish","type":"product","link":"https:\/\/www.editions-libel.fr\/maison-edition\/boutique\/inside-outside-dire-la-prison\/","title":{"rendered":"Inside Outside"},"content":{"rendered":"[vc_row][vc_column][vc_column_text]<a href=\"https:\/\/heyzine.com\/flip-book\/ab88a07ce7.html\" target=\"_blank\" rel=\"noopener\"><span style=\"text-decoration: underline;\">Feuilleter un extrait<\/span><\/a><br \/>\n<a href=\"https:\/\/www.editions-libel.fr\/maison-edition\/wp-content\/uploads\/2024_DDP-DirelaprisonIO_compressed.pdf\" target=\"_blank\" rel=\"noopener\"><span style=\"text-decoration: underline;\">Dossier de presse<\/span><\/a><br \/>\n<a href=\"https:\/\/www.editions-libel.fr\/maison-edition\/wp-content\/uploads\/NOTICE_LIBEL_INSIDE-OUTSIDE-2.pdf\" target=\"_blank\" rel=\"noopener\"><span style=\"text-decoration: underline;\">Notice libraire<\/span><\/a>[\/vc_column_text][\/vc_column][\/vc_row][vc_row][vc_column][vc_column_text]<a href=\"https:\/\/www.editions-libel.fr\/maison-edition\/2024\/03\/20\/inside-outside-presse\/\" target=\"_blank\" rel=\"noopener\">On en parle<\/a> !<\/p>\n<p><strong>RCF <\/strong>\u2013 Mars 2024 &gt; <a href=\"https:\/\/www.rcf.fr\/actualite\/linvite-de-m-comme-midi-rcf-lyon?episode=463080\" target=\"_blank\" rel=\"noopener\">\u00c9couter le podcast<\/a>.[\/vc_column_text][\/vc_column][\/vc_row]\n","protected":false},"excerpt":{"rendered":"<div id=\"tab-2c94af60-a783-10\" class=\"wpb_tab ui-tabs-panel wpb_ui-tabs-hide vc_clearfix ui-widget-content ui-corner-bottom\" role=\"tabpanel\" aria-labelledby=\"ui-id-1\" aria-hidden=\"false\">\n<div class=\"wpb_text_column wpb_content_element \">\n<div class=\"wpb_wrapper\">\n<p class=\"p1\">InsideOutside est une correspondance photographique autour des cinq sens entre le photographe Bertrand Gaudill\u00e8re et une dizaine de personnes d\u00e9tenues \u00e0 travers le monde. Ce projet est le fruit d\u2019une collaboration entre Prison Insider, plateforme d\u2019information, de comparaison et de t\u00e9moignage sur les prisons dans le monde et le collectif item. Douze photographies issues des travaux du photographe ont \u00e9t\u00e9 s\u00e9lectionn\u00e9es et envoy\u00e9es, une fois par mois, \u00e0 chacun des participants. La personne a r\u00e9agi \u00e0 cette image, depuis son lieu de d\u00e9tention, avec un court texte, de format libre. Prison Insider, par la voix de Clara Grisot, propose douze textes, comme autant de tableaux sur la prison contemporaine \u00e0 l&rsquo;\u00e9chelle mondiale.<\/p>\n<\/div>\n<p><strong>\u00a0<\/strong><\/p>\n<\/div>\n<\/div>\n","protected":false},"featured_media":9015,"template":"","meta":[],"product_cat":[77,82,21,22,25],"product_tag":[117,122,96,135],"class_list":["post-9358","product","type-product","status-publish","has-post-thumbnail","hentry","product_cat-histoire-2","product_cat-libel","product_cat-photographie","product_cat-recit","product_cat-societe","product_tag-art","product_tag-photographie","product_tag-politique","product_tag-violences"],"_links":{"self":[{"href":"https:\/\/www.editions-libel.fr\/maison-edition\/wp-json\/wp\/v2\/product\/9358","targetHints":{"allow":["GET"]}}],"collection":[{"href":"https:\/\/www.editions-libel.fr\/maison-edition\/wp-json\/wp\/v2\/product"}],"about":[{"href":"https:\/\/www.editions-libel.fr\/maison-edition\/wp-json\/wp\/v2\/types\/product"}],"wp:featuredmedia":[{"embeddable":true,"href":"https:\/\/www.editions-libel.fr\/maison-edition\/wp-json\/wp\/v2\/media\/9015"}],"wp:attachment":[{"href":"https:\/\/www.editions-libel.fr\/maison-edition\/wp-json\/wp\/v2\/media?parent=9358"}],"wp:term":[{"taxonomy":"product_cat","embeddable":true,"href":"https:\/\/www.editions-libel.fr\/maison-edition\/wp-json\/wp\/v2\/product_cat?post=9358"},{"taxonomy":"product_tag","embeddable":true,"href":"https:\/\/www.editions-libel.fr\/maison-edition\/wp-json\/wp\/v2\/product_tag?post=9358"}],"curies":[{"name":"wp","href":"https:\/\/api.w.org\/{rel}","templated":true}]}}