{"id":930,"date":"2010-09-10T12:48:14","date_gmt":"2010-09-10T11:48:14","guid":{"rendered":"http:\/\/www.editions-libel.fr\/2016\/?post_type=product&#038;p=930"},"modified":"2025-12-12T16:46:58","modified_gmt":"2025-12-12T15:46:58","slug":"ensemble","status":"publish","type":"product","link":"https:\/\/www.editions-libel.fr\/maison-edition\/boutique\/ensemble\/","title":{"rendered":"Ensemble"},"content":{"rendered":"[vc_row][vc_column][vc_column_text]<span style=\"text-decoration: underline;\"><a href=\"https:\/\/heyzine.com\/flip-book\/6cb1370146.html\" target=\"_blank\" rel=\"noopener noreferrer\">Feuilleter un extrait<\/a><\/span><br \/>\n<span style=\"text-decoration: underline;\"><a href=\"https:\/\/www.editions-libel.fr\/maison-edition\/wp-content\/uploads\/2015\/10\/PRESSE-ENSEMBLE.pdf\" target=\"_blank\" rel=\"noopener noreferrer\">Dossier de presse<\/a><\/span><br \/>\n<span style=\"text-decoration: underline;\"><a href=\"https:\/\/www.editions-libel.fr\/maison-edition\/wp-content\/uploads\/2015\/10\/notice-ensemble.pdf\" target=\"_blank\" rel=\"noopener noreferrer\">Notice libraire<\/a><\/span>[\/vc_column_text][\/vc_column][\/vc_row]\n","protected":false},"excerpt":{"rendered":"<p>Bernard Plossu et sa compagne Fran\u00e7oise Nu\u00f1ez pr\u00e9sentent <em>Ensemble<\/em>. Photographes et voyageurs, ils ont accept\u00e9, dans une recherche sensible de l\u2019autre, d\u2019aller fouiller dans leurs valises d\u2019images respectives. Voyages d\u2019hier, portraits d\u2019ailleurs, les \u0153uvres s\u00e9lectionn\u00e9es nous apportent le monde.<\/p>\n","protected":false},"featured_media":5448,"template":"","meta":[],"product_cat":[82,12,21],"product_tag":[132,122,99,137],"class_list":["post-930","product","type-product","status-publish","has-post-thumbnail","hentry","product_cat-libel","product_cat-art-contemporain","product_cat-photographie","product_tag-culture","product_tag-photographie","product_tag-savoir-faire","product_tag-voyage"],"_links":{"self":[{"href":"https:\/\/www.editions-libel.fr\/maison-edition\/wp-json\/wp\/v2\/product\/930","targetHints":{"allow":["GET"]}}],"collection":[{"href":"https:\/\/www.editions-libel.fr\/maison-edition\/wp-json\/wp\/v2\/product"}],"about":[{"href":"https:\/\/www.editions-libel.fr\/maison-edition\/wp-json\/wp\/v2\/types\/product"}],"wp:featuredmedia":[{"embeddable":true,"href":"https:\/\/www.editions-libel.fr\/maison-edition\/wp-json\/wp\/v2\/media\/5448"}],"wp:attachment":[{"href":"https:\/\/www.editions-libel.fr\/maison-edition\/wp-json\/wp\/v2\/media?parent=930"}],"wp:term":[{"taxonomy":"product_cat","embeddable":true,"href":"https:\/\/www.editions-libel.fr\/maison-edition\/wp-json\/wp\/v2\/product_cat?post=930"},{"taxonomy":"product_tag","embeddable":true,"href":"https:\/\/www.editions-libel.fr\/maison-edition\/wp-json\/wp\/v2\/product_tag?post=930"}],"curies":[{"name":"wp","href":"https:\/\/api.w.org\/{rel}","templated":true}]}}