{"id":929,"date":"2010-03-10T12:45:56","date_gmt":"2010-03-10T11:45:56","guid":{"rendered":"http:\/\/www.editions-libel.fr\/2016\/?post_type=product&#038;p=929"},"modified":"2025-12-12T16:47:37","modified_gmt":"2025-12-12T15:47:37","slug":"seuils","status":"publish","type":"product","link":"https:\/\/www.editions-libel.fr\/maison-edition\/boutique\/seuils\/","title":{"rendered":"Seuils"},"content":{"rendered":"[vc_row][vc_column][vc_column_text]<span style=\"text-decoration: underline;\"><a href=\"https:\/\/heyzine.com\/flip-book\/6063219814.html\" target=\"_blank\" rel=\"noopener noreferrer\">Feuilleter un extrait<\/a><\/span><br \/>\n<span style=\"text-decoration: underline;\"><a href=\"https:\/\/www.editions-libel.fr\/maison-edition\/wp-content\/uploads\/2015\/10\/SEUILS-PRESSE.pdf\" target=\"_blank\" rel=\"noopener noreferrer\">Dossier de presse<\/a><\/span><br \/>\n<span style=\"text-decoration: underline;\"><a href=\"https:\/\/www.editions-libel.fr\/maison-edition\/wp-content\/uploads\/2015\/10\/LIBEL_notice_Seuils.pdf\" target=\"_blank\" rel=\"noopener noreferrer\">Notice libraire<\/a><\/span>[\/vc_column_text][\/vc_column][\/vc_row]\n","protected":false},"excerpt":{"rendered":"<p>Le photographe \u00c9ric Rondepierre utilise des photos prises dans son quotidien et les fait dialoguer avec des sc\u00e8nes extraites du cin\u00e9ma muet. Ses images curieuses et \u00e9tranges font revivre les fant\u00f4mes du cin\u00e9ma au beau milieu de sc\u00e8nes contemporaines.<\/p>\n<p><strong>\u00c9galement disponible : <\/strong><a href=\"https:\/\/www.editions-libel.fr\/maison-edition\/boutique\/seuils-collector\/\" target=\"_blank\" rel=\"noopener noreferrer\"><strong><span style=\"color: #cc0000;\">l&rsquo;\u00e9dition limit\u00e9e <\/span><\/strong>accompagn\u00e9e d\u2019un tirage photographique<\/a><\/p>\n","protected":false},"featured_media":5710,"template":"","meta":[],"product_cat":[71,82,12,21],"product_tag":[117,105,122],"class_list":["post-929","product","type-product","status-publish","has-post-thumbnail","hentry","product_cat-arts","product_cat-libel","product_cat-art-contemporain","product_cat-photographie","product_tag-art","product_tag-cinema","product_tag-photographie"],"_links":{"self":[{"href":"https:\/\/www.editions-libel.fr\/maison-edition\/wp-json\/wp\/v2\/product\/929","targetHints":{"allow":["GET"]}}],"collection":[{"href":"https:\/\/www.editions-libel.fr\/maison-edition\/wp-json\/wp\/v2\/product"}],"about":[{"href":"https:\/\/www.editions-libel.fr\/maison-edition\/wp-json\/wp\/v2\/types\/product"}],"wp:featuredmedia":[{"embeddable":true,"href":"https:\/\/www.editions-libel.fr\/maison-edition\/wp-json\/wp\/v2\/media\/5710"}],"wp:attachment":[{"href":"https:\/\/www.editions-libel.fr\/maison-edition\/wp-json\/wp\/v2\/media?parent=929"}],"wp:term":[{"taxonomy":"product_cat","embeddable":true,"href":"https:\/\/www.editions-libel.fr\/maison-edition\/wp-json\/wp\/v2\/product_cat?post=929"},{"taxonomy":"product_tag","embeddable":true,"href":"https:\/\/www.editions-libel.fr\/maison-edition\/wp-json\/wp\/v2\/product_tag?post=929"}],"curies":[{"name":"wp","href":"https:\/\/api.w.org\/{rel}","templated":true}]}}