{"id":928,"date":"2010-03-01T12:43:59","date_gmt":"2010-03-01T11:43:59","guid":{"rendered":"http:\/\/www.editions-libel.fr\/2016\/?post_type=product&#038;p=928"},"modified":"2025-12-12T16:48:25","modified_gmt":"2025-12-12T15:48:25","slug":"ceci-nest-pas-un-parc","status":"publish","type":"product","link":"https:\/\/www.editions-libel.fr\/maison-edition\/boutique\/ceci-nest-pas-un-parc\/","title":{"rendered":"Ceci n&rsquo;est pas un parc"},"content":{"rendered":"[vc_row][vc_column][vc_column_text]<span style=\"text-decoration: underline;\"><a href=\"https:\/\/heyzine.com\/flip-book\/05e6e4d0fd.html\" target=\"_blank\" rel=\"noopener noreferrer\">Feuilleter un extrait<\/a><\/span><br \/>\n<span style=\"text-decoration: underline;\"><a href=\"https:\/\/www.editions-libel.fr\/maison-edition\/wp-content\/uploads\/LIBEL_LPA_presse.pdf\" target=\"_blank\" rel=\"noopener noreferrer\">Dossier de presse<\/a><\/span><br \/>\n<span style=\"text-decoration: underline;\"><a href=\"https:\/\/www.editions-libel.fr\/maison-edition\/wp-content\/uploads\/2015\/10\/LIBEL_notice_LPA.pdf\" target=\"_blank\" rel=\"noopener noreferrer\">Notice libraire<\/a><\/span>[\/vc_column_text][\/vc_column][\/vc_row]\n","protected":false},"excerpt":{"rendered":"<p><strong>Art &#8211; Architecture &#8211; Design <\/strong>[Collectif]<strong><br \/>\n<\/strong>Qui ignore encore que les sous-sols de l\u2019agglom\u00e9ration lyonnaise abritent un v\u00e9ritable mus\u00e9e d\u2019art contemporain ? Daniel Buren, Fran\u00e7ois Morellet, Georges Adilon, Peter Downsbrough, Marin Kasimir\u2026 Depuis plus de vingt ans, les grands noms de la cr\u00e9ation contemporaine fran\u00e7aise et internationale cr\u00e9ent pour les parkings de la ville.<\/p>\n<p>Ouvrage bilingue<\/p>\n","protected":false},"featured_media":5713,"template":"","meta":[],"product_cat":[71,82,11,12,13,17,43],"product_tag":[144,117,95,123],"class_list":["post-928","product","type-product","status-publish","has-post-thumbnail","hentry","product_cat-arts","product_cat-libel","product_cat-architecture","product_cat-art-contemporain","product_cat-beaux-arts","product_cat-lyon","product_cat-patrimoines","product_tag-anglais","product_tag-art","product_tag-lyon","product_tag-ville"],"_links":{"self":[{"href":"https:\/\/www.editions-libel.fr\/maison-edition\/wp-json\/wp\/v2\/product\/928","targetHints":{"allow":["GET"]}}],"collection":[{"href":"https:\/\/www.editions-libel.fr\/maison-edition\/wp-json\/wp\/v2\/product"}],"about":[{"href":"https:\/\/www.editions-libel.fr\/maison-edition\/wp-json\/wp\/v2\/types\/product"}],"wp:featuredmedia":[{"embeddable":true,"href":"https:\/\/www.editions-libel.fr\/maison-edition\/wp-json\/wp\/v2\/media\/5713"}],"wp:attachment":[{"href":"https:\/\/www.editions-libel.fr\/maison-edition\/wp-json\/wp\/v2\/media?parent=928"}],"wp:term":[{"taxonomy":"product_cat","embeddable":true,"href":"https:\/\/www.editions-libel.fr\/maison-edition\/wp-json\/wp\/v2\/product_cat?post=928"},{"taxonomy":"product_tag","embeddable":true,"href":"https:\/\/www.editions-libel.fr\/maison-edition\/wp-json\/wp\/v2\/product_tag?post=928"}],"curies":[{"name":"wp","href":"https:\/\/api.w.org\/{rel}","templated":true}]}}