{"id":924,"date":"2009-10-25T11:52:58","date_gmt":"2009-10-25T10:52:58","guid":{"rendered":"http:\/\/www.editions-libel.fr\/2016\/?post_type=product&#038;p=924"},"modified":"2025-12-19T10:47:47","modified_gmt":"2025-12-19T09:47:47","slug":"couleur-sepia","status":"publish","type":"product","link":"https:\/\/www.editions-libel.fr\/maison-edition\/boutique\/couleur-sepia\/","title":{"rendered":"Couleur s\u00e9pia"},"content":{"rendered":"[vc_row][vc_column][vc_column_text]<span style=\"text-decoration: underline;\"><a href=\"https:\/\/heyzine.com\/flip-book\/029f9c5afe.html\" target=\"_blank\" rel=\"noopener noreferrer\">Feuilleter un extrait<\/a><\/span><br \/>\n<span style=\"text-decoration: underline;\"><a href=\"http:\/\/dev.editions-libel.fr\/2019\/wp-content\/uploads\/COULEUR-SEPIA-PRESSE.pdf\" target=\"_blank\" rel=\"noopener noreferrer\">Dossier de presse<\/a><\/span><br \/>\n<span style=\"text-decoration: underline;\"><a href=\"http:\/\/dev.editions-libel.fr\/2019\/wp-content\/uploads\/LIBEL_notice_sepia2-1.pdf\" target=\"_blank\" rel=\"noopener noreferrer\">Notice libraire<\/a><\/span>[\/vc_column_text][\/vc_column][\/vc_row]\n","protected":false},"excerpt":{"rendered":"<p><strong>L&rsquo;Is\u00e8re et ses premiers photographes (1840-1880) <\/strong>[Collectif]<strong><br \/>\n<\/strong>D\u00e8s son invention en 1839, la photographie rencontre un succ\u00e8s public consid\u00e9rable. Les communes de l\u2019Is\u00e8re voient ainsi fleurir nombre d\u2019ateliers photographiques o\u00f9 la bourgeoisie ais\u00e9e vient se faire \u00ab\u00a0tirer le portrait\u00a0\u00bb. La photographie is\u00e9roise se distingue aussi par ses vues des paysages de la r\u00e9gion.<\/p>\n<p>Ouvrage dirig\u00e9 par <strong>Isabelle Lazier et Jean-Michel Roux<\/strong> \u00e0 l&rsquo;occasion de l&rsquo;exposition pr\u00e9sent\u00e9e au <strong>Mus\u00e9e de l&rsquo;Ancien \u00c9v\u00each\u00e9 \u00e0 Grenoble<\/strong>.<\/p>\n<p><em>Install\u00e9es dans les murs de l&rsquo;ancien palais des \u00c9v\u00eaques de Grenoble, les riches collections du <a href=\"http:\/\/www.ancien-eveche-isere.fr\/\" target=\"_blank\" rel=\"noopener noreferrer\"><strong>Mus\u00e9e de l\u2019Ancien \u00c9v\u00each\u00e9\u00a0<\/strong><\/a>racontent l\u2019histoire des populations du territoire is\u00e9rois de la Pr\u00e9histoire \u00e0 nos jours.<\/em><\/p>\n","protected":false},"featured_media":5451,"template":"","meta":[],"product_cat":[82,15,21,23],"product_tag":[131,122,99,121],"class_list":["post-924","product","type-product","status-publish","has-post-thumbnail","hentry","product_cat-libel","product_cat-histoire","product_cat-photographie","product_cat-regionalisme","product_tag-musee","product_tag-photographie","product_tag-savoir-faire","product_tag-territoire"],"_links":{"self":[{"href":"https:\/\/www.editions-libel.fr\/maison-edition\/wp-json\/wp\/v2\/product\/924","targetHints":{"allow":["GET"]}}],"collection":[{"href":"https:\/\/www.editions-libel.fr\/maison-edition\/wp-json\/wp\/v2\/product"}],"about":[{"href":"https:\/\/www.editions-libel.fr\/maison-edition\/wp-json\/wp\/v2\/types\/product"}],"wp:featuredmedia":[{"embeddable":true,"href":"https:\/\/www.editions-libel.fr\/maison-edition\/wp-json\/wp\/v2\/media\/5451"}],"wp:attachment":[{"href":"https:\/\/www.editions-libel.fr\/maison-edition\/wp-json\/wp\/v2\/media?parent=924"}],"wp:term":[{"taxonomy":"product_cat","embeddable":true,"href":"https:\/\/www.editions-libel.fr\/maison-edition\/wp-json\/wp\/v2\/product_cat?post=924"},{"taxonomy":"product_tag","embeddable":true,"href":"https:\/\/www.editions-libel.fr\/maison-edition\/wp-json\/wp\/v2\/product_tag?post=924"}],"curies":[{"name":"wp","href":"https:\/\/api.w.org\/{rel}","templated":true}]}}