{"id":923,"date":"2009-10-15T11:51:23","date_gmt":"2009-10-15T10:51:23","guid":{"rendered":"http:\/\/www.editions-libel.fr\/2016\/?post_type=product&#038;p=923"},"modified":"2025-12-19T10:48:54","modified_gmt":"2025-12-19T09:48:54","slug":"inconnues-correziennes","status":"publish","type":"product","link":"https:\/\/www.editions-libel.fr\/maison-edition\/boutique\/inconnues-correziennes\/","title":{"rendered":"Inconnues corr\u00e9ziennes"},"content":{"rendered":"[vc_row][vc_column][vc_column_text]<span style=\"text-decoration: underline;\"><a href=\"https:\/\/heyzine.com\/flip-book\/52a88dacd4.html\" target=\"_blank\" rel=\"noopener noreferrer\">Feuilleter un extrait<\/a><\/span><br \/>\n<span style=\"text-decoration: underline;\"><a href=\"https:\/\/www.editions-libel.fr\/maison-edition\/wp-content\/uploads\/2015\/10\/PRESSE-INCONNUES-CORREZIENNES.pdf\" target=\"_blank\" rel=\"noopener noreferrer\">Dossier de presse<\/a><\/span><br \/>\n<span style=\"text-decoration: underline;\"><a href=\"https:\/\/www.editions-libel.fr\/maison-edition\/wp-content\/uploads\/2015\/10\/NOTICE-inconnues.pdf\" target=\"_blank\" rel=\"noopener noreferrer\">Notice libraire<\/a><\/span>[\/vc_column_text][\/vc_column][\/vc_row]\n","protected":false},"excerpt":{"rendered":"<p><strong>R\u00e9sonances d&rsquo;\u00e9crivains &#8211; Dans le studio Photo-\u00c9clair d&rsquo;Henri Janicot <\/strong>[Collectif]<strong><br \/>\n<\/strong>Les portraits d\u2019Henri Janicot, photographe \u00e0 Tulle entre 1933 et 1971, s\u2019animent sous la plume d\u2019auteurs corr\u00e9ziens \u2013 \u00e9crivains, plasticiens, journalistes, ethnologues ou \u00e9diteurs. Des histoires de femmes, issues des fonds des Archives d\u00e9partementales de la Corr\u00e8ze.<\/p>\n<p><em>Textes de :<\/em><br \/>\n<em>Pierre Bergounioux, Gilberts Bordes, Daniel Borzeix, Jean-Marie Borzeix, Jean-Paul Chavent, Fran\u00e7ois Cogn\u00e9ras, Henri Cueco, Claude Duneton, Marie-Claude Gay, Marie-France Houdart, Jean-Paul Malaval, Richard Millet, Michel Peyramaure, Caroline Sers, Llibert Tarrago, Denis Tillinac, Louis-Olivier Vitt\u00e9<\/em><\/p>\n<p>Ouvrage \u00e9dit\u00e9 en partenariat avec <strong>les Archives d\u00e9partementales de la Corr\u00e8ze.<\/strong><\/p>\n","protected":false},"featured_media":5722,"template":"","meta":[],"product_cat":[71,77,82,70,43,21,22,23],"product_tag":[125,132,111,129,122],"class_list":["post-923","product","type-product","status-publish","has-post-thumbnail","hentry","product_cat-arts","product_cat-histoire-2","product_cat-libel","product_cat-litterature","product_cat-patrimoines","product_cat-photographie","product_cat-recit","product_cat-regionalisme","product_tag-communaute","product_tag-culture","product_tag-histoire","product_tag-metier","product_tag-photographie"],"_links":{"self":[{"href":"https:\/\/www.editions-libel.fr\/maison-edition\/wp-json\/wp\/v2\/product\/923","targetHints":{"allow":["GET"]}}],"collection":[{"href":"https:\/\/www.editions-libel.fr\/maison-edition\/wp-json\/wp\/v2\/product"}],"about":[{"href":"https:\/\/www.editions-libel.fr\/maison-edition\/wp-json\/wp\/v2\/types\/product"}],"wp:featuredmedia":[{"embeddable":true,"href":"https:\/\/www.editions-libel.fr\/maison-edition\/wp-json\/wp\/v2\/media\/5722"}],"wp:attachment":[{"href":"https:\/\/www.editions-libel.fr\/maison-edition\/wp-json\/wp\/v2\/media?parent=923"}],"wp:term":[{"taxonomy":"product_cat","embeddable":true,"href":"https:\/\/www.editions-libel.fr\/maison-edition\/wp-json\/wp\/v2\/product_cat?post=923"},{"taxonomy":"product_tag","embeddable":true,"href":"https:\/\/www.editions-libel.fr\/maison-edition\/wp-json\/wp\/v2\/product_tag?post=923"}],"curies":[{"name":"wp","href":"https:\/\/api.w.org\/{rel}","templated":true}]}}