{"id":922,"date":"2009-10-14T11:50:47","date_gmt":"2009-10-14T10:50:47","guid":{"rendered":"http:\/\/www.editions-libel.fr\/2016\/?post_type=product&#038;p=922"},"modified":"2025-12-12T16:49:15","modified_gmt":"2025-12-12T15:49:15","slug":"un-exil-interieur","status":"publish","type":"product","link":"https:\/\/www.editions-libel.fr\/maison-edition\/boutique\/un-exil-interieur\/","title":{"rendered":"Un exil int\u00e9rieur"},"content":{"rendered":"[vc_row][vc_column][vc_column_text]<span style=\"text-decoration: underline;\"><a href=\"https:\/\/heyzine.com\/flip-book\/d074708f2d.html\" target=\"_blank\" rel=\"noopener noreferrer\">Feuilleter un extrait<\/a><\/span><br \/>\n<span style=\"text-decoration: underline;\"><a href=\"https:\/\/www.editions-libel.fr\/maison-edition\/wp-content\/uploads\/2015\/10\/UN-EXIL-INTERIEUR-PRESSE.pdf\" target=\"_blank\" rel=\"noopener noreferrer\">Dossier de presse<\/a><\/span><br \/>\n<span style=\"text-decoration: underline;\"><a href=\"https:\/\/www.editions-libel.fr\/maison-edition\/wp-content\/uploads\/2015\/10\/LIBEL_notice_Exil.pdf\" target=\"_blank\" rel=\"noopener noreferrer\">Notice libraire<\/a><\/span>[\/vc_column_text][\/vc_column][\/vc_row]\n","protected":false},"excerpt":{"rendered":"<p><strong><span style=\"color: #cc0000;\"><b>\u00c9puis\u00e9<br \/>\n<\/b><\/span><\/strong><strong>L&rsquo;\u00e9vacuation des Mosellans 1939-1940 <\/strong>[Collectif]<strong><br \/>\n<\/strong>D\u00e8s 1939, la Moselle vit l\u2019\u00e9vacuation brutale de pr\u00e8s de 300 000 de ses habitants, sans commune mesure avec l\u2019exode des Fran\u00e7ais d\u2019autres r\u00e9gions. Le premier tome d\u2019un cycle consacr\u00e9 \u00e0 la vie de la population mosellane pendant la Seconde Guerre mondiale par les Archives d\u00e9partementales de la Moselle.<\/p>\n<div id=\"tab-1445519362437-3-10\" class=\"wpb_tab ui-tabs-panel wpb_ui-tabs-hide vc_clearfix ui-widget-content ui-corner-bottom\" role=\"tabpanel\" aria-labelledby=\"ui-id-4\" aria-hidden=\"false\">\n<div class=\"wpb_text_column wpb_content_element \">\n<div class=\"wpb_wrapper\">\n<p>Ouvrage dirig\u00e9 par <strong>Beno\u00eet Charenton, Jean-\u00c9ric Iung et Christine Guth<\/strong> \u00e0 l\u2019occasion de l\u2019exposition \u00e9ponyme pr\u00e9sent\u00e9e aux <strong>Archives d\u00e9partementales de la Moselle<\/strong>.<\/p>\n<p><em><br \/>\n<a href=\"http:\/\/www.archives57.com\/\" target=\"_blank\" rel=\"noopener noreferrer\">Les Archives d\u00e9partementales de la Moselle<\/a>\u00a0collectent, conservent, classent et communiquent des documents issus de fonds publics et priv\u00e9s. Ces derni\u00e8res ann\u00e9es, elles ont consacr\u00e9 un cycle d\u2019expositions sur la vie des Mosellans pendant la Seconde Guerre mondiale.<\/em><\/p>\n<\/div>\n<\/div>\n<\/div>\n","protected":false},"featured_media":6771,"template":"","meta":[],"product_cat":[77,82,8,15,16,43,23],"product_tag":[132,127,103],"class_list":["post-922","product","type-product","status-publish","has-post-thumbnail","hentry","product_cat-histoire-2","product_cat-libel","product_cat-epuises","product_cat-histoire","product_cat-histoire-des-conflits","product_cat-patrimoines","product_cat-regionalisme","product_tag-culture","product_tag-geographie","product_tag-memoire-des-conflits"],"_links":{"self":[{"href":"https:\/\/www.editions-libel.fr\/maison-edition\/wp-json\/wp\/v2\/product\/922","targetHints":{"allow":["GET"]}}],"collection":[{"href":"https:\/\/www.editions-libel.fr\/maison-edition\/wp-json\/wp\/v2\/product"}],"about":[{"href":"https:\/\/www.editions-libel.fr\/maison-edition\/wp-json\/wp\/v2\/types\/product"}],"wp:featuredmedia":[{"embeddable":true,"href":"https:\/\/www.editions-libel.fr\/maison-edition\/wp-json\/wp\/v2\/media\/6771"}],"wp:attachment":[{"href":"https:\/\/www.editions-libel.fr\/maison-edition\/wp-json\/wp\/v2\/media?parent=922"}],"wp:term":[{"taxonomy":"product_cat","embeddable":true,"href":"https:\/\/www.editions-libel.fr\/maison-edition\/wp-json\/wp\/v2\/product_cat?post=922"},{"taxonomy":"product_tag","embeddable":true,"href":"https:\/\/www.editions-libel.fr\/maison-edition\/wp-json\/wp\/v2\/product_tag?post=922"}],"curies":[{"name":"wp","href":"https:\/\/api.w.org\/{rel}","templated":true}]}}