{"id":9039,"date":"2023-04-04T12:34:53","date_gmt":"2023-04-04T10:34:53","guid":{"rendered":"https:\/\/www.editions-libel.fr\/maison-edition\/?post_type=product&#038;p=9039"},"modified":"2025-12-05T13:05:14","modified_gmt":"2025-12-05T12:05:14","slug":"un-arbre-qui-tombe","status":"publish","type":"product","link":"https:\/\/www.editions-libel.fr\/maison-edition\/boutique\/un-arbre-qui-tombe\/","title":{"rendered":"Un arbre qui tombe fait plus de bruit qu&rsquo;une for\u00eat qui pousse"},"content":{"rendered":"[vc_row][vc_column][vc_column_text]<a href=\"https:\/\/heyzine.com\/flip-book\/3d3cb031bf.html\" target=\"_blank\" rel=\"noopener\"><span style=\"text-decoration: underline;\">Feuilleter un extrait<\/span><\/a><br \/>\n<a href=\"https:\/\/www.editions-libel.fr\/maison-edition\/wp-content\/uploads\/DP_LIBEL_UN_ARBRE_QUI_TOMBE_BAT.pdf\" target=\"_blank\" rel=\"noopener\"><span style=\"text-decoration: underline;\">Dossier de presse<\/span><\/a><br \/>\n<a href=\"https:\/\/www.editions-libel.fr\/maison-edition\/wp-content\/uploads\/NOTICE_LIBEL_ARBRE.pdf\" target=\"_blank\" rel=\"noopener\"><span style=\"text-decoration: underline;\">Notice libraire<\/span><\/a>[\/vc_column_text][\/vc_column][\/vc_row]\n","protected":false},"excerpt":{"rendered":"<p><strong><span style=\"color: #cc0000;\">\u00a0<\/span><\/strong><\/p>\n<p class=\"p1\">Cyril Faure questionne la reconstruction d\u2019une famille aujourd\u2019hui compos\u00e9e d\u2019une m\u00e8re et de ses trois enfants apr\u00e8s un deuil, \u00e0 l\u2019aune du monde v\u00e9g\u00e9tal. Pour cela, il a r\u00e9guli\u00e8rement accompagn\u00e9 ce foyer pendant dix-huit mois, puis sollicit\u00e9 le regard de deux scientifiques l\u2019un botaniste et l\u2019autre \u00e9cologue. L\u2019objectif est de tisser des ponts entre ce qu\u2019a v\u00e9cu la famille et les dynamiques d\u2019entraide, de r\u00e9silience, de l\u00e8gue que l\u2019on peut retrouver dans la nature. L\u2019id\u00e9e de ce parall\u00e8le audacieux est devenue une \u00e9vidence au fil du projet. Les \u00e9cosyst\u00e8mes v\u00e9g\u00e9taux sont extraordinaires et nous inspirent par leur capacit\u00e9 \u00e0 perdurer : non seulement ils transmettent les \u00e9l\u00e9ments n\u00e9cessaires \u00e0 la vie et au d\u00e9veloppement des plus jeunes g\u00e9n\u00e9rations, mais aussi ils r\u00e9sistent \u00e0 de multiples perturbations gr\u00e2ce \u00e0 des formes de coop\u00e9ration. In fine, ils disposent d\u2019une r\u00e9silience incroyable leur permettant de revenir \u00e0 un \u00e9tat d\u2019\u00e9quilibre. Ces t\u00e9moignages optimistes croisent l\u2019humain et le v\u00e9g\u00e9tal. Ils questionnent en profondeur la r\u00e9alit\u00e9 familiale.<\/p>\n<p><script src=\"https:\/\/www.kisskissbankbank.com\/fr\/projects\/livre-photo-un-arbre-qui-tombe-fait-plus-de-bruit-qu-une-foret-qui-pousse\/external-banner.js\" type=\"text\/javascript\"><\/script><\/p>\n","protected":false},"featured_media":9252,"template":"","meta":[],"product_cat":[71,82,21],"product_tag":[92,108,122,121],"class_list":["post-9039","product","type-product","status-publish","has-post-thumbnail","hentry","product_cat-arts","product_cat-libel","product_cat-photographie","product_tag-ecologie","product_tag-education","product_tag-photographie","product_tag-territoire"],"_links":{"self":[{"href":"https:\/\/www.editions-libel.fr\/maison-edition\/wp-json\/wp\/v2\/product\/9039","targetHints":{"allow":["GET"]}}],"collection":[{"href":"https:\/\/www.editions-libel.fr\/maison-edition\/wp-json\/wp\/v2\/product"}],"about":[{"href":"https:\/\/www.editions-libel.fr\/maison-edition\/wp-json\/wp\/v2\/types\/product"}],"wp:featuredmedia":[{"embeddable":true,"href":"https:\/\/www.editions-libel.fr\/maison-edition\/wp-json\/wp\/v2\/media\/9252"}],"wp:attachment":[{"href":"https:\/\/www.editions-libel.fr\/maison-edition\/wp-json\/wp\/v2\/media?parent=9039"}],"wp:term":[{"taxonomy":"product_cat","embeddable":true,"href":"https:\/\/www.editions-libel.fr\/maison-edition\/wp-json\/wp\/v2\/product_cat?post=9039"},{"taxonomy":"product_tag","embeddable":true,"href":"https:\/\/www.editions-libel.fr\/maison-edition\/wp-json\/wp\/v2\/product_tag?post=9039"}],"curies":[{"name":"wp","href":"https:\/\/api.w.org\/{rel}","templated":true}]}}