{"id":8972,"date":"2023-03-20T11:09:57","date_gmt":"2023-03-20T10:09:57","guid":{"rendered":"https:\/\/www.editions-libel.fr\/maison-edition\/?post_type=product&#038;p=8972"},"modified":"2026-02-12T10:15:42","modified_gmt":"2026-02-12T09:15:42","slug":"destins-dofficiers","status":"publish","type":"product","link":"https:\/\/www.editions-libel.fr\/maison-edition\/boutique\/destins-dofficiers\/","title":{"rendered":"Destins d&rsquo;officiers"},"content":{"rendered":"[vc_row][vc_column][vc_column_text]<a href=\"https:\/\/heyzine.com\/flip-book\/4697784601.html\" target=\"_blank\" rel=\"noopener\"><span style=\"text-decoration: underline;\">Feuilleter un extrait<\/span><\/a><br \/>\n<a href=\"https:\/\/www.editions-libel.fr\/maison-edition\/wp-content\/uploads\/DP_LIBEL-DESTINS-DOFFICIERS.pdf\" target=\"_blank\" rel=\"noopener\"><span style=\"text-decoration: underline;\">Dossier de presse<\/span><\/a><br \/>\n<a href=\"https:\/\/www.editions-libel.fr\/maison-edition\/wp-content\/uploads\/NOTICE_LIBEL_DESTINS-DOFFICIERS.pdf\" target=\"_blank\" rel=\"noopener\"><span style=\"text-decoration: underline;\">Notice libraire<\/span><\/a>[\/vc_column_text][\/vc_column][\/vc_row]\n","protected":false},"excerpt":{"rendered":"<div id=\"tab-2c94af60-a783-10\" class=\"wpb_tab ui-tabs-panel wpb_ui-tabs-hide vc_clearfix ui-widget-content ui-corner-bottom\" role=\"tabpanel\" aria-labelledby=\"ui-id-1\" aria-hidden=\"false\">\n<div class=\"wpb_text_column wpb_content_element \">\n<div class=\"wpb_wrapper\">\n<p><strong><span style=\"color: #cc0000;\"><b><br \/>\n<\/b><\/span><\/strong><strong><span style=\"color: #000000;\"><b>Quand l&rsquo;objet t\u00e9moigne<\/b><\/span><\/strong><\/p>\n<p class=\"p1\">Les noms des g\u00e9n\u00e9raux Dupas, Dessaix et Chastel sont grav\u00e9s sur les piliers de l\u2019Arc de Triomphe de l\u2019\u00c9toile. Reconnus sous le Premier Empire pour leurs m\u00e9rites militaires et leurs actes h\u00e9ro\u00efques sur le champ de bataille, estim\u00e9s de leurs soldats comme de l\u2019empereur Napol\u00e9on I<sup>er<\/sup>, ils sont pourtant tomb\u00e9s dans l\u2019oubli. M\u00eame en Savoie, dont ils \u00e9taient tous trois originaires, leur souvenir demeure confidentiel. Le mus\u00e9e de la Ville de Thonon-les-Bains conserve un ensemble exceptionnel d\u2019uniformes, d\u2019armes et d\u2019objets ayant appartenu \u00e0 ces trois officiers, n\u00e9s cousins germains, qui avaient commenc\u00e9 leur carri\u00e8re militaire sous la R\u00e9volution fran\u00e7aise au sein de la l\u00e9gion des Allobroges. Le pr\u00e9sent ouvrage propose, en s\u2019appuyant sur l\u2019analyse des \u0153uvres et des objets conserv\u00e9s li\u00e9s \u00e0 ces g\u00e9n\u00e9raux, d\u2019\u00e9voquer leurs parcours et de mettre en valeur leurs qualit\u00e9s de chefs dans l\u2019exercice du commandement, dont les pr\u00e9ceptes constituent, encore aujourd\u2019hui, les fondements du caract\u00e8re moral de l\u2019officier. Un ensemble de notices d\u00e9taill\u00e9es compl\u00e8te cette approche, permettant de d\u00e9couvrir toute la richesse de cette collection mus\u00e9ale in\u00e9dite.<\/p>\n<p class=\"p1\"><em>Aude NICOLAS est docteur en histoire de l\u2019art. Dipl\u00f4m\u00e9e de l\u2019\u00c9cole du Louvre, elle est sp\u00e9cialiste en histoire de l\u2019art du XIX<sup>e<\/sup> si\u00e8cle et en patrimoine et arch\u00e9ologie militaires.<\/em><\/p>\n<\/div>\n<\/div>\n<\/div>\n","protected":false},"featured_media":8973,"template":"","meta":[],"product_cat":[77,82,15,43],"product_tag":[97,111,131,110],"class_list":["post-8972","product","type-product","status-publish","has-post-thumbnail","hentry","product_cat-histoire-2","product_cat-libel","product_cat-histoire","product_cat-patrimoines","product_tag-archeologie","product_tag-histoire","product_tag-musee","product_tag-patrimoine"],"_links":{"self":[{"href":"https:\/\/www.editions-libel.fr\/maison-edition\/wp-json\/wp\/v2\/product\/8972","targetHints":{"allow":["GET"]}}],"collection":[{"href":"https:\/\/www.editions-libel.fr\/maison-edition\/wp-json\/wp\/v2\/product"}],"about":[{"href":"https:\/\/www.editions-libel.fr\/maison-edition\/wp-json\/wp\/v2\/types\/product"}],"wp:featuredmedia":[{"embeddable":true,"href":"https:\/\/www.editions-libel.fr\/maison-edition\/wp-json\/wp\/v2\/media\/8973"}],"wp:attachment":[{"href":"https:\/\/www.editions-libel.fr\/maison-edition\/wp-json\/wp\/v2\/media?parent=8972"}],"wp:term":[{"taxonomy":"product_cat","embeddable":true,"href":"https:\/\/www.editions-libel.fr\/maison-edition\/wp-json\/wp\/v2\/product_cat?post=8972"},{"taxonomy":"product_tag","embeddable":true,"href":"https:\/\/www.editions-libel.fr\/maison-edition\/wp-json\/wp\/v2\/product_tag?post=8972"}],"curies":[{"name":"wp","href":"https:\/\/api.w.org\/{rel}","templated":true}]}}