{"id":8741,"date":"2022-11-16T10:28:12","date_gmt":"2022-11-16T09:28:12","guid":{"rendered":"https:\/\/www.editions-libel.fr\/maison-edition\/?post_type=product&#038;p=8741"},"modified":"2025-12-05T14:13:23","modified_gmt":"2025-12-05T13:13:23","slug":"lettre-de-loin","status":"publish","type":"product","link":"https:\/\/www.editions-libel.fr\/maison-edition\/boutique\/lettre-de-loin\/","title":{"rendered":"Lettre de loin"},"content":{"rendered":"[vc_row][vc_column][vc_column_text]<a href=\"https:\/\/heyzine.com\/flip-book\/0c18c10416.html\" target=\"_blank\" rel=\"noopener\"><span style=\"text-decoration: underline;\">F<\/span><span style=\"text-decoration: underline;\">euilleter un extrait<\/span><\/a><br \/>\n<a href=\"https:\/\/www.editions-libel.fr\/maison-edition\/wp-content\/uploads\/DP_LIBEL-LETTRE-DE-LOIN.pdf\" target=\"_blank\" rel=\"noopener\"><span style=\"text-decoration: underline;\">Dossier de presse<\/span><\/a><br \/>\n<a href=\"https:\/\/www.editions-libel.fr\/maison-edition\/wp-content\/uploads\/NOTICE_LIBEL_LETTRE-DE-LOIN-OK.pdf\" target=\"_blank\" rel=\"noopener\"><span style=\"text-decoration: underline;\">N<\/span><span style=\"text-decoration: underline;\">otice libraire<\/span><\/a>[\/vc_column_text][\/vc_column][\/vc_row]\n","protected":false},"excerpt":{"rendered":"<div id=\"tab-2c94af60-a783-10\" class=\"wpb_tab ui-tabs-panel wpb_ui-tabs-hide vc_clearfix ui-widget-content ui-corner-bottom\" role=\"tabpanel\" aria-labelledby=\"ui-id-1\" aria-hidden=\"false\">\n<div class=\"wpb_text_column wpb_content_element \">\n<div class=\"wpb_wrapper\">\n<h5><strong>Comment Lyon s&rsquo;\u00e9loigne<\/strong><b><\/b><\/h5>\n<p class=\"p1\">Les villes changent et Lyon n\u2019est pas le m\u00eame d\u2019un si\u00e8cle \u00e0 l\u2019autre. \u00c0 une ville du travail, lente et insoucieuse des jugements port\u00e9s sur ses apparences, a succ\u00e9d\u00e9, de fa\u00e7on acc\u00e9l\u00e9r\u00e9e au cours des deux derni\u00e8res d\u00e9cennies, une ville qui s\u2019expose, exclut ses classes populaires et o\u00f9 l\u2019argent, qui se devait de ne pas para\u00eetre, s\u2019est fait aussi arrogant qu\u2019ailleurs. De la condamnation des traboules au destin de l\u2019h\u00f4pital de l\u2019H\u00f4tel-Dieu, les t\u00e9moignages d\u2019un cours nouveau abondent. C\u2019est quelques-uns de ces aspects que cette <i>Lettre de loin<\/i> s\u2019emploie \u00e0 d\u00e9crire, sensible \u00e0 ce que Lyon offre toujours, mais alert\u00e9e par ce qui s\u2019y d\u00e9robe, \u00e0 la recherche des facteurs \u00e0 l\u2019\u0153uvre et de leur traduction sociale et politique, guid\u00e9e par l\u2019hypoth\u00e8se m\u00e9lancolique qu\u2019une forme s\u00e9culaire de culture urbaine touche peut-\u00eatre \u00e0 sa fin.<\/p>\n<\/div>\n<\/div>\n<\/div>\n","protected":false},"featured_media":8769,"template":"","meta":[],"product_cat":[77,82,70,15,17,43,22,25,26],"product_tag":[120,125,111,95,96,119],"class_list":["post-8741","product","type-product","status-publish","has-post-thumbnail","hentry","product_cat-histoire-2","product_cat-libel","product_cat-litterature","product_cat-histoire","product_cat-lyon","product_cat-patrimoines","product_cat-recit","product_cat-societe","product_cat-urbanisme","product_tag-amenagement","product_tag-communaute","product_tag-histoire","product_tag-lyon","product_tag-politique","product_tag-urbanisme"],"_links":{"self":[{"href":"https:\/\/www.editions-libel.fr\/maison-edition\/wp-json\/wp\/v2\/product\/8741","targetHints":{"allow":["GET"]}}],"collection":[{"href":"https:\/\/www.editions-libel.fr\/maison-edition\/wp-json\/wp\/v2\/product"}],"about":[{"href":"https:\/\/www.editions-libel.fr\/maison-edition\/wp-json\/wp\/v2\/types\/product"}],"wp:featuredmedia":[{"embeddable":true,"href":"https:\/\/www.editions-libel.fr\/maison-edition\/wp-json\/wp\/v2\/media\/8769"}],"wp:attachment":[{"href":"https:\/\/www.editions-libel.fr\/maison-edition\/wp-json\/wp\/v2\/media?parent=8741"}],"wp:term":[{"taxonomy":"product_cat","embeddable":true,"href":"https:\/\/www.editions-libel.fr\/maison-edition\/wp-json\/wp\/v2\/product_cat?post=8741"},{"taxonomy":"product_tag","embeddable":true,"href":"https:\/\/www.editions-libel.fr\/maison-edition\/wp-json\/wp\/v2\/product_tag?post=8741"}],"curies":[{"name":"wp","href":"https:\/\/api.w.org\/{rel}","templated":true}]}}