{"id":8698,"date":"2022-11-08T11:51:08","date_gmt":"2022-11-08T10:51:08","guid":{"rendered":"https:\/\/www.editions-libel.fr\/maison-edition\/?post_type=product&#038;p=8698"},"modified":"2025-12-05T14:18:28","modified_gmt":"2025-12-05T13:18:28","slug":"aralis","status":"publish","type":"product","link":"https:\/\/www.editions-libel.fr\/maison-edition\/boutique\/aralis\/","title":{"rendered":"Aralis"},"content":{"rendered":"[vc_row][vc_column][vc_column_text]<a href=\"https:\/\/heyzine.com\/flip-book\/4f5056559a.html\" target=\"_blank\" rel=\"noopener\"><span style=\"text-decoration: underline;\">F<\/span><span style=\"text-decoration: underline;\">euilleter un extrait<\/span><\/a><br \/>\n<a href=\"https:\/\/www.editions-libel.fr\/maison-edition\/wp-content\/uploads\/DP_LIBEL_ARALIS-BD.pdf\" target=\"_blank\" rel=\"noopener\"><span style=\"text-decoration: underline;\">Dossier de presse<\/span><\/a><br \/>\n<a href=\"https:\/\/www.editions-libel.fr\/maison-edition\/wp-content\/uploads\/NOTICE_LIBEL_ARALIS-1.pdf\" target=\"_blank\" rel=\"noopener\"><span style=\"text-decoration: underline;\">N<\/span><span style=\"text-decoration: underline;\">otice libraire<\/span><\/a>[\/vc_column_text][\/vc_column][\/vc_row]\n","protected":false},"excerpt":{"rendered":"<div id=\"tab-2c94af60-a783-10\" class=\"wpb_tab ui-tabs-panel wpb_ui-tabs-hide vc_clearfix ui-widget-content ui-corner-bottom\" role=\"tabpanel\" aria-labelledby=\"ui-id-1\" aria-hidden=\"false\">\n<div class=\"wpb_text_column wpb_content_element \">\n<div class=\"wpb_wrapper\">\n<h5><strong>Du mod\u00e8le colonial au logement accompagn\u00e9<\/strong><b><\/b><\/h5>\n<p>La fondation Aralis exerce un triple m\u00e9tier consistant \u00e0 produire et g\u00e9rer des logements temporaires dans les m\u00e9tropoles lyonnaise et st\u00e9phanoise, et \u00e0 accompagner socialement les personnes en situations pr\u00e9caires qu\u2019elle loge. Cet organisme est n\u00e9 en 1951-52, en plein contexte colonial, sous le nom de Maison de l\u2019Afrique du Nord (MAN), initialement pour accueillir et loger des travailleurs alg\u00e9riens. \u00c0 l\u2019occasion des soixante-dix ann\u00e9es d\u2019existence d\u2019Aralis, cet ouvrage propose un r\u00e9cit de l\u2019histoire longue et des transformations d\u2019un organisme local de logements. Il montre d\u2019abord comment la gestion coloniale alg\u00e9rienne, rapatri\u00e9e dans la m\u00e9tropole, a constitu\u00e9 une matrice \u00e0 disposition pour la MAN. Il d\u00e9crypte ensuite la fa\u00e7on dont le mod\u00e8le colonial initial s\u2019est transform\u00e9, sous les effets conjoints tant de l\u2019accueil de nouveaux publics que de nouveaux mod\u00e8les urbains de logements. Il insiste enfin sur la professionnalisation progressive des personnels comme levier permanent de transformations pour inscrire Aralis dans le champ du logement accompagn\u00e9.<\/p>\n<p>&nbsp;<\/p>\n<p><strong><em>\u00a0<\/em><\/strong><\/p>\n<\/div>\n<\/div>\n<\/div>\n","protected":false},"featured_media":8700,"template":"","meta":[],"product_cat":[77,82,15,17,43,25],"product_tag":[120,125,111,95,96,119],"class_list":["post-8698","product","type-product","status-publish","has-post-thumbnail","hentry","product_cat-histoire-2","product_cat-libel","product_cat-histoire","product_cat-lyon","product_cat-patrimoines","product_cat-societe","product_tag-amenagement","product_tag-communaute","product_tag-histoire","product_tag-lyon","product_tag-politique","product_tag-urbanisme"],"_links":{"self":[{"href":"https:\/\/www.editions-libel.fr\/maison-edition\/wp-json\/wp\/v2\/product\/8698","targetHints":{"allow":["GET"]}}],"collection":[{"href":"https:\/\/www.editions-libel.fr\/maison-edition\/wp-json\/wp\/v2\/product"}],"about":[{"href":"https:\/\/www.editions-libel.fr\/maison-edition\/wp-json\/wp\/v2\/types\/product"}],"wp:featuredmedia":[{"embeddable":true,"href":"https:\/\/www.editions-libel.fr\/maison-edition\/wp-json\/wp\/v2\/media\/8700"}],"wp:attachment":[{"href":"https:\/\/www.editions-libel.fr\/maison-edition\/wp-json\/wp\/v2\/media?parent=8698"}],"wp:term":[{"taxonomy":"product_cat","embeddable":true,"href":"https:\/\/www.editions-libel.fr\/maison-edition\/wp-json\/wp\/v2\/product_cat?post=8698"},{"taxonomy":"product_tag","embeddable":true,"href":"https:\/\/www.editions-libel.fr\/maison-edition\/wp-json\/wp\/v2\/product_tag?post=8698"}],"curies":[{"name":"wp","href":"https:\/\/api.w.org\/{rel}","templated":true}]}}