{"id":8666,"date":"2022-10-21T17:16:06","date_gmt":"2022-10-21T15:16:06","guid":{"rendered":"https:\/\/www.editions-libel.fr\/maison-edition\/?post_type=product&#038;p=8666"},"modified":"2025-12-05T14:20:36","modified_gmt":"2025-12-05T13:20:36","slug":"la-duchere","status":"publish","type":"product","link":"https:\/\/www.editions-libel.fr\/maison-edition\/boutique\/la-duchere\/","title":{"rendered":"La Duch\u00e8re"},"content":{"rendered":"[vc_row][vc_column][vc_column_text]<span style=\"text-decoration: underline;\"><a href=\"https:\/\/heyzine.com\/flip-book\/bb28c218ab.html\" target=\"_blank\" rel=\"noopener\">Feuilleter un extrait<\/a><\/span><br \/>\n<span style=\"text-decoration: underline;\"><a href=\"https:\/\/www.editions-libel.fr\/maison-edition\/wp-content\/uploads\/DP_LIBEL-DUCHERE.pdf\" target=\"_blank\" rel=\"noopener\">Dossier de presse<\/a><\/span><br \/>\n<span style=\"text-decoration: underline;\"><a href=\"https:\/\/www.editions-libel.fr\/maison-edition\/wp-content\/uploads\/NOTICE_LIBEL_LA-DUCHERE.pdf\" target=\"_blank\" rel=\"noopener\">Notice libraire<\/a><br \/>\n<a href=\"https:\/\/www.editions-libel.fr\/maison-edition\/2023\/01\/23\/la-duchere-une-histoire-au-futur\/\">Presse<\/a><br \/>\n<\/span>[\/vc_column_text][\/vc_column][\/vc_row]\n","protected":false},"excerpt":{"rendered":"<div id=\"tab-2c94af60-a783-10\" class=\"wpb_tab ui-tabs-panel wpb_ui-tabs-hide vc_clearfix ui-widget-content ui-corner-bottom\" role=\"tabpanel\" aria-labelledby=\"ui-id-1\" aria-hidden=\"false\">\n<div class=\"wpb_text_column wpb_content_element \">\n<div class=\"wpb_wrapper\">\n<h5><strong>Une histoire au futur<br \/>\n<\/strong><\/h5>\n<h5><strong><span style=\"color: #ff0000;\"><b>Prix Citoyens du Patrimoine \/ Ville de Lyon &#8211; Coup de c\u0153ur du Jury !<br \/>\n<\/b><\/span><\/strong><\/h5>\n<p>Le quartier de la Duch\u00e8re a connu une m\u00e9tamorphose spectaculaire \u00e0 la fin des ann\u00e9es 1950 par la construction de l\u2019un des grands ensembles les plus embl\u00e9matiques de la cit\u00e9 rhodanienne. Cette vaste op\u00e9ration urbaine de plus de cinq mille logements, con\u00e7ue sous la direction des architectes Fran\u00e7ois-R\u00e9gis Cottin et Franck Grimal, s\u2019impose comme l\u2019un des champs d\u2019exp\u00e9rimentation privil\u00e9gi\u00e9s de l\u2019urbanisme et de l\u2019architecture contemporains. Apr\u00e8s une phase de d\u00e9clin, les pouvoirs publics se sont employ\u00e9s, \u00e0 l\u2019aube du troisi\u00e8me mill\u00e9naire, \u00e0 transformer durablement la Duch\u00e8re pour lui forger un nouvel avenir autour d\u2019un grand projet de ville qui a mobilis\u00e9, aux c\u00f4t\u00e9s des habitants, une multitude d\u2019acteurs.<\/p>\n<p>Cet ouvrage rend compte de cette histoire singuli\u00e8re en s\u2019appuyant sur des sources in\u00e9dites et la m\u00e9moire de nombreux acteurs de la m\u00e9tamorphose de la troisi\u00e8me colline de Lyon.<\/p>\n<p>&nbsp;<\/p>\n<p><strong><em>\u00a0<\/em><\/strong><\/p>\n<\/div>\n<\/div>\n<\/div>\n","protected":false},"featured_media":8656,"template":"","meta":[],"product_cat":[71,82,11,17,43,23,25,26],"product_tag":[120,97,95,96,119,123],"class_list":["post-8666","product","type-product","status-publish","has-post-thumbnail","hentry","product_cat-arts","product_cat-libel","product_cat-architecture","product_cat-lyon","product_cat-patrimoines","product_cat-regionalisme","product_cat-societe","product_cat-urbanisme","product_tag-amenagement","product_tag-archeologie","product_tag-lyon","product_tag-politique","product_tag-urbanisme","product_tag-ville"],"_links":{"self":[{"href":"https:\/\/www.editions-libel.fr\/maison-edition\/wp-json\/wp\/v2\/product\/8666","targetHints":{"allow":["GET"]}}],"collection":[{"href":"https:\/\/www.editions-libel.fr\/maison-edition\/wp-json\/wp\/v2\/product"}],"about":[{"href":"https:\/\/www.editions-libel.fr\/maison-edition\/wp-json\/wp\/v2\/types\/product"}],"wp:featuredmedia":[{"embeddable":true,"href":"https:\/\/www.editions-libel.fr\/maison-edition\/wp-json\/wp\/v2\/media\/8656"}],"wp:attachment":[{"href":"https:\/\/www.editions-libel.fr\/maison-edition\/wp-json\/wp\/v2\/media?parent=8666"}],"wp:term":[{"taxonomy":"product_cat","embeddable":true,"href":"https:\/\/www.editions-libel.fr\/maison-edition\/wp-json\/wp\/v2\/product_cat?post=8666"},{"taxonomy":"product_tag","embeddable":true,"href":"https:\/\/www.editions-libel.fr\/maison-edition\/wp-json\/wp\/v2\/product_tag?post=8666"}],"curies":[{"name":"wp","href":"https:\/\/api.w.org\/{rel}","templated":true}]}}