{"id":8641,"date":"2022-10-19T11:21:15","date_gmt":"2022-10-19T09:21:15","guid":{"rendered":"https:\/\/www.editions-libel.fr\/maison-edition\/?post_type=product&#038;p=8641"},"modified":"2026-04-08T12:28:43","modified_gmt":"2026-04-08T10:28:43","slug":"le-cri-de-la-meute","status":"publish","type":"product","link":"https:\/\/www.editions-libel.fr\/maison-edition\/boutique\/le-cri-de-la-meute\/","title":{"rendered":"Le cri de la meute"},"content":{"rendered":"[vc_row][vc_column][vc_column_text]<a href=\"https:\/\/heyzine.com\/flip-book\/4f2db232d2.html\" target=\"_blank\" rel=\"noopener noreferrer\"><span style=\"text-decoration: underline;\">F<\/span><span style=\"text-decoration: underline;\">euilleter un extrait<\/span><\/a><br \/>\n<a href=\"https:\/\/www.editions-libel.fr\/maison-edition\/wp-content\/uploads\/DP_LIBEL-LE-CRI-DE-LA-MEUTE-2.pdf\" target=\"_blank\" rel=\"noopener\"><span style=\"text-decoration: underline;\">Dossier de presse<\/span><\/a><br \/>\n<a href=\"https:\/\/www.editions-libel.fr\/maison-edition\/wp-content\/uploads\/NOTICE_LIBEL_ADDR2.pdf\" target=\"_blank\" rel=\"noopener\"><span style=\"text-decoration: underline;\">N<\/span><span style=\"text-decoration: underline;\">otice libraire<\/span><\/a>[\/vc_column_text][\/vc_column][\/vc_row][vc_row][vc_column][\/vc_column][\/vc_row]\n","protected":false},"excerpt":{"rendered":"<p><a class=\"ebook\" href=\"https:\/\/www.editions-fablyo.fr\/produit\/le-cri-de-la-meute\/\" target=\"_blank\" rel=\"noopener noreferrer\"><img decoding=\"async\" style=\"width: 30px;\" src=\"https:\/\/www.editions-libel.fr\/maison-edition\/picto-fablyo-rose.svg\" \/>Ebook disponible ici<\/a><\/p>\n<div id=\"tab-2c94af60-a783-10\" class=\"wpb_tab ui-tabs-panel wpb_ui-tabs-hide vc_clearfix ui-widget-content ui-corner-bottom\" role=\"tabpanel\" aria-labelledby=\"ui-id-1\" aria-hidden=\"false\">\n<div class=\"wpb_text_column wpb_content_element \">\n<div class=\"wpb_wrapper\">\n<p><strong>1789-1792<\/strong><\/p>\n<p>Lyon, 1789. Chass\u00e9 de son foyer et de sa ville, Jacques se voit confi\u00e9 \u00e0 la f\u00e9rocit\u00e9 proverbiale du seigneur Dumontet, s\u00e9vissant dans les monts d\u2019Or. En ne retenant que le meilleur de l\u2019ancien gouverneur du S\u00e9n\u00e9gal, le jeune homme se fera une place \u00e0 ses c\u00f4t\u00e9s, l\u2019entra\u00eenant \u00e0 vivre les derniers soubresauts de l\u2019Ancien R\u00e9gime dans la seconde ville du royaume. Tiraill\u00e9 entre ses origines paysannes et la bourgeoisie qu\u2019il a c\u00f4toy\u00e9e durant son apprentissage dans la Grande Fabrique, Jacques sera un acteur prudent des premiers grands \u00e9v\u00e9nements de la R\u00e9volution. Du moins jusqu\u2019au moment o\u00f9 ceux qu\u2019il aime seront emport\u00e9s par la tourmente, le poussant beaucoup plus loin qu\u2019il n\u2019aurait imagin\u00e9\u2026<\/p>\n<p>Apr\u00e8s <em>Au<\/em><em>-dessus des regrets<\/em> (1783-1789), premi\u00e8re p\u00e9riode d\u2019une saga sur fond d\u2019Ancien R\u00e9gime et de Grande Fabrique lyonnaise, Xavier Raynal ajoute encore des nuances \u00e0 sa palette et livre un r\u00e9cit aux couleurs inattendues. Embrasements r\u00e9volutionnaires et moiteurs africaines sont d\u00e9sormais au c\u0153ur des aventures, violentes et inexorables, de son h\u00e9ros.<strong><br \/>\n<\/strong><\/p>\n<p><span style=\"color: #ff9900;\"><strong>\u00c9galement disponible :<\/strong><\/span> <em><a href=\"https:\/\/www.editions-libel.fr\/maison-edition\/boutique\/au-dessus-des-regrets\/\">Au-dessus des regrets<\/a><\/em>, <em><a href=\"https:\/\/www.editions-libel.fr\/maison-edition\/boutique\/et-la-foudre-devint-rouge\/\">Et la foudre devint rouge<\/a><\/em><\/p>\n<p><em>Cet ouvrage a \u00e9t\u00e9 publi\u00e9 avec le soutien de la R\u00e9gion Auvergne-Rh\u00f4ne-Alpes<\/em><\/p>\n<\/div>\n<\/div>\n<\/div>\n","protected":false},"featured_media":8748,"template":"","meta":[],"product_cat":[77,82,70,15,17,43,23,25],"product_tag":[111,95,110,133],"class_list":["post-8641","product","type-product","status-publish","has-post-thumbnail","hentry","product_cat-histoire-2","product_cat-libel","product_cat-litterature","product_cat-histoire","product_cat-lyon","product_cat-patrimoines","product_cat-regionalisme","product_cat-societe","product_tag-histoire","product_tag-lyon","product_tag-patrimoine","product_tag-roman"],"_links":{"self":[{"href":"https:\/\/www.editions-libel.fr\/maison-edition\/wp-json\/wp\/v2\/product\/8641","targetHints":{"allow":["GET"]}}],"collection":[{"href":"https:\/\/www.editions-libel.fr\/maison-edition\/wp-json\/wp\/v2\/product"}],"about":[{"href":"https:\/\/www.editions-libel.fr\/maison-edition\/wp-json\/wp\/v2\/types\/product"}],"wp:featuredmedia":[{"embeddable":true,"href":"https:\/\/www.editions-libel.fr\/maison-edition\/wp-json\/wp\/v2\/media\/8748"}],"wp:attachment":[{"href":"https:\/\/www.editions-libel.fr\/maison-edition\/wp-json\/wp\/v2\/media?parent=8641"}],"wp:term":[{"taxonomy":"product_cat","embeddable":true,"href":"https:\/\/www.editions-libel.fr\/maison-edition\/wp-json\/wp\/v2\/product_cat?post=8641"},{"taxonomy":"product_tag","embeddable":true,"href":"https:\/\/www.editions-libel.fr\/maison-edition\/wp-json\/wp\/v2\/product_tag?post=8641"}],"curies":[{"name":"wp","href":"https:\/\/api.w.org\/{rel}","templated":true}]}}