{"id":8589,"date":"2022-09-27T16:13:46","date_gmt":"2022-09-27T14:13:46","guid":{"rendered":"https:\/\/www.editions-libel.fr\/maison-edition\/?post_type=product&#038;p=8589"},"modified":"2025-12-05T14:31:08","modified_gmt":"2025-12-05T13:31:08","slug":"inventaire-edition-limitee","status":"publish","type":"product","link":"https:\/\/www.editions-libel.fr\/maison-edition\/boutique\/inventaire-edition-limitee\/","title":{"rendered":"Inventaire &#8211; \u00c9dition limit\u00e9e"},"content":{"rendered":"[vc_row][vc_column][vc_column_text]<span style=\"text-decoration: underline;\"><a href=\"https:\/\/heyzine.com\/flip-book\/72a77bc6a0.html\" target=\"_blank\" rel=\"noopener\">Feuilleter un extrait<\/a><\/span><br \/>\n<a href=\"https:\/\/www.editions-libel.fr\/maison-edition\/wp-content\/uploads\/DP_LIBEL-INVENTAIRE-OK.pdf\" target=\"_blank\" rel=\"noopener\"><span style=\"text-decoration: underline;\">Dossier de presse<\/span><\/a><br \/>\n<span style=\"text-decoration: underline;\"><a href=\"https:\/\/www.editions-libel.fr\/maison-edition\/wp-content\/uploads\/NOTICE_LIBEL_INVENTAIRE.pdf\" target=\"_blank\" rel=\"noopener\">Notice libraire<\/a><\/span>[\/vc_column_text][\/vc_column][\/vc_row]\n","protected":false},"excerpt":{"rendered":"<div id=\"tab-2c94af60-a783-10\" class=\"wpb_tab ui-tabs-panel wpb_ui-tabs-hide vc_clearfix ui-widget-content ui-corner-bottom\" role=\"tabpanel\" aria-labelledby=\"ui-id-1\" aria-hidden=\"false\">\n<div class=\"wpb_text_column wpb_content_element \">\n<div class=\"wpb_wrapper\">\n<p><span style=\"color: #ff0000;\"><strong><b>\u00c9dition limit\u00e9e, num\u00e9rot\u00e9e, sign\u00e9e et accompagn\u00e9e d&rsquo;une gravure originale<\/b><\/strong><\/span><strong><br \/>\n<\/strong><\/p>\n<p>Apr\u00e8s<em> Eaux fortes<\/em>, publi\u00e9 fin 2018 et aujourd\u2019hui \u00e9puis\u00e9, les \u00e9ditions Libel publient <em>Inventaire<\/em>, du graveur Philippe Tardy \u2013 en privil\u00e9giant cette fois l\u2019intime et le petit format. L\u2019ouvrage, v\u00e9ritable \u00ab livre d\u2019artiste \u00bb, sign\u00e9 de la main de l\u2019auteur et riche d\u2019une iconographie exceptionnelle, propose un voyage dans son univers foisonnant et prot\u00e9iforme. Il est pr\u00e9fac\u00e9 par l\u2019\u00e9crivain Jean-Yves Loude, voyageur devant l\u2019\u00c9ternel et grand amateur de propositions artistiques modestes et g\u00e9niales\u2026<\/p>\n<p><strong>40 exemplaires de t\u00eate ont \u00e9t\u00e9 tir\u00e9s pour c\u00e9l\u00e9brer l\u2019\u00e9dition de ce livre d\u2019artiste. Num\u00e9rot\u00e9s et sign\u00e9s par l&rsquo;auteur, ces exemplaires sont accompagn\u00e9s d\u2019une eau-forte originale de Philippe Tardy, \u201cSanary\u201d.<\/strong><\/p>\n<p><b><span style=\"color: #ff9900;\"><strong>\u00c9galement disponible :<\/strong><\/span>\u00a0<\/b><a href=\"https:\/\/www.editions-libel.fr\/maison-edition\/boutique\/inventaire\/\">l&rsquo;\u00e9dition classique du livre <strong><em>Inventaire<\/em><\/strong><\/a><\/p>\n<\/div>\n<\/div>\n<\/div>\n","protected":false},"featured_media":8569,"template":"","meta":[],"product_cat":[71,85,82,9,12,13],"product_tag":[117,95,137],"class_list":["post-8589","product","type-product","status-publish","has-post-thumbnail","hentry","product_cat-arts","product_cat-editions-limitees","product_cat-libel","product_cat-series-limitees","product_cat-art-contemporain","product_cat-beaux-arts","product_tag-art","product_tag-lyon","product_tag-voyage"],"_links":{"self":[{"href":"https:\/\/www.editions-libel.fr\/maison-edition\/wp-json\/wp\/v2\/product\/8589","targetHints":{"allow":["GET"]}}],"collection":[{"href":"https:\/\/www.editions-libel.fr\/maison-edition\/wp-json\/wp\/v2\/product"}],"about":[{"href":"https:\/\/www.editions-libel.fr\/maison-edition\/wp-json\/wp\/v2\/types\/product"}],"wp:featuredmedia":[{"embeddable":true,"href":"https:\/\/www.editions-libel.fr\/maison-edition\/wp-json\/wp\/v2\/media\/8569"}],"wp:attachment":[{"href":"https:\/\/www.editions-libel.fr\/maison-edition\/wp-json\/wp\/v2\/media?parent=8589"}],"wp:term":[{"taxonomy":"product_cat","embeddable":true,"href":"https:\/\/www.editions-libel.fr\/maison-edition\/wp-json\/wp\/v2\/product_cat?post=8589"},{"taxonomy":"product_tag","embeddable":true,"href":"https:\/\/www.editions-libel.fr\/maison-edition\/wp-json\/wp\/v2\/product_tag?post=8589"}],"curies":[{"name":"wp","href":"https:\/\/api.w.org\/{rel}","templated":true}]}}