{"id":8413,"date":"2022-06-27T11:04:13","date_gmt":"2022-06-27T09:04:13","guid":{"rendered":"https:\/\/www.editions-libel.fr\/maison-edition\/?post_type=product&#038;p=8413"},"modified":"2025-12-05T14:37:44","modified_gmt":"2025-12-05T13:37:44","slug":"la-revolte-des-canuts","status":"publish","type":"product","link":"https:\/\/www.editions-libel.fr\/maison-edition\/boutique\/la-revolte-des-canuts\/","title":{"rendered":"\u00c9chos de la Fabrique"},"content":{"rendered":"[vc_row][vc_column][vc_column_text]<span style=\"text-decoration: underline;\"><a href=\"https:\/\/heyzine.com\/flip-book\/9f93beef96.html\" target=\"_blank\" rel=\"noopener\">Feuilleter un extrait<\/a><\/span><br \/>\n<a href=\"https:\/\/www.editions-libel.fr\/maison-edition\/wp-content\/uploads\/DP_LIBEL-ECHOS-DE-LA-FABRIQUE.pdf\" target=\"_blank\" rel=\"noopener\"><span style=\"text-decoration: underline;\">Dossier de presse<\/span><\/a><br \/>\n<span style=\"text-decoration: underline;\"><a href=\"https:\/\/www.editions-libel.fr\/maison-edition\/wp-content\/uploads\/NOTICE_LIBEL_ECHOS-DE-LA-FABRIQUE.pdf\" target=\"_blank\" rel=\"noopener\">Notice libraire<\/a><br \/>\n<\/span>[\/vc_column_text][\/vc_column][\/vc_row]\n","protected":false},"excerpt":{"rendered":"<div id=\"tab-2c94af60-a783-10\" class=\"wpb_tab ui-tabs-panel wpb_ui-tabs-hide vc_clearfix ui-widget-content ui-corner-bottom\" role=\"tabpanel\" aria-labelledby=\"ui-id-1\" aria-hidden=\"false\">\n<div class=\"wpb_text_column wpb_content_element \">\n<div class=\"wpb_wrapper\">\n<p><a class=\"ebook\" href=\"https:\/\/www.editions-fablyo.fr\/produit\/echos-de-la-fabrique\/\" target=\"_blank\" rel=\"noopener noreferrer\"><img decoding=\"async\" style=\"width: 30px;\" src=\"https:\/\/www.editions-libel.fr\/maison-edition\/picto-fablyo-rose.svg\" \/>Ebook disponible ici<\/a><\/p>\n<div id=\"tab-2c94af60-a783-10\" class=\"wpb_tab ui-tabs-panel wpb_ui-tabs-hide vc_clearfix ui-widget-content ui-corner-bottom\" role=\"tabpanel\" aria-labelledby=\"ui-id-1\" aria-hidden=\"false\">\n<div class=\"wpb_text_column wpb_content_element \">\n<div class=\"wpb_wrapper\"><strong>La R\u00e9volte des canuts<br \/>\n<\/strong><\/p>\n<p class=\"p1\">\u00ab \u00c9chos de la Fabrique (La R\u00e9volte des Canuts) est une pi\u00e8ce que j\u2019ai \u00e9crite dans le cadre d\u2019un projet participatif men\u00e9 avec une vaste \u00e9quipe de professionnels et d\u2019amateurs. Ce texte est principalement inspir\u00e9 des journaux tenus par les canuts dans les ann\u00e9es 1831-1835, des improvisations que nos participants ont men\u00e9es \u00e0 partir de ces journaux, ainsi que d\u2019un jeu de r\u00f4le sur la r\u00e9volte des canuts con\u00e7u par Arthur Fourcade, avec l\u2019aide de Fran\u00e7ois Gorrissen et Anabel Strehaiano. Cet ouvrage se veut donc \u00e0 la fois la trace d\u2019un projet particulier, r\u00e9alis\u00e9 avec des personnes singuli\u00e8res sans lesquelles il n\u2019aurait pas \u00e9t\u00e9 le m\u00eame ; mais aussi une \u0153uvre de th\u00e9\u00e2tre politique et historique dont, pourquoi pas, d\u2019autres \u00e9quipes pourraient s\u2019emparer. \u00bb<\/p>\n<p>Fran\u00e7ois Hien<\/p>\n<p><strong><em>\u00a0<\/em><\/strong><br \/>\n<strong><span style=\"color: #ff9900;\"><b>\u00c9galement paru dans la collection : <\/b><\/span><em><a href=\"https:\/\/www.editions-libel.fr\/maison-edition\/boutique\/mort-dune-montagne\/\" target=\"_blank\" rel=\"noopener\">Mort d&rsquo;une montagne<\/a>, <a href=\"https:\/\/www.editions-libel.fr\/maison-edition\/boutique\/education-nationale\/\" target=\"_blank\" rel=\"noopener\">\u00c9ducation nationale<\/a>, <a href=\"https:\/\/www.editions-libel.fr\/maison-edition\/boutique\/le-chat\/\" target=\"_blank\" rel=\"noopener\">Le Chat <\/a><\/em>&amp;<em>\u00a0<a href=\"https:\/\/www.editions-libel.fr\/maison-edition\/boutique\/le-signalement\/\" target=\"_blank\" rel=\"noopener\">Le Signalement<\/a>.\u00a0<\/em><\/strong><\/p>\n<\/div>\n<\/div>\n<\/div>\n<\/div>\n<\/div>\n<\/div>\n","protected":false},"featured_media":9667,"template":"","meta":[],"product_cat":[71,89,82,70,15,17,43,23,25],"product_tag":[111,95,99,134],"class_list":["post-8413","product","type-product","status-publish","has-post-thumbnail","hentry","product_cat-arts","product_cat-collection-theatre","product_cat-libel","product_cat-litterature","product_cat-histoire","product_cat-lyon","product_cat-patrimoines","product_cat-regionalisme","product_cat-societe","product_tag-histoire","product_tag-lyon","product_tag-savoir-faire","product_tag-theatre"],"_links":{"self":[{"href":"https:\/\/www.editions-libel.fr\/maison-edition\/wp-json\/wp\/v2\/product\/8413","targetHints":{"allow":["GET"]}}],"collection":[{"href":"https:\/\/www.editions-libel.fr\/maison-edition\/wp-json\/wp\/v2\/product"}],"about":[{"href":"https:\/\/www.editions-libel.fr\/maison-edition\/wp-json\/wp\/v2\/types\/product"}],"wp:featuredmedia":[{"embeddable":true,"href":"https:\/\/www.editions-libel.fr\/maison-edition\/wp-json\/wp\/v2\/media\/9667"}],"wp:attachment":[{"href":"https:\/\/www.editions-libel.fr\/maison-edition\/wp-json\/wp\/v2\/media?parent=8413"}],"wp:term":[{"taxonomy":"product_cat","embeddable":true,"href":"https:\/\/www.editions-libel.fr\/maison-edition\/wp-json\/wp\/v2\/product_cat?post=8413"},{"taxonomy":"product_tag","embeddable":true,"href":"https:\/\/www.editions-libel.fr\/maison-edition\/wp-json\/wp\/v2\/product_tag?post=8413"}],"curies":[{"name":"wp","href":"https:\/\/api.w.org\/{rel}","templated":true}]}}