{"id":8322,"date":"2022-03-28T16:42:38","date_gmt":"2022-03-28T14:42:38","guid":{"rendered":"https:\/\/www.editions-libel.fr\/maison-edition\/?post_type=product&#038;p=8322"},"modified":"2026-04-08T12:30:44","modified_gmt":"2026-04-08T10:30:44","slug":"vivre-le-cubisme-a-moly-sabata","status":"publish","type":"product","link":"https:\/\/www.editions-libel.fr\/maison-edition\/boutique\/vivre-le-cubisme-a-moly-sabata\/","title":{"rendered":"Vivre le cubisme \u00e0 Moly-Sabata"},"content":{"rendered":"[vc_row][vc_column][vc_column_text]<a href=\"https:\/\/heyzine.com\/flip-book\/f465a4d389.html\"><span style=\"text-decoration: underline;\">F<\/span><span style=\"text-decoration: underline;\">euilleter un extrait<\/span><\/a><br \/>\n<span style=\"text-decoration: underline;\"><a href=\"https:\/\/www.editions-libel.fr\/maison-edition\/wp-content\/uploads\/DP_LIBEL-MOLY-SABATA-1.pdf\" target=\"_blank\" rel=\"noopener\">Dossier de presse<\/a><\/span><br \/>\n<a href=\"https:\/\/www.editions-libel.fr\/maison-edition\/wp-content\/uploads\/NOTICE_LIBEL_MOLY-SABATA-1.pdf\" target=\"_blank\" rel=\"noopener noreferrer\"><span style=\"text-decoration: underline;\">N<\/span><span style=\"text-decoration: underline;\">otice libraire<\/span><\/a>[\/vc_column_text][\/vc_column][\/vc_row]\n","protected":false},"excerpt":{"rendered":"<p><strong>Mus\u00e9e de l&rsquo;Ancien \u00c9v\u00each\u00e9<\/strong><\/p>\n<p class=\"p1\">En 1927, Albert Gleizes, grande figure de l\u2019avant-garde artistique du XXe si\u00e8cle, fonde sur les bords du Rh\u00f4ne \u00e0 Sablons en Is\u00e8re, la communaut\u00e9 d\u2019artistes de Moly-Sabata. Peintres, musiciens, potiers, \u00e9crivains partagent le projet d\u2019une vie artistique et intellectuelle pr\u00f4nant le retour \u00e0 la terre et la promotion de l\u2019artisanat. Anne Dangar, peintre australienne devenue poti\u00e8re, en deviendra la figure embl\u00e9matique. Cent ans apr\u00e8s sa cr\u00e9ation, Moly-Sabata accueille toujours des artistes \u00e0 l\u2019ann\u00e9e. Le pr\u00e9sent ouvrage, riche d\u2019une remarquable s\u00e9lection d\u2019\u0153uvres et de photographies in\u00e9dites, est une invitation \u00e0 revivre l\u2019aventure artistique et humaine unique de l\u2019une des plus anciennes r\u00e9sidences d\u2019artistes en France.<\/p>\n<p><strong><span style=\"color: #eb8367;\">Ce bel ouvrage accompagne <a href=\"https:\/\/musees.isere.fr\/expo\/musee-de-lancien-eveche-vivre-le-cubisme-moly-sabata\" target=\"_blank\" rel=\"noopener\">l\u2019exposition<\/a> \u00e9ponyme pr\u00e9sent\u00e9e au mus\u00e9e de l\u2019Ancien \u00c9v\u00each\u00e9 \u00e0 Grenoble du 25 mai au 9 octobre 2022<\/span><\/strong><\/p>\n","protected":false},"featured_media":8329,"template":"","meta":[],"product_cat":[71,77,82,13,15,43,23,25],"product_tag":[117,132,122],"class_list":["post-8322","product","type-product","status-publish","has-post-thumbnail","hentry","product_cat-arts","product_cat-histoire-2","product_cat-libel","product_cat-beaux-arts","product_cat-histoire","product_cat-patrimoines","product_cat-regionalisme","product_cat-societe","product_tag-art","product_tag-culture","product_tag-photographie"],"_links":{"self":[{"href":"https:\/\/www.editions-libel.fr\/maison-edition\/wp-json\/wp\/v2\/product\/8322","targetHints":{"allow":["GET"]}}],"collection":[{"href":"https:\/\/www.editions-libel.fr\/maison-edition\/wp-json\/wp\/v2\/product"}],"about":[{"href":"https:\/\/www.editions-libel.fr\/maison-edition\/wp-json\/wp\/v2\/types\/product"}],"wp:featuredmedia":[{"embeddable":true,"href":"https:\/\/www.editions-libel.fr\/maison-edition\/wp-json\/wp\/v2\/media\/8329"}],"wp:attachment":[{"href":"https:\/\/www.editions-libel.fr\/maison-edition\/wp-json\/wp\/v2\/media?parent=8322"}],"wp:term":[{"taxonomy":"product_cat","embeddable":true,"href":"https:\/\/www.editions-libel.fr\/maison-edition\/wp-json\/wp\/v2\/product_cat?post=8322"},{"taxonomy":"product_tag","embeddable":true,"href":"https:\/\/www.editions-libel.fr\/maison-edition\/wp-json\/wp\/v2\/product_tag?post=8322"}],"curies":[{"name":"wp","href":"https:\/\/api.w.org\/{rel}","templated":true}]}}