{"id":8280,"date":"2022-02-08T15:10:16","date_gmt":"2022-02-08T14:10:16","guid":{"rendered":"https:\/\/www.editions-libel.fr\/maison-edition\/?post_type=product&#038;p=8280"},"modified":"2026-04-02T10:25:22","modified_gmt":"2026-04-02T08:25:22","slug":"les-ecosystemes-ont-ils-des-droits","status":"publish","type":"product","link":"https:\/\/www.editions-libel.fr\/maison-edition\/boutique\/les-ecosystemes-ont-ils-des-droits\/","title":{"rendered":"Les \u00e9cosyst\u00e8mes ont-ils des droits ?"},"content":{"rendered":"[vc_row][vc_column][vc_column_text]<a href=\"https:\/\/heyzine.com\/flip-book\/ece9b5c769.html\" target=\"_blank\" rel=\"noopener noreferrer\"><span style=\"text-decoration: underline;\">F<\/span><span style=\"text-decoration: underline;\">euilleter un extrait<\/span><\/a><br \/>\n<span style=\"text-decoration: underline;\"><a href=\"https:\/\/www.editions-libel.fr\/maison-edition\/wp-content\/uploads\/COMMUNIQUE-ECOSYSTEMES_LIBEL-2.pdf\" target=\"_blank\" rel=\"noopener\">Communiqu\u00e9 de presse<\/a><\/span><br \/>\n<a href=\"https:\/\/www.editions-libel.fr\/maison-edition\/wp-content\/uploads\/NOTICE_LIBEL_ECOSYSTEMES-1.pdf\" target=\"_blank\" rel=\"noopener noreferrer\"><span style=\"text-decoration: underline;\">N<\/span><span style=\"text-decoration: underline;\">otice libraire<\/span><\/a>[\/vc_column_text][\/vc_column][\/vc_row]\n","protected":false},"excerpt":{"rendered":"<p><a class=\"ebook\" href=\"https:\/\/www.editions-fablyo.fr\/produit\/les-ecosystemes-ont-ils-des-droits\/\" target=\"_blank\" rel=\"noopener noreferrer\"><img decoding=\"async\" style=\"width: 30px;\" src=\"https:\/\/www.editions-libel.fr\/maison-edition\/picto-fablyo-rose.svg\" \/>Ebook disponible ici<\/a><\/p>\n<div id=\"tab-2c94af60-a783-10\" class=\"wpb_tab ui-tabs-panel wpb_ui-tabs-hide vc_clearfix ui-widget-content ui-corner-bottom\" role=\"tabpanel\" aria-labelledby=\"ui-id-1\" aria-hidden=\"false\">\n<div class=\"wpb_text_column wpb_content_element \">\n<div class=\"wpb_wrapper\">\n<p><strong><span style=\"color: #eb8367;\">Prix du m\u00e9moire de Sciences Po Lyon 2020<\/span><\/strong><\/p>\n<p><strong>La personnification de la nature comme traduction juridique des communs<\/strong><\/p>\n<p class=\"p1\">Un fleuve peut-il devenir une personne juridique\u2009? Cette question fournit la base de la r\u00e9flexion d\u00e9velopp\u00e9e dans le pr\u00e9sent ouvrage. L\u2019ampleur du d\u00e9fi pos\u00e9 par les bouleversements \u00e9cologiques en cours constitue un terreau favorable \u00e0 l\u2019\u00e9laboration de solutions novatrices, notamment dans le domaine du droit\u00a0: se multiplient ainsi, sur tous les continents, des initiatives visant \u00e0 reconna\u00eetre la nature comme personne juridique dot\u00e9e de droits propres. Au-del\u00e0 du dualisme entre humains et nature, ce livre entend montrer que les droits de la nature permettent de r\u00e9guler l\u2019usage et de remodeler la gouvernance d\u2019un milieu commun \u00e0 tous ses habitants, humains et non humains.<\/p>\n<p class=\"bodytext\"><strong>Ouvrage co\u00e9dit\u00e9 avec Sciences Po Lyon.\u00a0<\/strong><\/p>\n<p><strong><span style=\"color: #eb8367;\">\u00c9galement \u00e9dit\u00e9 dans la collection <\/span>: <em><a href=\"https:\/\/www.editions-libel.fr\/maison-edition\/boutique\/art-cloche-yonna-soltner\/\">Art-Cloche. Les oubli\u00e9s de l&rsquo;histoire ?<\/a>,\u00a0<a href=\"https:\/\/www.editions-libel.fr\/maison-edition\/boutique\/rwanda-1994-et-instrumentalisation-du-corps-des-femmes\/\">Rwanda 1994 et instrumentalisation du corps des femmes<\/a>,<\/em>\u00a0<em><a href=\"https:\/\/www.editions-libel.fr\/maison-edition\/boutique\/dix-ans-de-reconstruction-du-tohoku-apres-la-triple-catastrophe-du-11-mars-2011\/\">Dix ans de reconstruction du T\u00f4hoku apr\u00e8s la triple catastrophe du 11 mars 2011<\/a><\/em>, <em><a href=\"https:\/\/www.editions-libel.fr\/maison-edition\/boutique\/quitte-a-etre-mere-autant-etre-lesbienne\/\">\u00ab Quitte \u00e0 \u00eatre m\u00e8re, autant \u00eatre lesbienne \u00bb<\/a><\/em><\/strong><strong>,<\/strong>\u00a0<strong><em><a href=\"https:\/\/www.editions-libel.fr\/maison-edition\/boutique\/energie-citoyenne-synergie-locale\/\">\u00c9nergie citoyenne, synergie locale<\/a> <\/em><em>et<\/em><em> <a href=\"https:\/\/www.editions-libel.fr\/maison-edition\/boutique\/la-politique-en-tribune\/\">La politique en tribune<\/a><\/em><\/strong><\/p>\n<\/div>\n<\/div>\n<\/div>\n","protected":false},"featured_media":11272,"template":"","meta":[],"product_cat":[88,77,82,15,43,25],"product_tag":[142,92,108,124,127],"class_list":["post-8280","product","type-product","status-publish","has-post-thumbnail","hentry","product_cat-collection-sciences-po","product_cat-histoire-2","product_cat-libel","product_cat-histoire","product_cat-patrimoines","product_cat-societe","product_tag-droit","product_tag-ecologie","product_tag-education","product_tag-energie","product_tag-geographie"],"_links":{"self":[{"href":"https:\/\/www.editions-libel.fr\/maison-edition\/wp-json\/wp\/v2\/product\/8280","targetHints":{"allow":["GET"]}}],"collection":[{"href":"https:\/\/www.editions-libel.fr\/maison-edition\/wp-json\/wp\/v2\/product"}],"about":[{"href":"https:\/\/www.editions-libel.fr\/maison-edition\/wp-json\/wp\/v2\/types\/product"}],"wp:featuredmedia":[{"embeddable":true,"href":"https:\/\/www.editions-libel.fr\/maison-edition\/wp-json\/wp\/v2\/media\/11272"}],"wp:attachment":[{"href":"https:\/\/www.editions-libel.fr\/maison-edition\/wp-json\/wp\/v2\/media?parent=8280"}],"wp:term":[{"taxonomy":"product_cat","embeddable":true,"href":"https:\/\/www.editions-libel.fr\/maison-edition\/wp-json\/wp\/v2\/product_cat?post=8280"},{"taxonomy":"product_tag","embeddable":true,"href":"https:\/\/www.editions-libel.fr\/maison-edition\/wp-json\/wp\/v2\/product_tag?post=8280"}],"curies":[{"name":"wp","href":"https:\/\/api.w.org\/{rel}","templated":true}]}}