{"id":8237,"date":"2022-01-04T16:21:54","date_gmt":"2022-01-04T15:21:54","guid":{"rendered":"https:\/\/www.editions-libel.fr\/maison-edition\/?post_type=product&#038;p=8237"},"modified":"2026-03-19T14:31:02","modified_gmt":"2026-03-19T13:31:02","slug":"rwanda-1994-et-instrumentalisation-du-corps-des-femmes","status":"publish","type":"product","link":"https:\/\/www.editions-libel.fr\/maison-edition\/boutique\/rwanda-1994-et-instrumentalisation-du-corps-des-femmes\/","title":{"rendered":"Rwanda 1994 et instrumentalisation du corps des femmes"},"content":{"rendered":"[vc_row][vc_column][vc_column_text]<a href=\"https:\/\/heyzine.com\/flip-book\/94592b8979.html\" target=\"_blank\" rel=\"noopener noreferrer\"><span style=\"text-decoration: underline;\">F<\/span><span style=\"text-decoration: underline;\">euilleter un extrait<\/span><\/a><br \/>\n<span style=\"text-decoration: underline;\"><a href=\"https:\/\/www.editions-libel.fr\/maison-edition\/wp-content\/uploads\/COMMUNIQUE-RWANDA_LIBEL.pdf\" target=\"_blank\" rel=\"noopener\">Communiqu\u00e9 de presse<\/a><\/span><br \/>\n<a href=\"https:\/\/www.editions-libel.fr\/maison-edition\/wp-content\/uploads\/NOTICE_LIBEL_RWANDA-1.pdf\" target=\"_blank\" rel=\"noopener noreferrer\"><span style=\"text-decoration: underline;\">N<\/span><span style=\"text-decoration: underline;\">otice libraire<\/span><\/a>[\/vc_column_text][\/vc_column][\/vc_row]\n","protected":false},"excerpt":{"rendered":"<p><a class=\"ebook\" href=\"https:\/\/www.editions-fablyo.fr\/produit\/rwanda-1994-et-instrumentalisation-du-corps-des-femmes\/\" target=\"_blank\" rel=\"noopener noreferrer\"><img decoding=\"async\" style=\"width: 30px;\" src=\"https:\/\/www.editions-libel.fr\/maison-edition\/picto-fablyo-rose.svg\" \/>Ebook disponible ici<\/a><\/p>\n<div id=\"tab-2c94af60-a783-10\" class=\"wpb_tab ui-tabs-panel wpb_ui-tabs-hide vc_clearfix ui-widget-content ui-corner-bottom\" role=\"tabpanel\" aria-labelledby=\"ui-id-1\" aria-hidden=\"false\">\n<div class=\"wpb_text_column wpb_content_element \">\n<div class=\"wpb_wrapper\">\n<div class=\"wpb_wrapper\">\n<p><strong><span style=\"color: #eb8367;\">Prix du m\u00e9moire de Sciences Po Lyon 2019<\/span><\/strong><\/p>\n<\/div>\n<p class=\"p1\"><strong>Le viol comme arme de g\u00e9nocide.<\/strong><\/p>\n<p class=\"p1\">En 1994, pr\u00e8s d\u2019un demi-million de filles et de femmes ont \u00e9t\u00e9 viol\u00e9es sur les collines rwandaises. Loin d\u2019\u00eatre le fruit du hasard, ces viols ont \u00e9t\u00e9 encourag\u00e9s par les autorit\u00e9s politiques Hutu, favoris\u00e9s par une puissante propagande m\u00e9diatique, et nourris par les croyances populaires. \u00c0 travers les t\u00e9moignages de survivantes, cet ouvrage revient sur le g\u00e9nocide des Tutsi en analysant la place des violences sexuelles dans la strat\u00e9gie g\u00e9nocidaire. Il s\u2019int\u00e9resse notamment \u00e0 la mani\u00e8re dont les bourreaux se sont intentionnellement acharn\u00e9s sur les corps des femmes dans le but de d\u00e9truire l\u2019ethnie Tutsi. L\u2019\u00e9cho de la violence subie se poursuit apr\u00e8s le g\u00e9nocide et les rescap\u00e9es continuent de vivre avec les s\u00e9quelles de l\u2019horreur. Ce livre montre le combat que ces femmes m\u00e8nent pour se reconstruire, souligne le r\u00f4le cl\u00e9 des associations de survivantes et s\u2019interroge sur une justice impossible\u2026<\/p>\n<p class=\"bodytext\"><strong>Ouvrage co\u00e9dit\u00e9 avec Sciences Po Lyon.\u00a0<\/strong><\/p>\n<p><strong><span style=\"color: #eb8367;\">\u00c9galement \u00e9dit\u00e9 dans la collection <\/span>: <em><a href=\"https:\/\/www.editions-libel.fr\/maison-edition\/boutique\/art-cloche-yonna-soltner\/\">Art-Cloche. Les oubli\u00e9s de l&rsquo;histoire ?<\/a>, <\/em><em><a href=\"https:\/\/www.editions-libel.fr\/maison-edition\/boutique\/les-ecosystemes-ont-ils-des-droits\/\">Les \u00e9cosyst\u00e8mes ont-ils des droits ?<\/a>, <a href=\"https:\/\/www.editions-libel.fr\/maison-edition\/boutique\/dix-ans-de-reconstruction-du-tohoku-apres-la-triple-catastrophe-du-11-mars-2011\/\">Dix ans de reconstruction du T\u00f4hoku apr\u00e8s la triple catastrophe du 11 mars 2011<\/a>,<\/em>\u00a0<em><a href=\"https:\/\/www.editions-libel.fr\/maison-edition\/boutique\/quitte-a-etre-mere-autant-etre-lesbienne\/\">\u00ab Quitte \u00e0 \u00eatre m\u00e8re, autant \u00eatre lesbienne \u00bb<\/a><\/em><\/strong><strong><em>,<a href=\"https:\/\/www.editions-libel.fr\/maison-edition\/boutique\/energie-citoyenne-synergie-locale\/\"> \u00c9nergie citoyenne, synergie locale<\/a> <\/em><em>et<\/em><em> <a href=\"https:\/\/www.editions-libel.fr\/maison-edition\/boutique\/la-politique-en-tribune\/\">La politique en tribune<\/a><\/em><\/strong><\/p>\n<\/div>\n<\/div>\n<\/div>\n","protected":false},"featured_media":8244,"template":"","meta":[],"product_cat":[88,77,82,15,16,43,25],"product_tag":[108,103,96,135],"class_list":["post-8237","product","type-product","status-publish","has-post-thumbnail","hentry","product_cat-collection-sciences-po","product_cat-histoire-2","product_cat-libel","product_cat-histoire","product_cat-histoire-des-conflits","product_cat-patrimoines","product_cat-societe","product_tag-education","product_tag-memoire-des-conflits","product_tag-politique","product_tag-violences"],"_links":{"self":[{"href":"https:\/\/www.editions-libel.fr\/maison-edition\/wp-json\/wp\/v2\/product\/8237","targetHints":{"allow":["GET"]}}],"collection":[{"href":"https:\/\/www.editions-libel.fr\/maison-edition\/wp-json\/wp\/v2\/product"}],"about":[{"href":"https:\/\/www.editions-libel.fr\/maison-edition\/wp-json\/wp\/v2\/types\/product"}],"wp:featuredmedia":[{"embeddable":true,"href":"https:\/\/www.editions-libel.fr\/maison-edition\/wp-json\/wp\/v2\/media\/8244"}],"wp:attachment":[{"href":"https:\/\/www.editions-libel.fr\/maison-edition\/wp-json\/wp\/v2\/media?parent=8237"}],"wp:term":[{"taxonomy":"product_cat","embeddable":true,"href":"https:\/\/www.editions-libel.fr\/maison-edition\/wp-json\/wp\/v2\/product_cat?post=8237"},{"taxonomy":"product_tag","embeddable":true,"href":"https:\/\/www.editions-libel.fr\/maison-edition\/wp-json\/wp\/v2\/product_tag?post=8237"}],"curies":[{"name":"wp","href":"https:\/\/api.w.org\/{rel}","templated":true}]}}