{"id":7755,"date":"2021-06-09T12:25:25","date_gmt":"2021-06-09T10:25:25","guid":{"rendered":"https:\/\/www.editions-libel.fr\/maison-edition\/?post_type=product&#038;p=7755"},"modified":"2025-12-11T12:38:55","modified_gmt":"2025-12-11T11:38:55","slug":"henry-moret","status":"publish","type":"product","link":"https:\/\/www.editions-libel.fr\/maison-edition\/boutique\/henry-moret\/","title":{"rendered":"Henry Moret"},"content":{"rendered":"[vc_row][vc_column][vc_column_text]<a href=\"https:\/\/heyzine.com\/flip-book\/9b9539aace.html\" target=\"_blank\" rel=\"noopener noreferrer\"><span style=\"text-decoration: underline;\">F<\/span><span style=\"text-decoration: underline;\">euilleter un extrait<\/span><\/a><br \/>\n<a href=\"https:\/\/www.editions-libel.fr\/maison-edition\/wp-content\/uploads\/DP_LIBEL-HENRY-MORET-mdef.pdf\" target=\"_blank\" rel=\"noopener noreferrer\"><span style=\"text-decoration: underline;\">Dossier de presse<\/span><\/a><br \/>\n<a href=\"https:\/\/www.editions-libel.fr\/maison-edition\/wp-content\/uploads\/NOTICE_LIBEL_MORET.pdf\" target=\"_blank\" rel=\"noopener noreferrer\"><span style=\"text-decoration: underline;\">N<\/span><span style=\"text-decoration: underline;\">otice libraire<\/span><\/a>[\/vc_column_text][\/vc_column][\/vc_row]\n","protected":false},"excerpt":{"rendered":"<p><strong><span style=\"color: #ff0000;\"><b>\u00c9puis\u00e9<\/b><\/span><br \/>\nDe Pont-Aven \u00e0 l&rsquo;impressionnisme en Bretagne (1856-1913)<br \/>\n<\/strong><\/p>\n<p>Chantre lumineux des rivages bretons, Henry Moret a c\u00f4toy\u00e9 les grands mouvements picturaux qui bouleversent l\u2019histoire de l\u2019art \u00e0 la fin du XIX<sup>e<\/sup> si\u00e8cle. Proche de Paul Gauguin, il occupe une place importante dans le groupe de Pont-Aven. Sa peinture, d\u2019une grande originalit\u00e9, fusionne les audaces du synth\u00e9tisme aux acquis de l\u2019impressionnisme. Avec le temps, sa sensibilit\u00e9 s\u2019exacerbe et l\u2019entra\u00eene dans l\u2019\u00e9vocation d\u2019une nature po\u00e9tis\u00e9e par la libert\u00e9 de la touche. Jamais la Bretagne n\u2019aura \u00e9t\u00e9 autant magnifi\u00e9e\u00a0!<\/p>\n","protected":false},"featured_media":8015,"template":"","meta":[],"product_cat":[71,82,13,8,43,23],"product_tag":[117,118,132,111,129],"class_list":["post-7755","product","type-product","status-publish","has-post-thumbnail","hentry","product_cat-arts","product_cat-libel","product_cat-beaux-arts","product_cat-epuises","product_cat-patrimoines","product_cat-regionalisme","product_tag-art","product_tag-croquis","product_tag-culture","product_tag-histoire","product_tag-metier"],"_links":{"self":[{"href":"https:\/\/www.editions-libel.fr\/maison-edition\/wp-json\/wp\/v2\/product\/7755","targetHints":{"allow":["GET"]}}],"collection":[{"href":"https:\/\/www.editions-libel.fr\/maison-edition\/wp-json\/wp\/v2\/product"}],"about":[{"href":"https:\/\/www.editions-libel.fr\/maison-edition\/wp-json\/wp\/v2\/types\/product"}],"wp:featuredmedia":[{"embeddable":true,"href":"https:\/\/www.editions-libel.fr\/maison-edition\/wp-json\/wp\/v2\/media\/8015"}],"wp:attachment":[{"href":"https:\/\/www.editions-libel.fr\/maison-edition\/wp-json\/wp\/v2\/media?parent=7755"}],"wp:term":[{"taxonomy":"product_cat","embeddable":true,"href":"https:\/\/www.editions-libel.fr\/maison-edition\/wp-json\/wp\/v2\/product_cat?post=7755"},{"taxonomy":"product_tag","embeddable":true,"href":"https:\/\/www.editions-libel.fr\/maison-edition\/wp-json\/wp\/v2\/product_tag?post=7755"}],"curies":[{"name":"wp","href":"https:\/\/api.w.org\/{rel}","templated":true}]}}