{"id":7660,"date":"2021-04-13T17:26:01","date_gmt":"2021-04-13T15:26:01","guid":{"rendered":"https:\/\/www.editions-libel.fr\/maison-edition\/?post_type=product&#038;p=7660"},"modified":"2025-12-19T12:10:31","modified_gmt":"2025-12-19T11:10:31","slug":"une-autre-rome","status":"publish","type":"product","link":"https:\/\/www.editions-libel.fr\/maison-edition\/boutique\/une-autre-rome\/","title":{"rendered":"Une autre Rome"},"content":{"rendered":"[vc_row][vc_column][vc_column_text]<a href=\"https:\/\/heyzine.com\/flip-book\/17a2efef58.html\" target=\"_blank\" rel=\"noopener noreferrer\"><span style=\"text-decoration: underline;\">Feuilleter un extrait<\/span><\/a><br \/>\n<a href=\"https:\/\/www.editions-libel.fr\/maison-edition\/wp-content\/uploads\/DP_LIBEL-ROME.pdf\" target=\"_blank\" rel=\"noopener noreferrer\"><span style=\"text-decoration: underline;\">Dossier de presse<\/span><\/a><br \/>\n<a href=\"https:\/\/www.editions-libel.fr\/maison-edition\/wp-content\/uploads\/NOTICE_LIBEL_ROME.pdf\" target=\"_blank\" rel=\"noopener noreferrer\"><span style=\"text-decoration: underline;\">Notice libraire<\/span><\/a><br \/>\n<a href=\"https:\/\/www.editions-libel.fr\/maison-edition\/2021\/04\/27\/uneautrerome\/\" target=\"_blank\" rel=\"noopener noreferrer\"><span style=\"text-decoration: underline;\">Presse<\/span><\/a>[\/vc_column_text][\/vc_column][\/vc_row]\n","protected":false},"excerpt":{"rendered":"<div id=\"tab-2c94af60-a783-10\" class=\"wpb_tab ui-tabs-panel wpb_ui-tabs-hide vc_clearfix ui-widget-content ui-corner-bottom\" role=\"tabpanel\" aria-labelledby=\"ui-id-1\" aria-hidden=\"false\">\n<div class=\"wpb_text_column wpb_content_element \">\n<div class=\"wpb_wrapper\"><!-- Bouton Ebook --><br \/>\n<a class=\"ebook\" href=\"https:\/\/www.editions-fablyo.fr\/produit\/une-autre-rome\/\" target=\"_blank\" rel=\"noopener noreferrer\"><img decoding=\"async\" style=\"width: 30px;\" src=\"https:\/\/www.editions-libel.fr\/maison-edition\/picto-fablyo-rose.svg\" \/>Ebook disponible ici<\/a><br \/>\n<!-- \/ Bouton Ebook --><br \/>\n<strong><br \/>\nLes m\u00e9tamorphoses d\u2019une m\u00e9tropole : du \u00ab\u2009miracle italien\u2009\u00bb au \u00ab\u2009chaos urbain\u2009\u00bb\u2009 ? (1950-2020)<\/strong>\u00ab Rome n\u2019est plus dans Rome, elle est toute o\u00f9 je suis. \u00bb Confirmant la formule de Corneille, l\u2019\u00e9volution de la Ville \u00e9ternelle depuis la fin de la Seconde Guerre mondiale s\u2019est traduite par des crises et des transformations spectaculaires au plan politique, \u00e9conomique et social, comme en mati\u00e8re d\u2019urbanisme, d\u2019architecture ou de logement. La capitale italienne s\u2019est ainsi m\u00e9tamorphos\u00e9e en un vaste territoire, urbanis\u00e9 de fa\u00e7on souvent anarchique, qui s\u2019\u00e9tend du c\u0153ur de la cit\u00e9 antique jusqu\u2019\u00e0 la mer Tyrrh\u00e9nienne. Mais qui conna\u00eet vraiment cette autre Rome, pass\u00e9e en sept d\u00e9cennies du \u00ab miracle italien \u00bb au chaos quotidien, si l\u2019on en croit la presse transalpine ?<span class=\"Apple-converted-space\">\u00a0 <\/span>Cette enqu\u00eate historique passionnante, puisant aux meilleures sources italiennes et fran\u00e7aises, offre un regard neuf sur la Rome contemporaine, si attachante et pourtant si complexe.<\/div>\n<\/div>\n<\/div>\n","protected":false},"featured_media":7661,"template":"","meta":[],"product_cat":[71,77,82,11,15,43,25,26],"product_tag":[120,109,111,112,121,119],"class_list":["post-7660","product","type-product","status-publish","has-post-thumbnail","hentry","product_cat-arts","product_cat-histoire-2","product_cat-libel","product_cat-architecture","product_cat-histoire","product_cat-patrimoines","product_cat-societe","product_cat-urbanisme","product_tag-amenagement","product_tag-architecture","product_tag-histoire","product_tag-monument-historique","product_tag-territoire","product_tag-urbanisme"],"_links":{"self":[{"href":"https:\/\/www.editions-libel.fr\/maison-edition\/wp-json\/wp\/v2\/product\/7660","targetHints":{"allow":["GET"]}}],"collection":[{"href":"https:\/\/www.editions-libel.fr\/maison-edition\/wp-json\/wp\/v2\/product"}],"about":[{"href":"https:\/\/www.editions-libel.fr\/maison-edition\/wp-json\/wp\/v2\/types\/product"}],"wp:featuredmedia":[{"embeddable":true,"href":"https:\/\/www.editions-libel.fr\/maison-edition\/wp-json\/wp\/v2\/media\/7661"}],"wp:attachment":[{"href":"https:\/\/www.editions-libel.fr\/maison-edition\/wp-json\/wp\/v2\/media?parent=7660"}],"wp:term":[{"taxonomy":"product_cat","embeddable":true,"href":"https:\/\/www.editions-libel.fr\/maison-edition\/wp-json\/wp\/v2\/product_cat?post=7660"},{"taxonomy":"product_tag","embeddable":true,"href":"https:\/\/www.editions-libel.fr\/maison-edition\/wp-json\/wp\/v2\/product_tag?post=7660"}],"curies":[{"name":"wp","href":"https:\/\/api.w.org\/{rel}","templated":true}]}}