{"id":7278,"date":"2020-11-20T10:20:35","date_gmt":"2020-11-20T09:20:35","guid":{"rendered":"https:\/\/www.editions-libel.fr\/maison-edition\/?post_type=product&#038;p=7278"},"modified":"2025-12-19T12:10:39","modified_gmt":"2025-12-19T11:10:39","slug":"lyon-une-rencontre-2","status":"publish","type":"product","link":"https:\/\/www.editions-libel.fr\/maison-edition\/boutique\/lyon-une-rencontre-2\/","title":{"rendered":"Lyon, une rencontre"},"content":{"rendered":"[vc_row][vc_column][vc_column_text]<a href=\"https:\/\/heyzine.com\/flip-book\/8458c93517.html\" target=\"_blank\" rel=\"noopener noreferrer\"><span style=\"text-decoration: underline;\">Feuilleter un extrait<\/span><\/a><br \/>\n<span style=\"text-decoration: underline;\"><a href=\"https:\/\/www.editions-libel.fr\/maison-edition\/wp-content\/uploads\/NOTICE_LIBEL_LYON_RENCONTRE.pdf\" target=\"_blank\" rel=\"noopener noreferrer\">Notice libraire<\/a><br \/>\n<a href=\"https:\/\/www.editions-libel.fr\/maison-edition\/wp-content\/uploads\/CP-BONNEAU.pdf\" target=\"_blank\" rel=\"noopener noreferrer\">Communiqu\u00e9 de presse<\/a><\/span><\/p>\n<p><strong>Tirages offerts pour tout achat de l&rsquo;ouvrage :<\/strong><br \/>\n<!--more\n\n<img loading=\"lazy\" decoding=\"async\" class=\"alignnone size-full wp-image-7287\" src=\"https:\/\/www.editions-libel.fr\/maison-edition\/wp-content\/uploads\/photo-marie-demunter-lur-libel.jpg\" alt=\"\" width=\"1063\" height=\"768\" srcset=\"https:\/\/www.editions-libel.fr\/maison-edition\/wp-content\/uploads\/photo-marie-demunter-lur-libel.jpg 1063w, https:\/\/www.editions-libel.fr\/maison-edition\/wp-content\/uploads\/photo-marie-demunter-lur-libel-300x217.jpg 300w, https:\/\/www.editions-libel.fr\/maison-edition\/wp-content\/uploads\/photo-marie-demunter-lur-libel-900x650.jpg 900w, https:\/\/www.editions-libel.fr\/maison-edition\/wp-content\/uploads\/photo-marie-demunter-lur-libel-150x108.jpg 150w, https:\/\/www.editions-libel.fr\/maison-edition\/wp-content\/uploads\/photo-marie-demunter-lur-libel-1024x740.jpg 1024w, https:\/\/www.editions-libel.fr\/maison-edition\/wp-content\/uploads\/photo-marie-demunter-lur-libel-325x235.jpg 325w\" sizes=\"auto, (max-width: 1063px) 100vw, 1063px\" \/><img loading=\"lazy\" decoding=\"async\" class=\"alignnone size-full wp-image-7286\" src=\"https:\/\/www.editions-libel.fr\/maison-edition\/wp-content\/uploads\/illustration-laurent-bonneau-lur-libel.jpg\" alt=\"\" width=\"768\" height=\"1064\" srcset=\"https:\/\/www.editions-libel.fr\/maison-edition\/wp-content\/uploads\/illustration-laurent-bonneau-lur-libel.jpg 768w, https:\/\/www.editions-libel.fr\/maison-edition\/wp-content\/uploads\/illustration-laurent-bonneau-lur-libel-300x416.jpg 300w, https:\/\/www.editions-libel.fr\/maison-edition\/wp-content\/uploads\/illustration-laurent-bonneau-lur-libel-108x150.jpg 108w, https:\/\/www.editions-libel.fr\/maison-edition\/wp-content\/uploads\/illustration-laurent-bonneau-lur-libel-217x300.jpg 217w, https:\/\/www.editions-libel.fr\/maison-edition\/wp-content\/uploads\/illustration-laurent-bonneau-lur-libel-739x1024.jpg 739w, https:\/\/www.editions-libel.fr\/maison-edition\/wp-content\/uploads\/illustration-laurent-bonneau-lur-libel-325x450.jpg 325w, https:\/\/www.editions-libel.fr\/maison-edition\/wp-content\/uploads\/illustration-laurent-bonneau-lur-libel-450x623.jpg 450w\" sizes=\"auto, (max-width: 768px) 100vw, 768px\" \/> --><\/p>\n<p><a href=\"https:\/\/www.editions-libel.fr\/maison-edition\/wp-content\/uploads\/photo-marie-demunter-lur-libel.jpg\" target=\"_blank\" rel=\"noopener noreferrer\"><img loading=\"lazy\" decoding=\"async\" class=\"alignnone wp-image-7287 size-medium\" src=\"https:\/\/www.editions-libel.fr\/maison-edition\/wp-content\/uploads\/photo-marie-demunter-lur-libel-300x217.jpg\" alt=\"\" width=\"300\" height=\"217\" srcset=\"https:\/\/www.editions-libel.fr\/maison-edition\/wp-content\/uploads\/photo-marie-demunter-lur-libel-300x217.jpg 300w, https:\/\/www.editions-libel.fr\/maison-edition\/wp-content\/uploads\/photo-marie-demunter-lur-libel-900x650.jpg 900w, https:\/\/www.editions-libel.fr\/maison-edition\/wp-content\/uploads\/photo-marie-demunter-lur-libel-150x108.jpg 150w, https:\/\/www.editions-libel.fr\/maison-edition\/wp-content\/uploads\/photo-marie-demunter-lur-libel-1024x740.jpg 1024w, https:\/\/www.editions-libel.fr\/maison-edition\/wp-content\/uploads\/photo-marie-demunter-lur-libel-325x235.jpg 325w, https:\/\/www.editions-libel.fr\/maison-edition\/wp-content\/uploads\/photo-marie-demunter-lur-libel.jpg 1063w\" sizes=\"auto, (max-width: 300px) 100vw, 300px\" \/><\/a><a href=\"https:\/\/www.editions-libel.fr\/maison-edition\/wp-content\/uploads\/illustration-laurent-bonneau-lur-libel.jpg\" target=\"_blank\" rel=\"noopener noreferrer\"><img loading=\"lazy\" decoding=\"async\" class=\"alignnone wp-image-7286 size-medium\" src=\"https:\/\/www.editions-libel.fr\/maison-edition\/wp-content\/uploads\/illustration-laurent-bonneau-lur-libel-217x300.jpg\" alt=\"\" width=\"217\" height=\"300\" srcset=\"https:\/\/www.editions-libel.fr\/maison-edition\/wp-content\/uploads\/illustration-laurent-bonneau-lur-libel-217x300.jpg 217w, https:\/\/www.editions-libel.fr\/maison-edition\/wp-content\/uploads\/illustration-laurent-bonneau-lur-libel-300x416.jpg 300w, https:\/\/www.editions-libel.fr\/maison-edition\/wp-content\/uploads\/illustration-laurent-bonneau-lur-libel-108x150.jpg 108w, https:\/\/www.editions-libel.fr\/maison-edition\/wp-content\/uploads\/illustration-laurent-bonneau-lur-libel-739x1024.jpg 739w, https:\/\/www.editions-libel.fr\/maison-edition\/wp-content\/uploads\/illustration-laurent-bonneau-lur-libel-325x450.jpg 325w, https:\/\/www.editions-libel.fr\/maison-edition\/wp-content\/uploads\/illustration-laurent-bonneau-lur-libel-450x623.jpg 450w, https:\/\/www.editions-libel.fr\/maison-edition\/wp-content\/uploads\/illustration-laurent-bonneau-lur-libel.jpg 768w\" sizes=\"auto, (max-width: 217px) 100vw, 217px\" \/><\/a>[\/vc_column_text][\/vc_column][\/vc_row]\n","protected":false},"excerpt":{"rendered":"<p><strong><span style=\"color: #ff0000;\"><b>Seulement sur notre site : pour tout achat de l&rsquo;ouvrage, deux reproductions d&rsquo;art offertes !<\/b><\/span><\/strong><\/p>\n<p>En r\u00e9sidence \u00e0 Lyon, Marie Demunter et Laurent Bonneau ont promen\u00e9 leurs regards dans une cit\u00e9 qui leur est inconnue. Selon l\u2019humeur des saisons, le crayon et l\u2019objectif dessinent les contours intimes de la ville, en saisissant les formes discr\u00e8tes ou monumentales, en captent les lumi\u00e8res grises ou nocturnes. Demeurant \u00e0 distance de l\u2019imagerie flatteuse des cartes postales, le dessinateur et la photographe montrent des paysages et des visages lyonnais, qu\u2019on voudrait reconna\u00eetre sans toujours y parvenir. Parfois, une parole surgit, recueillie le temps d\u2019une br\u00e8ve rencontre. La conjugaison de leurs regards reconstruit des correspondances de lumi\u00e8re et de mati\u00e8re, formant le portrait provisoire d\u2019une ville toujours en mouvement.<\/p>\n<p><strong>Exceptionnellement, recevez pour tout achat du livre les reproductions d\u2019art sign\u00e9es <a href=\"https:\/\/www.editions-libel.fr\/maison-edition\/wp-content\/uploads\/illustration-laurent-bonneau-lur-libel.jpg\" target=\"_blank\" rel=\"noopener noreferrer\"><span style=\"text-decoration: underline;\">d\u2019une illustration<\/span><\/a> de Laurent Bonneau ainsi que <a href=\"https:\/\/www.editions-libel.fr\/maison-edition\/wp-content\/uploads\/photo-marie-demunter-lur-libel.jpg\" target=\"_blank\" rel=\"noopener noreferrer\"><span style=\"text-decoration: underline;\">d\u2019une photographie<\/span><\/a> de Marie Demunter (digigraphie Epson, format 13 x 18 cm)<\/strong><\/p>\n<p>&nbsp;<\/p>\n<p><strong><em>Ouvrage \u00e9dit\u00e9 en partenariat avec <a href=\"http:\/\/www.gadagne.musees.lyon.fr\" target=\"_blank\" rel=\"noopener noreferrer\">les Mus\u00e9es Gadagne<\/a><\/em><\/strong><\/p>\n<p>&nbsp;<\/p>\n<p>&nbsp;<\/p>\n","protected":false},"featured_media":7637,"template":"","meta":[],"product_cat":[71,82,84,9,12,13,17,43,21],"product_tag":[117,118,132,95,131,122,137],"class_list":["post-7278","product","type-product","status-publish","has-post-thumbnail","hentry","product_cat-arts","product_cat-libel","product_cat-offres-speciales","product_cat-series-limitees","product_cat-art-contemporain","product_cat-beaux-arts","product_cat-lyon","product_cat-patrimoines","product_cat-photographie","product_tag-art","product_tag-croquis","product_tag-culture","product_tag-lyon","product_tag-musee","product_tag-photographie","product_tag-voyage"],"_links":{"self":[{"href":"https:\/\/www.editions-libel.fr\/maison-edition\/wp-json\/wp\/v2\/product\/7278","targetHints":{"allow":["GET"]}}],"collection":[{"href":"https:\/\/www.editions-libel.fr\/maison-edition\/wp-json\/wp\/v2\/product"}],"about":[{"href":"https:\/\/www.editions-libel.fr\/maison-edition\/wp-json\/wp\/v2\/types\/product"}],"wp:featuredmedia":[{"embeddable":true,"href":"https:\/\/www.editions-libel.fr\/maison-edition\/wp-json\/wp\/v2\/media\/7637"}],"wp:attachment":[{"href":"https:\/\/www.editions-libel.fr\/maison-edition\/wp-json\/wp\/v2\/media?parent=7278"}],"wp:term":[{"taxonomy":"product_cat","embeddable":true,"href":"https:\/\/www.editions-libel.fr\/maison-edition\/wp-json\/wp\/v2\/product_cat?post=7278"},{"taxonomy":"product_tag","embeddable":true,"href":"https:\/\/www.editions-libel.fr\/maison-edition\/wp-json\/wp\/v2\/product_tag?post=7278"}],"curies":[{"name":"wp","href":"https:\/\/api.w.org\/{rel}","templated":true}]}}