{"id":7206,"date":"2020-10-20T13:46:06","date_gmt":"2020-10-20T11:46:06","guid":{"rendered":"https:\/\/www.editions-libel.fr\/maison-edition\/?post_type=product&#038;p=7206"},"modified":"2025-12-11T12:50:16","modified_gmt":"2025-12-11T11:50:16","slug":"une-salade-cesar","status":"publish","type":"product","link":"https:\/\/www.editions-libel.fr\/maison-edition\/boutique\/une-salade-cesar\/","title":{"rendered":"Une salade, C\u00e9sar ?"},"content":{"rendered":"[vc_row][vc_column][vc_column_text]\n[\/vc_column_text][\/vc_column][\/vc_row][vc_row][vc_column][vc_column_text]<a href=\"https:\/\/heyzine.com\/flip-book\/af918b5d17.html\" target=\"_blank\" rel=\"noopener noreferrer\"><span style=\"text-decoration: underline;\">Feuilleter un extrait<\/span><\/a><br \/>\n<span style=\"text-decoration: underline;\"><a href=\"https:\/\/www.editions-libel.fr\/maison-edition\/wp-content\/uploads\/COMMUNIQUE-lugdunum-LIBEL.pdf\" target=\"_blank\" rel=\"noopener noreferrer\">Communiqu\u00e9 de presse<\/a><\/span><br \/>\n<span style=\"text-decoration: underline;\"><a href=\"https:\/\/www.editions-libel.fr\/maison-edition\/wp-content\/uploads\/NOTICE_LIBEL_lugdunum-ok.pdf\" target=\"_blank\" rel=\"noopener noreferrer\">Notice libraire<\/a><br \/>\n[\/vc_column_text][\/vc_column][\/vc_row]<\/span><\/p>\n","protected":false},"excerpt":{"rendered":"<p><strong><span style=\"color: #ff0000;\"><b><br \/>\n<\/b><\/span>La cuisine romaine, de la taverne au banquet <\/strong>[Collectif]<strong><br \/>\n<\/strong><\/p>\n<p class=\"p1\">Le catalogue de l\u2019exposition <em>Une salade, C\u00e9sar ?<\/em> <em>La cuisine romaine, de la taverne au banque<\/em>t r\u00e9unit les contributions de plus de 25 sp\u00e9cialistes de l\u2019Antiquit\u00e9 romaine. Suivant le parcours propos\u00e9 aux visiteurs, il pr\u00e9sente dans un premier temps les modes de production, d\u2019acheminement et de vente des produits consomm\u00e9s \u00e0 l\u2019\u00e9poque romaine, en particulier \u00e0 <em>Lugdunum<\/em>. Dans une seconde partie, il s\u2019int\u00e9resse \u00e0 la pr\u00e9paration culinaire et aux pratiques alimentaires, de la salle de banquet des plus fortun\u00e9s aux tavernes urbaines. Cet ouvrage offre ainsi un panorama des connaissances actuelles sur l\u2019alimentation des habitants de <em>Lugdunum<\/em> acquises gr\u00e2ce aux donn\u00e9es arch\u00e9ologiques r\u00e9centes mises en regard des sources litt\u00e9raires.<\/p>\n<p>&nbsp;<\/p>\n<p><em>Cet ouvrage accompagne l&rsquo;exposition <strong>Une salade, C\u00e9sar ? La cuisine romaine, de la taverne au banquet\u00a0<\/strong>pr\u00e9sent\u00e9e du <span class=\"date date-from\"><span class=\"date-day\">15<\/span>\u00a0<span class=\"date-month\">novembre<\/span>\u00a0<span class=\"date-year\">2020<\/span>\u00a0<\/span>au 4 juillet <span class=\"date date-to\"><span class=\"date-year\">2021<\/span> \u00e0 <a href=\"https:\/\/lugdunum.grandlyon.com\/fr\/Agenda\/Tous-les-evenements\/Evenements\/1_Expositions\/Une-salade-Cesar-La-cuisine-romaine-de-la-taverne-au-banquet\" target=\"_blank\" rel=\"noopener noreferrer\">LUGDUNUM-Mus\u00e9e &amp; th\u00e9\u00e2tres romains<\/a>.\u00a0<\/span><\/em><\/p>\n<p>&nbsp;<\/p>\n<p>&nbsp;<\/p>\n<p>&nbsp;<\/p>\n","protected":false},"featured_media":7216,"template":"","meta":[],"product_cat":[71,76,77,82,13,15,43,23],"product_tag":[97,128,111,131,121],"class_list":["post-7206","product","type-product","status-publish","has-post-thumbnail","hentry","product_cat-arts","product_cat-gastronomie","product_cat-histoire-2","product_cat-libel","product_cat-beaux-arts","product_cat-histoire","product_cat-patrimoines","product_cat-regionalisme","product_tag-archeologie","product_tag-gastronomie","product_tag-histoire","product_tag-musee","product_tag-territoire"],"_links":{"self":[{"href":"https:\/\/www.editions-libel.fr\/maison-edition\/wp-json\/wp\/v2\/product\/7206","targetHints":{"allow":["GET"]}}],"collection":[{"href":"https:\/\/www.editions-libel.fr\/maison-edition\/wp-json\/wp\/v2\/product"}],"about":[{"href":"https:\/\/www.editions-libel.fr\/maison-edition\/wp-json\/wp\/v2\/types\/product"}],"wp:featuredmedia":[{"embeddable":true,"href":"https:\/\/www.editions-libel.fr\/maison-edition\/wp-json\/wp\/v2\/media\/7216"}],"wp:attachment":[{"href":"https:\/\/www.editions-libel.fr\/maison-edition\/wp-json\/wp\/v2\/media?parent=7206"}],"wp:term":[{"taxonomy":"product_cat","embeddable":true,"href":"https:\/\/www.editions-libel.fr\/maison-edition\/wp-json\/wp\/v2\/product_cat?post=7206"},{"taxonomy":"product_tag","embeddable":true,"href":"https:\/\/www.editions-libel.fr\/maison-edition\/wp-json\/wp\/v2\/product_tag?post=7206"}],"curies":[{"name":"wp","href":"https:\/\/api.w.org\/{rel}","templated":true}]}}