{"id":7143,"date":"2018-10-11T16:34:42","date_gmt":"2018-10-11T14:34:42","guid":{"rendered":"https:\/\/www.editions-libel.fr\/maison-edition\/?post_type=product&#038;p=7143"},"modified":"2025-12-11T16:32:38","modified_gmt":"2025-12-11T15:32:38","slug":"le-beaujolais","status":"publish","type":"product","link":"https:\/\/www.editions-libel.fr\/maison-edition\/boutique\/le-beaujolais\/","title":{"rendered":"Le Beaujolais"},"content":{"rendered":"[vc_row][vc_column][vc_column_text]<a href=\"https:\/\/fr.calameo.com\/read\/000958475adf95f1a3509\" target=\"_blank\" rel=\"noopener noreferrer\"><span style=\"text-decoration: underline;\">Extrait<\/span><\/a><br \/>\n<span style=\"text-decoration: underline;\"><a href=\"https:\/\/www.editions-libel.fr\/maison-edition\/wp-content\/uploads\/Bon_de_commande_-_Carnet_de_territoire_LeBeaujolais.pdf\" target=\"_blank\" rel=\"noopener noreferrer\">Notice<\/a><br \/>\n<a href=\"https:\/\/www.editions-libel.fr\/maison-edition\/wp-content\/uploads\/CTBeaujolais-sommaire.pdf\" target=\"_blank\" rel=\"noopener noreferrer\">Sommaire<\/a><\/span>[\/vc_column_text][\/vc_column][\/vc_row]\n","protected":false},"excerpt":{"rendered":"<p><strong><span style=\"color: #cc0000;\"><b>Derniers exemplaires<br \/>\n<\/b><\/span><\/strong><strong>Carnet de territoire<\/strong><\/p>\n<p>&nbsp;<\/p>\n<p>Au nord de Lyon, entre plaine de la Sa\u00f4ne et vall\u00e9e de la Loire, le Beaujolais dessine une s\u00e9rie de paysages n\u00e9s de l\u2019expression de la g\u00e9ologie et du relief, sublim\u00e9s par l\u2019agriculture, l\u2019architecture et la culture de ses habitants. Son patrimoine, ses terroirs et la qualit\u00e9 du cadre de vie offerte par ses paysages font l\u2019attractivit\u00e9 r\u00e9sidentielle, \u00e9conomique et touristique du Beaujolais.<br \/>\nSoumis \u00e0 une pression urbaine grandissante et \u00e0 de profondes mutations du monde agricole, le Beaujolais arbore de nouveaux visages et fait face \u00e0 des d\u00e9fis de taille : ma\u00eetrise du d\u00e9veloppement urbain, valorisation des fili\u00e8res agricoles et sylvicoles, pr\u00e9servation de la biodiversit\u00e9 et des ressources naturelles, promotion touristique, vitalit\u00e9 des centres, qualit\u00e9 de l\u2019habitat contemporain, etc. Autant d\u2019enjeux sur lesquels le CAUE Rh\u00f4ne M\u00e9tropole porte un regard en s\u2019appuyant sur le paysage, cl\u00e9 de la singularit\u00e9 des lieux. Une nouvelle entr\u00e9e pour comprendre et agir.<\/p>\n<p><strong><em>Ouvrage \u00e9dit\u00e9 par notre partenaire <a href=\"http:\/\/www.caue69.fr\/modules\/smartsection\/item.php?itemid=414\">CAUE Rh\u00f4ne M\u00e9tropole<\/a>.<\/em><\/strong><\/p>\n<p>&nbsp;<\/p>\n<p>&nbsp;<\/p>\n","protected":false},"featured_media":7147,"template":"","meta":[],"product_cat":[81],"product_tag":[125,127,121,137],"class_list":["post-7143","product","type-product","status-publish","has-post-thumbnail","hentry","product_cat-caue","product_tag-communaute","product_tag-geographie","product_tag-territoire","product_tag-voyage"],"_links":{"self":[{"href":"https:\/\/www.editions-libel.fr\/maison-edition\/wp-json\/wp\/v2\/product\/7143","targetHints":{"allow":["GET"]}}],"collection":[{"href":"https:\/\/www.editions-libel.fr\/maison-edition\/wp-json\/wp\/v2\/product"}],"about":[{"href":"https:\/\/www.editions-libel.fr\/maison-edition\/wp-json\/wp\/v2\/types\/product"}],"wp:featuredmedia":[{"embeddable":true,"href":"https:\/\/www.editions-libel.fr\/maison-edition\/wp-json\/wp\/v2\/media\/7147"}],"wp:attachment":[{"href":"https:\/\/www.editions-libel.fr\/maison-edition\/wp-json\/wp\/v2\/media?parent=7143"}],"wp:term":[{"taxonomy":"product_cat","embeddable":true,"href":"https:\/\/www.editions-libel.fr\/maison-edition\/wp-json\/wp\/v2\/product_cat?post=7143"},{"taxonomy":"product_tag","embeddable":true,"href":"https:\/\/www.editions-libel.fr\/maison-edition\/wp-json\/wp\/v2\/product_tag?post=7143"}],"curies":[{"name":"wp","href":"https:\/\/api.w.org\/{rel}","templated":true}]}}