{"id":7119,"date":"2018-10-12T09:28:39","date_gmt":"2018-10-12T07:28:39","guid":{"rendered":"https:\/\/www.editions-libel.fr\/maison-edition\/?post_type=product&#038;p=7119"},"modified":"2025-12-11T16:31:25","modified_gmt":"2025-12-11T15:31:25","slug":"carnet-de-territoire","status":"publish","type":"product","link":"https:\/\/www.editions-libel.fr\/maison-edition\/boutique\/carnet-de-territoire\/","title":{"rendered":"Le Lyonnais, monts et coteaux"},"content":{"rendered":"[vc_row][vc_column][vc_column_text]<a href=\"https:\/\/fr.calameo.com\/books\/0009584752cc8489d703b\"><span style=\"text-decoration: underline;\">Extrait<\/span><\/a><br \/>\n<span style=\"text-decoration: underline;\"><a href=\"https:\/\/www.editions-libel.fr\/maison-edition\/wp-content\/uploads\/CTLyonnais-AvisParution.pdf\" target=\"_blank\" rel=\"noopener noreferrer\">Notice<\/a><br \/>\n<a href=\"https:\/\/www.editions-libel.fr\/maison-edition\/wp-content\/uploads\/SOMMAIRE-CAUE-LYONNAIS.png\">Sommaire<\/a><\/span>[\/vc_column_text][\/vc_column][\/vc_row]\n","protected":false},"excerpt":{"rendered":"<p><strong>Carnet de territoire<br \/>\n<\/strong><\/p>\n<p><strong>\u00a0<\/strong><\/p>\n<p class=\"p1\">\u00c0 l\u2019ouest de Lyon, une s\u00e9rie de plateaux, de coteaux et de monts enveloppent l\u2019agglom\u00e9ration et partagent avec elle une relation, profonde et historique. Commun\u00e9ment appel\u00e9s \u00ab les monts du Lyonnais \u00bb, ce territoire qui s\u2019\u00e9tend du Rh\u00f4ne \u00e0 la Loire, entre le Beaujolais au nord et le Pilat au sud, se d\u00e9cline en une mosa\u00efque de paysages. Une g\u00e9ologie ancienne et singuli\u00e8re, une situation territoriale strat\u00e9gique et une exploitation mill\u00e9naire de ces ressources par les hommes sont \u00e0 l\u2019origine de riches patrimoines naturels et culturels. L\u2019agriculture dynamique et diversifi\u00e9e qui caract\u00e9rise le Lyonnais est le fruit d\u2019une intelligence collective et d\u2019un fragile \u00e9quilibre avec la ville.<\/p>\n<p class=\"p1\">Au carrefour de deux m\u00e9tropoles en mouvement, le \u00ab jardin de Lyon \u00bb conna\u00eet de profondes mutations qui menacent aujourd\u2019hui les singularit\u00e9s de son cadre de vie. \u00c0 l\u2019aube d\u2019une n\u00e9cessaire adaptation des territoires au changement climatique, concilier intensification de l\u2019habitat, croissance \u00e9conomique et valorisation d\u2019une campagne nourrici\u00e8re et biodiverse implique de nouvelles r\u00e9flexions concert\u00e9es, au coeur desquelles la question du paysage permet de construire un regard vers l\u2019avenir.<\/p>\n<p><strong><em>Ouvrage \u00e9dit\u00e9 par notre partenaire <a href=\"http:\/\/www.caue69.fr\/modules\/smartsection\/item.php?itemid=414\">CAUE Rh\u00f4ne M\u00e9tropole<\/a>.<\/em><\/strong><\/p>\n<p>&nbsp;<\/p>\n<p>&nbsp;<\/p>\n","protected":false},"featured_media":7124,"template":"","meta":[],"product_cat":[81],"product_tag":[92,124,95,91,121,123],"class_list":["post-7119","product","type-product","status-publish","has-post-thumbnail","hentry","product_cat-caue","product_tag-ecologie","product_tag-energie","product_tag-lyon","product_tag-montagne","product_tag-territoire","product_tag-ville"],"_links":{"self":[{"href":"https:\/\/www.editions-libel.fr\/maison-edition\/wp-json\/wp\/v2\/product\/7119","targetHints":{"allow":["GET"]}}],"collection":[{"href":"https:\/\/www.editions-libel.fr\/maison-edition\/wp-json\/wp\/v2\/product"}],"about":[{"href":"https:\/\/www.editions-libel.fr\/maison-edition\/wp-json\/wp\/v2\/types\/product"}],"wp:featuredmedia":[{"embeddable":true,"href":"https:\/\/www.editions-libel.fr\/maison-edition\/wp-json\/wp\/v2\/media\/7124"}],"wp:attachment":[{"href":"https:\/\/www.editions-libel.fr\/maison-edition\/wp-json\/wp\/v2\/media?parent=7119"}],"wp:term":[{"taxonomy":"product_cat","embeddable":true,"href":"https:\/\/www.editions-libel.fr\/maison-edition\/wp-json\/wp\/v2\/product_cat?post=7119"},{"taxonomy":"product_tag","embeddable":true,"href":"https:\/\/www.editions-libel.fr\/maison-edition\/wp-json\/wp\/v2\/product_tag?post=7119"}],"curies":[{"name":"wp","href":"https:\/\/api.w.org\/{rel}","templated":true}]}}