{"id":6847,"date":"2020-02-25T16:00:28","date_gmt":"2020-02-25T15:00:28","guid":{"rendered":"https:\/\/www.editions-libel.fr\/maison-edition\/?post_type=product&#038;p=6847"},"modified":"2026-04-23T15:01:15","modified_gmt":"2026-04-23T13:01:15","slug":"art-cloche-yonna-soltner","status":"publish","type":"product","link":"https:\/\/www.editions-libel.fr\/maison-edition\/boutique\/art-cloche-yonna-soltner\/","title":{"rendered":"Art-Cloche : Les oubli\u00e9s de l&rsquo;histoire ?"},"content":{"rendered":"[vc_row][vc_column][vc_column_text]<a href=\"https:\/\/heyzine.com\/flip-book\/35ad5c42be.html\" target=\"_blank\" rel=\"noopener noreferrer\"><span style=\"text-decoration: underline;\">Feuilleter un extrait<\/span><\/a><br \/>\n<a href=\"https:\/\/www.editions-libel.fr\/maison-edition\/wp-content\/uploads\/COMMUNIQUE-SCIENCES-PO_LIBEL.pdf\" target=\"_blank\" rel=\"noopener noreferrer\"><span style=\"text-decoration: underline;\">Communiqu\u00e9 de presse<\/span><\/a><br \/>\n<a href=\"https:\/\/www.editions-libel.fr\/maison-edition\/wp-content\/uploads\/NOTICE_LIBEL_ART-CLOCHE.pdf\" target=\"_blank\" rel=\"noopener noreferrer\"><span style=\"text-decoration: underline;\">Notice libraire<\/span><\/a>[\/vc_column_text][\/vc_column][\/vc_row]\n","protected":false},"excerpt":{"rendered":"<p><a class=\"ebook\" href=\"https:\/\/www.editions-fablyo.fr\/produit\/art-cloche-les-oublies-de-lhistoire\/\" target=\"_blank\" rel=\"noopener noreferrer\"><img decoding=\"async\" style=\"width: 30px;\" src=\"https:\/\/www.editions-libel.fr\/maison-edition\/picto-fablyo-rose.svg\" \/>Ebook disponible ici<\/a><\/p>\n<div id=\"tab-2c94af60-a783-10\" class=\"wpb_tab ui-tabs-panel wpb_ui-tabs-hide vc_clearfix ui-widget-content ui-corner-bottom\" role=\"tabpanel\" aria-labelledby=\"ui-id-1\" aria-hidden=\"false\">\n<div class=\"wpb_text_column wpb_content_element \">\n<div class=\"wpb_wrapper\">\n<p><strong><span style=\"color: #eb8367;\">Prix du m\u00e9moire de Sciences Po Lyon 2018<\/span><\/strong><\/p>\n<p><strong>Ce que la trajectoire des anciens d\u2019Art-Cloche nous dit sur le fonctionnement du monde de l\u2019art.<\/strong><\/p>\n<p class=\"p1\"><span class=\"s1\">Premier travail \u00e0 avoir re\u00e7u le Prix du m\u00e9moire de Sciences Po Lyon, cet ouvrage remet en lumi\u00e8re <\/span><span class=\"s1\">l\u2019histoire du collectif artistique Art-Cloche et soul\u00e8ve, \u00e0 travers la marginalit\u00e9 du mouvement, les questions de hi\u00e9rarchie et de pouvoir au sein du monde de l\u2019art.\u00a0<\/span><\/p>\n<p class=\"bodytext\"><strong>Ouvrage co\u00e9dit\u00e9 avec Sciences Po Lyon.\u00a0<\/strong><\/p>\n<p>&nbsp;<\/p>\n<p><span style=\"color: #eb8367;\"><strong>\u00c9galement \u00e9dit\u00e9s dans la collection : <\/strong><\/span><strong><em><a href=\"https:\/\/www.editions-libel.fr\/maison-edition\/boutique\/rwanda-1994-et-instrumentalisation-du-corps-des-femmes\/\">Rwanda 1994 et instrumentalisation du corps des femmes<\/a>,<\/em>\u00a0<em><a href=\"https:\/\/www.editions-libel.fr\/maison-edition\/boutique\/les-ecosystemes-ont-ils-des-droits\/\">Les \u00e9cosyst\u00e8mes ont-ils des droits ?<\/a><\/em> et bien d&rsquo;autres.<\/strong><\/p>\n<p><span style=\"text-decoration: underline;\"><strong><a href=\"https:\/\/www.editions-libel.fr\/maison-edition\/categorie-produit\/histoire-2\/collection-sciences-po\/\"><span style=\"color: #eb8367; text-decoration: underline;\">Retrouvez ici l&rsquo;ensemble de la <\/span><span style=\"color: #eb8367; text-decoration: underline;\">collection Science Po<\/span><\/a><\/strong><\/span><\/p>\n<\/div>\n<\/div>\n<\/div>\n","protected":false},"featured_media":6858,"template":"","meta":[],"product_cat":[88,77,82,15,25],"product_tag":[117,108,111,96],"class_list":["post-6847","product","type-product","status-publish","has-post-thumbnail","hentry","product_cat-collection-sciences-po","product_cat-histoire-2","product_cat-libel","product_cat-histoire","product_cat-societe","product_tag-art","product_tag-education","product_tag-histoire","product_tag-politique"],"_links":{"self":[{"href":"https:\/\/www.editions-libel.fr\/maison-edition\/wp-json\/wp\/v2\/product\/6847","targetHints":{"allow":["GET"]}}],"collection":[{"href":"https:\/\/www.editions-libel.fr\/maison-edition\/wp-json\/wp\/v2\/product"}],"about":[{"href":"https:\/\/www.editions-libel.fr\/maison-edition\/wp-json\/wp\/v2\/types\/product"}],"wp:featuredmedia":[{"embeddable":true,"href":"https:\/\/www.editions-libel.fr\/maison-edition\/wp-json\/wp\/v2\/media\/6858"}],"wp:attachment":[{"href":"https:\/\/www.editions-libel.fr\/maison-edition\/wp-json\/wp\/v2\/media?parent=6847"}],"wp:term":[{"taxonomy":"product_cat","embeddable":true,"href":"https:\/\/www.editions-libel.fr\/maison-edition\/wp-json\/wp\/v2\/product_cat?post=6847"},{"taxonomy":"product_tag","embeddable":true,"href":"https:\/\/www.editions-libel.fr\/maison-edition\/wp-json\/wp\/v2\/product_tag?post=6847"}],"curies":[{"name":"wp","href":"https:\/\/api.w.org\/{rel}","templated":true}]}}