{"id":6701,"date":"2019-12-09T14:54:54","date_gmt":"2019-12-09T13:54:54","guid":{"rendered":"https:\/\/www.editions-libel.fr\/maison-edition\/?post_type=product&#038;p=6701"},"modified":"2025-12-11T16:10:25","modified_gmt":"2025-12-11T15:10:25","slug":"memoires-urbaines","status":"publish","type":"product","link":"https:\/\/www.editions-libel.fr\/maison-edition\/boutique\/memoires-urbaines\/","title":{"rendered":"M\u00e9moires urbaines"},"content":{"rendered":"[vc_row][vc_column][vc_column_text]<a href=\"https:\/\/issuu.com\/libel\/docs\/memoires_urbaines_libel_issuu_2\" target=\"_blank\" rel=\"noopener noreferrer\"><span style=\"text-decoration: underline;\">Feuilleter un extrait<\/span><\/a><br \/>\n<a href=\"https:\/\/www.editions-libel.fr\/maison-edition\/wp-content\/uploads\/PRESSE-32P.pdf\" target=\"_blank\" rel=\"noopener noreferrer\"><span style=\"text-decoration: underline;\">Dossier de presse<\/span><\/a><br \/>\n<a href=\"https:\/\/www.editions-libel.fr\/maison-edition\/wp-content\/uploads\/NOTICE_LIBEL_MEMOIRES-URBAINES.pdf\" target=\"_blank\" rel=\"noopener noreferrer\"><span style=\"text-decoration: underline;\">Notice libraire<\/span><\/a><\/p>\n<p>&nbsp;<\/p>\n<p><strong>On en parle :<\/strong>[\/vc_column_text][\/vc_column][\/vc_row][vc_row][vc_column][vc_tta_pageable no_fill_content_area=\u00a0\u00bb1&Prime; active_section=\u00a0\u00bb1&Prime; pagination_color=\u00a0\u00bborange\u00a0\u00bb][vc_tta_section title=\u00a0\u00bbSection 1&Prime; tab_id=\u00a0\u00bb1590488744043-411c8168-d622&Prime;][vc_column_text]<em>Ce tir\u00e9 \u00e0 part impressionne !<br \/>\n<\/em>Thierry Kuntz, photographe[\/vc_column_text][\/vc_tta_section][vc_tta_section title=\u00a0\u00bbSection 2&Prime; tab_id=\u00a0\u00bb1590488744059-71446801-7231&Prime;][vc_column_text]<em>Un bel objet, qui rend parfaitement hommage au travail accompli.<br \/>\n<\/em>Aur\u00e9lie Lallement, charg\u00e9e de recherche[\/vc_column_text][\/vc_tta_section][\/vc_tta_pageable][\/vc_column][\/vc_row]\n","protected":false},"excerpt":{"rendered":"<p><strong><br \/>\n<\/strong>Divers|Cit\u00e9s [Collectif]<\/p>\n<p>Cette s\u00e9lection de vues contemporaines et plus anciennes contribue \u00e0 r\u00e9v\u00e9ler comment les grands ensembles en Bourgogne, et en particulier \u00e0 Chalon-sur-Sa\u00f4ne, ont fa\u00e7onn\u00e9 le paysage urbain et les m\u00e9moires collectives. Fruits d\u2019une histoire et d\u2019une architecture singuli\u00e8res, les quartiers se caract\u00e9risent par leur \u00e9volution constante et par la n\u00e9cessit\u00e9 d\u2019en saisir tous les enjeux ainsi que leurs dimensions paysag\u00e8res.<\/p>\n<p class=\"bodytext\">Ouvrage collectif, dirig\u00e9 et r\u00e9alis\u00e9 par le\u00a0<b>service Inventaire et Patrimoine de la R\u00e9gion Bourgogne-Franche-Comt\u00e9.<\/b><\/p>\n<p><strong><span style=\"color: #f07c29;\">\u00c9galement \u00e9dit\u00e9 avec ce partenaire <\/span>: <em><a href=\"https:\/\/www.editions-libel.fr\/maison-edition\/boutique\/diverscites\/\">Divers| Cit\u00e9s. Les Grands Ensembles \u2013 Bourgogne &amp; Chalon-sur-Sa\u00f4ne<\/a><\/em><\/strong><\/p>\n<p><em><br \/>\n<strong>L\u2019Inventaire g\u00e9n\u00e9ral<\/strong>\u00a0a \u00e9t\u00e9 cr\u00e9\u00e9 en 1964 par Andr\u00e9 Malraux. La mission de ce service d\u00e9sormais rattach\u00e9 aux R\u00e9gions est de recenser, \u00e9tudier et faire conna\u00eetre les \u00e9l\u00e9ments du patrimoine qui pr\u00e9sentent un int\u00e9r\u00eat culturel, historique ou scientifique. La collection nationale des\u00a0<strong>Cahiers du Patrimoine<\/strong>\u00a0r\u00e9unit l\u2019ensemble des synth\u00e8ses de recherches faites par les meilleurs sp\u00e9cialistes sur un th\u00e8me, une aire g\u00e9ographique, un quartier, une ville, un monument\u2026<br \/>\n<\/em><\/p>\n<p>&nbsp;<\/p>\n","protected":false},"featured_media":6702,"template":"","meta":[],"product_cat":[71,77,82,11,43,23,25,26],"product_tag":[120,109,125,121,119],"class_list":["post-6701","product","type-product","status-publish","has-post-thumbnail","hentry","product_cat-arts","product_cat-histoire-2","product_cat-libel","product_cat-architecture","product_cat-patrimoines","product_cat-regionalisme","product_cat-societe","product_cat-urbanisme","product_tag-amenagement","product_tag-architecture","product_tag-communaute","product_tag-territoire","product_tag-urbanisme"],"_links":{"self":[{"href":"https:\/\/www.editions-libel.fr\/maison-edition\/wp-json\/wp\/v2\/product\/6701","targetHints":{"allow":["GET"]}}],"collection":[{"href":"https:\/\/www.editions-libel.fr\/maison-edition\/wp-json\/wp\/v2\/product"}],"about":[{"href":"https:\/\/www.editions-libel.fr\/maison-edition\/wp-json\/wp\/v2\/types\/product"}],"wp:featuredmedia":[{"embeddable":true,"href":"https:\/\/www.editions-libel.fr\/maison-edition\/wp-json\/wp\/v2\/media\/6702"}],"wp:attachment":[{"href":"https:\/\/www.editions-libel.fr\/maison-edition\/wp-json\/wp\/v2\/media?parent=6701"}],"wp:term":[{"taxonomy":"product_cat","embeddable":true,"href":"https:\/\/www.editions-libel.fr\/maison-edition\/wp-json\/wp\/v2\/product_cat?post=6701"},{"taxonomy":"product_tag","embeddable":true,"href":"https:\/\/www.editions-libel.fr\/maison-edition\/wp-json\/wp\/v2\/product_tag?post=6701"}],"curies":[{"name":"wp","href":"https:\/\/api.w.org\/{rel}","templated":true}]}}