{"id":4366,"date":"2018-12-05T10:58:10","date_gmt":"2018-12-05T09:58:10","guid":{"rendered":"http:\/\/www.editions-libel.fr\/maison-edition\/boutique\/les-voies-des-mangini\/"},"modified":"2026-01-16T10:26:26","modified_gmt":"2026-01-16T09:26:26","slug":"les-voies-des-mangini","status":"publish","type":"product","link":"https:\/\/www.editions-libel.fr\/maison-edition\/boutique\/les-voies-des-mangini\/","title":{"rendered":"Les voies des Mangini"},"content":{"rendered":"[vc_row][vc_column][vc_column_text]<span style=\"text-decoration: underline;\"><a href=\"https:\/\/heyzine.com\/flip-book\/d0619e5957.html\" target=\"_blank\" rel=\"noopener noreferrer\">Feuilleter un extrait<\/a><\/span><br \/>\n<span style=\"text-decoration: underline;\"><a href=\"https:\/\/www.editions-libel.fr\/maison-edition\/wp-content\/uploads\/DP_MANGINI.pdf\" target=\"_blank\" rel=\"noopener noreferrer\">Dossier de presse<\/a><\/span><br \/>\n<span style=\"text-decoration: underline;\"><a href=\"https:\/\/www.editions-libel.fr\/maison-edition\/wp-content\/uploads\/Notice_MANGINI.pdf\" target=\"_blank\" rel=\"noopener noreferrer\">Notice libraire<\/a><\/span><\/p>\n<p>&nbsp;<\/p>\n<p><strong>On en parle :<\/strong>[\/vc_column_text][\/vc_column][\/vc_row][vc_row][vc_column][vc_tta_pageable no_fill_content_area=\u00a0\u00bb1&Prime; active_section=\u00a0\u00bb1&Prime; pagination_color=\u00a0\u00bborange\u00a0\u00bb][vc_tta_section title=\u00a0\u00bbSection 2&Prime; tab_id=\u00a0\u00bb1590496159211-0c740d8f-313f\u00a0\u00bb][vc_column_text]<em>Une formidable \u00e9pop\u00e9e racont\u00e9e dans un ouvrage \u00e0 multiples entr\u00e9es.\u00a0<\/em><br \/>\nLe Progr\u00e8s[\/vc_column_text][\/vc_tta_section][\/vc_tta_pageable][\/vc_column][\/vc_row]\n","protected":false},"excerpt":{"rendered":"<p><strong><b><span style=\"color: #ff0000;\">\u00c9puis\u00e9<\/span><br \/>\n<\/b><\/strong><strong>Entrepreneurs et humanistes lyonnais<br \/>\n<\/strong>Lazare Mangini, arriv\u00e9 en terre lyonnaise en 1829, est le fondateur d\u2019une dynastie d\u2019entrepreneurs et d\u2019humanistes dont l\u2019histoire est passionnante. Marc Seguin, L\u00e9on B\u00e9rard, Joseph Gensoul\u2026 Autant de figures li\u00e9es \u00e0 cette famille lyonnaise qui ont marqu\u00e9 leur temps et leur territoire dans les domaines de l\u2019industrie, la science, la m\u00e9decine et la politique. Dans cet ouvrage illustr\u00e9 de riches archives, la journaliste Laurence Jaillard l\u00e8ve le voile sur ces personnages et leur trajectoire.<\/p>\n","protected":false},"featured_media":6779,"template":"","meta":[],"product_cat":[77,82,8,15,17,43,22,23,24,25],"product_tag":[95,140,122,94],"class_list":["post-4366","product","type-product","status-publish","has-post-thumbnail","hentry","product_cat-histoire-2","product_cat-libel","product_cat-epuises","product_cat-histoire","product_cat-lyon","product_cat-patrimoines","product_cat-recit","product_cat-regionalisme","product_cat-sciences","product_cat-societe","product_tag-lyon","product_tag-memoire","product_tag-photographie","product_tag-sciences"],"_links":{"self":[{"href":"https:\/\/www.editions-libel.fr\/maison-edition\/wp-json\/wp\/v2\/product\/4366","targetHints":{"allow":["GET"]}}],"collection":[{"href":"https:\/\/www.editions-libel.fr\/maison-edition\/wp-json\/wp\/v2\/product"}],"about":[{"href":"https:\/\/www.editions-libel.fr\/maison-edition\/wp-json\/wp\/v2\/types\/product"}],"wp:featuredmedia":[{"embeddable":true,"href":"https:\/\/www.editions-libel.fr\/maison-edition\/wp-json\/wp\/v2\/media\/6779"}],"wp:attachment":[{"href":"https:\/\/www.editions-libel.fr\/maison-edition\/wp-json\/wp\/v2\/media?parent=4366"}],"wp:term":[{"taxonomy":"product_cat","embeddable":true,"href":"https:\/\/www.editions-libel.fr\/maison-edition\/wp-json\/wp\/v2\/product_cat?post=4366"},{"taxonomy":"product_tag","embeddable":true,"href":"https:\/\/www.editions-libel.fr\/maison-edition\/wp-json\/wp\/v2\/product_tag?post=4366"}],"curies":[{"name":"wp","href":"https:\/\/api.w.org\/{rel}","templated":true}]}}