{"id":4021,"date":"2018-09-16T10:34:47","date_gmt":"2018-09-16T09:34:47","guid":{"rendered":"http:\/\/www.editions-libel.fr\/maison-edition\/boutique\/une-grande-ecole-de-la-cite-sciences-po-lyon-70-ans\/"},"modified":"2025-12-11T16:37:13","modified_gmt":"2025-12-11T15:37:13","slug":"une-grande-ecole-de-la-cite-sciences-po-lyon-70-ans","status":"publish","type":"product","link":"https:\/\/www.editions-libel.fr\/maison-edition\/boutique\/une-grande-ecole-de-la-cite-sciences-po-lyon-70-ans\/","title":{"rendered":"Une grande \u00e9cole de la cit\u00e9"},"content":{"rendered":"[vc_row][vc_column][vc_column_text]<span style=\"text-decoration: underline;\"><a href=\"https:\/\/heyzine.com\/flip-book\/040aabe22e.html\" target=\"_blank\" rel=\"noopener noreferrer\">Feuilleter un extrait<\/a><\/span><br \/>\n<span style=\"text-decoration: underline;\"><a href=\"https:\/\/www.editions-libel.fr\/maison-edition\/wp-content\/uploads\/DP_sciencespo.pdf\" target=\"_blank\" rel=\"noopener noreferrer\">Dossier de presse<\/a><\/span><br \/>\n<span style=\"text-decoration: underline;\"><a href=\"https:\/\/www.editions-libel.fr\/maison-edition\/wp-content\/uploads\/Notice_SCIENCESPO.pdf\" target=\"_blank\" rel=\"noopener noreferrer\">Notice libraire<\/a><\/span>[\/vc_column_text][\/vc_column][\/vc_row]\n","protected":false},"excerpt":{"rendered":"<p><span style=\"color: #ff0000;\"><strong><b>\u00c9puis\u00e9<\/b><\/strong><\/span><\/p>\n<p><strong>Sciences Po Lyon, 70 ans <\/strong>[Collectif]<strong><br \/>\n<\/strong>\u00c0 l\u2019occasion de ses 70 ans, l\u2019\u00e9cole Sciences Po Lyon revient sur son histoire\u00a0qui d\u00e9bute autour de la Seconde Guerre mondiale. Mais cet ouvrage anniversaire invite \u00e9galement \u00e0 d\u00e9couvrir l\u2019esprit de Sciences Po Lyon \u00e0 travers\u00a070 portraits de dipl\u00f4m\u00e9s et acteurs, qui soulignent la diversit\u00e9 des trajectoires n\u00e9es au sein de l\u2019\u00e9cole.<\/p>\n<p>Ouvrage dirig\u00e9 par<strong>\u00a0<a href=\"https:\/\/www.editions-libel.fr\/maison-edition\/author-book\/renaud-payre\/\">Renaud Payre<\/a><\/strong> en partenariat<strong>\u00a0<a href=\"https:\/\/www.sciencespo-lyon.fr\/\" target=\"_blank\" rel=\"noopener noreferrer\">Sciences Po Lyon<\/a><\/strong><\/p>\n","protected":false},"featured_media":10623,"template":"","meta":[],"product_cat":[77,82,8,15,17,43,25],"product_tag":[108,111,95,103,99,94],"class_list":["post-4021","product","type-product","status-publish","has-post-thumbnail","hentry","product_cat-histoire-2","product_cat-libel","product_cat-epuises","product_cat-histoire","product_cat-lyon","product_cat-patrimoines","product_cat-societe","product_tag-education","product_tag-histoire","product_tag-lyon","product_tag-memoire-des-conflits","product_tag-savoir-faire","product_tag-sciences"],"_links":{"self":[{"href":"https:\/\/www.editions-libel.fr\/maison-edition\/wp-json\/wp\/v2\/product\/4021","targetHints":{"allow":["GET"]}}],"collection":[{"href":"https:\/\/www.editions-libel.fr\/maison-edition\/wp-json\/wp\/v2\/product"}],"about":[{"href":"https:\/\/www.editions-libel.fr\/maison-edition\/wp-json\/wp\/v2\/types\/product"}],"wp:featuredmedia":[{"embeddable":true,"href":"https:\/\/www.editions-libel.fr\/maison-edition\/wp-json\/wp\/v2\/media\/10623"}],"wp:attachment":[{"href":"https:\/\/www.editions-libel.fr\/maison-edition\/wp-json\/wp\/v2\/media?parent=4021"}],"wp:term":[{"taxonomy":"product_cat","embeddable":true,"href":"https:\/\/www.editions-libel.fr\/maison-edition\/wp-json\/wp\/v2\/product_cat?post=4021"},{"taxonomy":"product_tag","embeddable":true,"href":"https:\/\/www.editions-libel.fr\/maison-edition\/wp-json\/wp\/v2\/product_tag?post=4021"}],"curies":[{"name":"wp","href":"https:\/\/api.w.org\/{rel}","templated":true}]}}