{"id":3916,"date":"2018-08-14T15:52:03","date_gmt":"2018-08-14T14:52:03","guid":{"rendered":"http:\/\/www.editions-libel.fr\/maison-edition\/boutique\/monastere-de-la-visitation\/"},"modified":"2025-12-11T16:49:24","modified_gmt":"2025-12-11T15:49:24","slug":"monastere-de-la-visitation","status":"publish","type":"product","link":"https:\/\/www.editions-libel.fr\/maison-edition\/boutique\/monastere-de-la-visitation\/","title":{"rendered":"Du monast\u00e8re au p\u00f4le culturel de la Visitation"},"content":{"rendered":"[vc_row][vc_column][vc_column_text]<span style=\"text-decoration: underline;\"><a href=\"https:\/\/heyzine.com\/flip-book\/e9d07ca710.html\" target=\"_blank\" rel=\"noopener noreferrer\">Feuilleter un extrait<\/a><br \/>\n<a href=\"https:\/\/www.editions-libel.fr\/maison-edition\/wp-content\/uploads\/THONON-SOMMAIRE.pdf\" target=\"_blank\" rel=\"noopener noreferrer\">Voir le sommaire<\/a><br \/>\n<\/span><span style=\"text-decoration: underline;\"><a href=\"https:\/\/www.editions-libel.fr\/maison-edition\/wp-content\/uploads\/DOSSIER_DE_PRESSE-THONON2-bd.pdf\" target=\"_blank\" rel=\"noopener noreferrer\">Dossier de presse<\/a><\/span><br \/>\n<span style=\"text-decoration: underline;\"><a href=\"https:\/\/www.editions-libel.fr\/maison-edition\/wp-content\/uploads\/NOTICE_THONON2.pdf\" target=\"_blank\" rel=\"noopener noreferrer\">Notice libraire<\/a><\/span>[\/vc_column_text][\/vc_column][\/vc_row]\n","protected":false},"excerpt":{"rendered":"<p>[Collectif]<strong><br \/>\n<\/strong>\u00c0 la d\u00e9couverte de l\u2019histoire du monast\u00e8re de la Visitation\u00a0de Thonon-les-Bains. Inscrit dans le paysage urbain\u00a0depuis cinq si\u00e8cles, il conna\u00eet aujourd\u2019hui sa compl\u00e8te\u00a0r\u00e9habilitation en un p\u00f4le culturel pluridisciplinaire dans\u00a0le respect de la vocation culturelle d\u00e9cid\u00e9e il y a 50 ans\u00a0lors des travaux d\u2019\u00e9dification du quartier de la R\u00e9novation.\u00a0V\u00e9ritable carnet de visite du b\u00e2timent, cet ouvrage collectif\u00a0tr\u00e8s illustr\u00e9 dresse un \u00e9tat des lieux depuis sa cr\u00e9ation\u00a0jusqu\u2019\u00e0 son parach\u00e8vement en 2018.<\/p>\n<p>Ouvrage dirig\u00e9 par<strong> Nathalie Renaud <\/strong>en partenariat avec la <strong><a href=\"https:\/\/www.thononlesbains.com\/fr\/\" target=\"_blank\" rel=\"noopener noreferrer\">Ville de Thonon-les-Bains<\/a><\/strong><\/p>\n","protected":false},"featured_media":5312,"template":"","meta":[],"product_cat":[71,77,82,11,15,43,23],"product_tag":[109,132,111,98],"class_list":["post-3916","product","type-product","status-publish","has-post-thumbnail","hentry","product_cat-arts","product_cat-histoire-2","product_cat-libel","product_cat-architecture","product_cat-histoire","product_cat-patrimoines","product_cat-regionalisme","product_tag-architecture","product_tag-culture","product_tag-histoire","product_tag-spiritualite"],"_links":{"self":[{"href":"https:\/\/www.editions-libel.fr\/maison-edition\/wp-json\/wp\/v2\/product\/3916","targetHints":{"allow":["GET"]}}],"collection":[{"href":"https:\/\/www.editions-libel.fr\/maison-edition\/wp-json\/wp\/v2\/product"}],"about":[{"href":"https:\/\/www.editions-libel.fr\/maison-edition\/wp-json\/wp\/v2\/types\/product"}],"wp:featuredmedia":[{"embeddable":true,"href":"https:\/\/www.editions-libel.fr\/maison-edition\/wp-json\/wp\/v2\/media\/5312"}],"wp:attachment":[{"href":"https:\/\/www.editions-libel.fr\/maison-edition\/wp-json\/wp\/v2\/media?parent=3916"}],"wp:term":[{"taxonomy":"product_cat","embeddable":true,"href":"https:\/\/www.editions-libel.fr\/maison-edition\/wp-json\/wp\/v2\/product_cat?post=3916"},{"taxonomy":"product_tag","embeddable":true,"href":"https:\/\/www.editions-libel.fr\/maison-edition\/wp-json\/wp\/v2\/product_tag?post=3916"}],"curies":[{"name":"wp","href":"https:\/\/api.w.org\/{rel}","templated":true}]}}