{"id":3864,"date":"2018-06-05T11:19:06","date_gmt":"2018-06-05T10:19:06","guid":{"rendered":"http:\/\/www.editions-libel.fr\/maison-edition\/boutique\/lyon-confluence\/"},"modified":"2026-02-10T12:38:57","modified_gmt":"2026-02-10T11:38:57","slug":"lyon-confluence","status":"publish","type":"product","link":"https:\/\/www.editions-libel.fr\/maison-edition\/boutique\/lyon-confluence\/","title":{"rendered":"Lyon Confluence"},"content":{"rendered":"[vc_row][vc_column][vc_column_text]<span style=\"text-decoration: underline;\"><a href=\"https:\/\/heyzine.com\/flip-book\/9838beeed5.html\" target=\"_blank\" rel=\"noopener noreferrer\">Feuilleter un extrait<\/a><br \/>\n<a href=\"https:\/\/www.editions-libel.fr\/maison-edition\/wp-content\/uploads\/CONFLUENCE-SOMMAIRE.pdf\" target=\"_blank\" rel=\"noopener noreferrer\">Voir le sommaire<\/a><\/span><br \/>\n<span style=\"text-decoration: underline;\"><a href=\"https:\/\/www.editions-libel.fr\/maison-edition\/wp-content\/uploads\/DP-CONFLUENCE.pdf\" target=\"_blank\" rel=\"noopener noreferrer\">Dossier de presse<\/a><\/span><br \/>\n<span style=\"text-decoration: underline;\"><a href=\"https:\/\/www.editions-libel.fr\/maison-edition\/wp-content\/uploads\/Notice_CONFLUENCE-1.pdf\" target=\"_blank\" rel=\"noopener noreferrer\">Notice libraire<\/a><\/span><\/p>\n<p>&nbsp;<\/p>\n<p><strong>On en parle :<\/strong>[\/vc_column_text][\/vc_column][\/vc_row][vc_row][vc_column][vc_tta_pageable no_fill_content_area=\u00a0\u00bb1&Prime; active_section=\u00a0\u00bb1&Prime; pagination_color=\u00a0\u00bborange\u00a0\u00bb][vc_tta_section title=\u00a0\u00bbSection 1&Prime; tab_id=\u00a0\u00bb1591088065947-fb4033fc-d7fe\u00a0\u00bb][vc_column_text]<em>Bien document\u00e9 et bien illustr\u00e9. Une bonne synth\u00e8se des travaux d&rsquo;am\u00e9nagement de ce lieux si embl\u00e9matique de Lyon.<\/em><br \/>\nS\u00e9bastien M.[\/vc_column_text][\/vc_tta_section][\/vc_tta_pageable][\/vc_column][\/vc_row]\n","protected":false},"excerpt":{"rendered":"<p><strong><span style=\"color: #cc0000;\"><b><br \/>\n<\/b><\/span><\/strong><strong>Une conqu\u00eate \u00e0 contre-courant<br \/>\n<\/strong>L\u2019incroyable m\u00e9tamorphose territoriale en cours, sur le confluent de la Sa\u00f4ne au Rh\u00f4ne, ne saurait faire oublier le processus historique \u00e0 l\u2019oeuvre depuis le Si\u00e8cle des lumi\u00e8res, lorsqu\u2019Antoine Perrache proposa d\u2019inventer \u00e0 Lyon \u00ab un territoire qui n\u2019existait pas \u00bb. Chaque \u00e9poque y a laiss\u00e9 la marque de ses audaces, de ses infrastructures, de ses utopies et de ses visions du progr\u00e8s. Aujourd\u2019hui, le mod\u00e8le est \u00e0 la ville durable, et La Confluence est de nouveau au rendez-vous, en tant que laboratoire de l\u2019\u00e9cologie urbaine.<\/p>\n<p><strong>\u00c9galement disponibles dans la collection <\/strong><a href=\"https:\/\/www.editions-libel.fr\/maison-edition\/categorie-produit\/collection-lignes-de-villes\/\" target=\"_blank\" rel=\"noopener noreferrer\">Lignes de vi[ll]es<\/a><\/p>\n","protected":false},"featured_media":5268,"template":"","meta":[],"product_cat":[71,77,82,11,15,17,43,23,25,26,44],"product_tag":[120,109,125,113,92,124,95],"class_list":["post-3864","product","type-product","status-publish","has-post-thumbnail","hentry","product_cat-arts","product_cat-histoire-2","product_cat-libel","product_cat-architecture","product_cat-histoire","product_cat-lyon","product_cat-patrimoines","product_cat-regionalisme","product_cat-societe","product_cat-urbanisme","product_cat-collection-lignes-de-villes","product_tag-amenagement","product_tag-architecture","product_tag-communaute","product_tag-design","product_tag-ecologie","product_tag-energie","product_tag-lyon"],"_links":{"self":[{"href":"https:\/\/www.editions-libel.fr\/maison-edition\/wp-json\/wp\/v2\/product\/3864","targetHints":{"allow":["GET"]}}],"collection":[{"href":"https:\/\/www.editions-libel.fr\/maison-edition\/wp-json\/wp\/v2\/product"}],"about":[{"href":"https:\/\/www.editions-libel.fr\/maison-edition\/wp-json\/wp\/v2\/types\/product"}],"wp:featuredmedia":[{"embeddable":true,"href":"https:\/\/www.editions-libel.fr\/maison-edition\/wp-json\/wp\/v2\/media\/5268"}],"wp:attachment":[{"href":"https:\/\/www.editions-libel.fr\/maison-edition\/wp-json\/wp\/v2\/media?parent=3864"}],"wp:term":[{"taxonomy":"product_cat","embeddable":true,"href":"https:\/\/www.editions-libel.fr\/maison-edition\/wp-json\/wp\/v2\/product_cat?post=3864"},{"taxonomy":"product_tag","embeddable":true,"href":"https:\/\/www.editions-libel.fr\/maison-edition\/wp-json\/wp\/v2\/product_tag?post=3864"}],"curies":[{"name":"wp","href":"https:\/\/api.w.org\/{rel}","templated":true}]}}