{"id":3818,"date":"2018-05-07T12:43:12","date_gmt":"2018-05-07T11:43:12","guid":{"rendered":"http:\/\/www.editions-libel.fr\/maison-edition\/boutique\/resistances-juives\/"},"modified":"2025-12-11T17:00:08","modified_gmt":"2025-12-11T16:00:08","slug":"resistances-juives","status":"publish","type":"product","link":"https:\/\/www.editions-libel.fr\/maison-edition\/boutique\/resistances-juives\/","title":{"rendered":"R\u00e9sistances juives"},"content":{"rendered":"[vc_row][vc_column][vc_column_text]<span style=\"text-decoration: underline;\"><a href=\"https:\/\/heyzine.com\/flip-book\/069934edeb.html\" target=\"_blank\" rel=\"noopener noreferrer\">Feuilleter un extrait<\/a><br \/>\n<a href=\"https:\/\/www.editions-libel.fr\/maison-edition\/wp-content\/uploads\/RJ-SOMMAIRE.pdf\" target=\"_blank\" rel=\"noopener noreferrer\">Voir le sommaire<\/a><\/span><br \/>\n<span style=\"text-decoration: underline;\"><a href=\"http:\/\/dev.editions-libel.fr\/2019\/wp-content\/uploads\/DP_RJ-1-1.pdf\" target=\"_blank\" rel=\"noopener noreferrer\">Dossier de presse<\/a><\/span><br \/>\n<span style=\"text-decoration: underline;\"><a href=\"https:\/\/www.editions-libel.fr\/maison-edition\/wp-content\/uploads\/Notice_RJ.pdf\" target=\"_blank\" rel=\"noopener noreferrer\">Notice libraire<\/a><\/span>[\/vc_column_text][\/vc_column][\/vc_row]\n","protected":false},"excerpt":{"rendered":"<p><strong><b><span style=\"color: #cc0000;\"><br \/>\n<\/span><\/b><\/strong><strong>Solidarit\u00e9s, r\u00e9seaux, parcours <\/strong>[Collectif]<strong><br \/>\n<\/strong>Ce bel ouvrage richement illustr\u00e9 et document\u00e9 revient sur l&rsquo;action des Justes pendant la Seconde Guerre mondiale. Il compte notamment de pr\u00e9cieux t\u00e9moignages et r\u00e9cits, dont ceux de <strong>Boris Cyrulnik<\/strong> et <strong>Serge Klarsfeld<\/strong>, mais \u00e9galement d&rsquo;autres t\u00e9moins-acteurs qui ont incarn\u00e9 dans l&rsquo;ombre cette r\u00e9sistance civile en faveur de l&rsquo;accueil et du sauvetage de personnes juives.<\/p>\n<p>Ouvrage dirig\u00e9 par <strong>Philippe Hanus<\/strong> et<strong> Bernard Delpal<\/strong> en partenariat avec le <strong>R\u00e9seau M\u00e9morha<\/strong>.<\/p>\n<p><strong><span style=\"color: #eb8367;\">\u00c9galement \u00e9dit\u00e9 avec le R\u00e9seau M\u00e9morha :<\/span><a href=\"https:\/\/www.editions-libel.fr\/maison-edition\/boutique\/prendre-le-maquis\/\"><em> Prendre le Maquis. Traces, histoires, m\u00e9moires <\/em><\/a><em>et <\/em><a href=\"https:\/\/www.editions-libel.fr\/maison-edition\/boutique\/survie-des-juifs-en-europe\/\"><em>Survie des juifs en Europe. Pers\u00e9cut\u00e9s, sauveteurs, Justes<\/em><\/a><\/strong><\/p>\n<p><em><br \/>\n<a href=\"http:\/\/www.reseaumemorha.org\/\"><strong>Le R\u00e9seau M\u00e9morha <\/strong><\/a>f\u00e9d\u00e8re depuis 2011 mus\u00e9es, m\u00e9moriaux, sites historiques et acteurs culturels, \u00e9ducatifs et scientifiques en Rh\u00f4ne-Alpes-Auvergne, avec pour mission premi\u00e8re de mener une r\u00e9flexion sur la transmission de l\u2019histoire de la Seconde Guerre mondiale ainsi que sur les nouvelles formes de repr\u00e9sentation de la p\u00e9riode dans l\u2019espace public. M\u00e9morha se veut \u00e9galement un lieu d\u2019\u00e9change d\u2019exp\u00e9riences scientifiques et professionnelles en France et en Europe.<\/em><\/p>\n","protected":false},"featured_media":5346,"template":"","meta":[],"product_cat":[77,82,15,16],"product_tag":[125,132,103],"class_list":["post-3818","product","type-product","status-publish","has-post-thumbnail","hentry","product_cat-histoire-2","product_cat-libel","product_cat-histoire","product_cat-histoire-des-conflits","product_tag-communaute","product_tag-culture","product_tag-memoire-des-conflits"],"_links":{"self":[{"href":"https:\/\/www.editions-libel.fr\/maison-edition\/wp-json\/wp\/v2\/product\/3818","targetHints":{"allow":["GET"]}}],"collection":[{"href":"https:\/\/www.editions-libel.fr\/maison-edition\/wp-json\/wp\/v2\/product"}],"about":[{"href":"https:\/\/www.editions-libel.fr\/maison-edition\/wp-json\/wp\/v2\/types\/product"}],"wp:featuredmedia":[{"embeddable":true,"href":"https:\/\/www.editions-libel.fr\/maison-edition\/wp-json\/wp\/v2\/media\/5346"}],"wp:attachment":[{"href":"https:\/\/www.editions-libel.fr\/maison-edition\/wp-json\/wp\/v2\/media?parent=3818"}],"wp:term":[{"taxonomy":"product_cat","embeddable":true,"href":"https:\/\/www.editions-libel.fr\/maison-edition\/wp-json\/wp\/v2\/product_cat?post=3818"},{"taxonomy":"product_tag","embeddable":true,"href":"https:\/\/www.editions-libel.fr\/maison-edition\/wp-json\/wp\/v2\/product_tag?post=3818"}],"curies":[{"name":"wp","href":"https:\/\/api.w.org\/{rel}","templated":true}]}}