{"id":3636,"date":"2018-02-05T14:17:58","date_gmt":"2018-02-05T13:17:58","guid":{"rendered":"http:\/\/www.editions-libel.fr\/maison-edition\/boutique\/seuils-collector\/"},"modified":"2025-12-12T11:41:42","modified_gmt":"2025-12-12T10:41:42","slug":"seuils-collector","status":"publish","type":"product","link":"https:\/\/www.editions-libel.fr\/maison-edition\/boutique\/seuils-collector\/","title":{"rendered":"Seuils &#8211; \u00c9dition limit\u00e9e"},"content":{"rendered":"[vc_row][vc_column][vc_column_text]<span style=\"text-decoration: underline;\"><a href=\"https:\/\/heyzine.com\/flip-book\/6063219814.html\" target=\"_blank\" rel=\"noopener noreferrer\">Feuilleter un extrait<\/a><\/span><br \/>\n<span style=\"text-decoration: underline;\"><a href=\"https:\/\/www.editions-libel.fr\/maison-edition\/wp-content\/uploads\/2015\/10\/SEUILS-PRESSE.pdf\" target=\"_blank\" rel=\"noopener noreferrer\">Dossier de presse<\/a><\/span><br \/>\n<span style=\"text-decoration: underline;\"><a href=\"https:\/\/www.editions-libel.fr\/maison-edition\/wp-content\/uploads\/2015\/10\/LIBEL_notice_Seuils.pdf\" target=\"_blank\" rel=\"noopener noreferrer\">Notice libraire<\/a><\/span>[\/vc_column_text][\/vc_column][\/vc_row]\n","protected":false},"excerpt":{"rendered":"<p><strong><span style=\"color: #cc0000;\"><b>\u00c9dition limit\u00e9e, num\u00e9rot\u00e9e, sign\u00e9e et accompagn\u00e9e d&rsquo;un tirage photographique<br \/>\n<\/b><\/span><\/strong>Le photographe \u00c9ric Rondepierre utilise des photos prises dans son quotidien et les fait dialoguer avec des sc\u00e8nes extraites du cin\u00e9ma muet. Ses images curieuses et \u00e9tranges font revivre les fant\u00f4mes du cin\u00e9ma au beau milieu de sc\u00e8nes contemporaines.<\/p>\n<p><u>Un tirage de t\u00eate de 30 exemplaires\u00a0<\/u>a \u00e9t\u00e9 r\u00e9alis\u00e9 pour cette parution.\u00a0Num\u00e9rot\u00e9s et sign\u00e9s par \u00c9ric Rondepierre, ils sont accompagn\u00e9s d\u2019un tirage d\u2019une photographie originale et r\u00e9unis dans un coffret.<\/p>\n<p><b><strong><span style=\"color: #f07c29;\">\u00c9galement disponible :\u00a0<\/span><\/strong><\/b><a href=\"https:\/\/www.editions-libel.fr\/maison-edition\/boutique\/seuils\/\"><strong>l\u2019\u00e9dition classique du livre<\/strong> <span style=\"text-decoration: underline;\"><em>Seuils<\/em><\/span><\/a><\/p>\n","protected":false},"featured_media":5353,"template":"","meta":[],"product_cat":[71,82,9,12,21],"product_tag":[117,105,132,122],"class_list":["post-3636","product","type-product","status-publish","has-post-thumbnail","hentry","product_cat-arts","product_cat-libel","product_cat-series-limitees","product_cat-art-contemporain","product_cat-photographie","product_tag-art","product_tag-cinema","product_tag-culture","product_tag-photographie"],"_links":{"self":[{"href":"https:\/\/www.editions-libel.fr\/maison-edition\/wp-json\/wp\/v2\/product\/3636","targetHints":{"allow":["GET"]}}],"collection":[{"href":"https:\/\/www.editions-libel.fr\/maison-edition\/wp-json\/wp\/v2\/product"}],"about":[{"href":"https:\/\/www.editions-libel.fr\/maison-edition\/wp-json\/wp\/v2\/types\/product"}],"wp:featuredmedia":[{"embeddable":true,"href":"https:\/\/www.editions-libel.fr\/maison-edition\/wp-json\/wp\/v2\/media\/5353"}],"wp:attachment":[{"href":"https:\/\/www.editions-libel.fr\/maison-edition\/wp-json\/wp\/v2\/media?parent=3636"}],"wp:term":[{"taxonomy":"product_cat","embeddable":true,"href":"https:\/\/www.editions-libel.fr\/maison-edition\/wp-json\/wp\/v2\/product_cat?post=3636"},{"taxonomy":"product_tag","embeddable":true,"href":"https:\/\/www.editions-libel.fr\/maison-edition\/wp-json\/wp\/v2\/product_tag?post=3636"}],"curies":[{"name":"wp","href":"https:\/\/api.w.org\/{rel}","templated":true}]}}