{"id":3543,"date":"2018-01-08T16:10:45","date_gmt":"2018-01-08T15:10:45","guid":{"rendered":"http:\/\/www.editions-libel.fr\/maison-edition\/boutique\/le-grand-hotel-dieu-de-lyon-collector\/"},"modified":"2026-02-10T14:43:03","modified_gmt":"2026-02-10T13:43:03","slug":"le-grand-hotel-dieu-de-lyon-collector","status":"publish","type":"product","link":"https:\/\/www.editions-libel.fr\/maison-edition\/boutique\/le-grand-hotel-dieu-de-lyon-collector\/","title":{"rendered":"Le Grand H\u00f4tel Dieu de Lyon &#8211; \u00c9dition limit\u00e9e"},"content":{"rendered":"[vc_row][vc_column][vc_column_text]<span style=\"text-decoration: underline;\"><a href=\"https:\/\/heyzine.com\/flip-book\/e687f13058.html\" target=\"_blank\" rel=\"noopener noreferrer\">Feuilleter un extrait<\/a><\/span><br \/>\n<span style=\"text-decoration: underline;\"><a href=\"https:\/\/www.editions-libel.fr\/maison-edition\/wp-content\/uploads\/Presse-GHD2bis.pdf\" target=\"_blank\" rel=\"noopener noreferrer\">Dossier de presse<\/a><\/span><br \/>\n<span style=\"text-decoration: underline;\"><a href=\"https:\/\/www.editions-libel.fr\/maison-edition\/wp-content\/uploads\/NOTICE_GHD2.pdf\" target=\"_blank\" rel=\"noopener noreferrer\">Notice libraire<\/a><\/span>[\/vc_column_text][\/vc_column][\/vc_row]\n","protected":false},"excerpt":{"rendered":"<p><strong><span style=\"color: #ff0000;\"><b>\u00c9puis\u00e9<\/b><\/span><\/strong><\/p>\n<p><span style=\"color: #cc0000;\"><b>\u00c9dition limit\u00e9e num\u00e9rot\u00e9e, sign\u00e9e et accompagn\u00e9e d&rsquo;une reproduction d&rsquo;art<\/b><\/span><br \/>\nClass\u00e9 monument historique, le Grand H\u00f4tel Dieu de Lyon \u00e9tire sa fa\u00e7ade majestueuse le long du Rh\u00f4ne. V\u00e9ritable carnet de visite du b\u00e2timent, ce livre d\u2019exception dresse un \u00e9tat des lieux de ce chef-d\u2019\u0153uvre architectural peaufin\u00e9 par le temps.<\/p>\n<div id=\"tab-2c94af60-a783-10\" class=\"wpb_tab ui-tabs-panel wpb_ui-tabs-hide vc_clearfix ui-widget-content ui-corner-bottom\" role=\"tabpanel\" aria-labelledby=\"ui-id-1\" aria-hidden=\"false\">\n<div class=\"wpb_text_column wpb_content_element \">\n<div class=\"wpb_wrapper\">\n<p>50 exemplaires de t\u00eate ont \u00e9t\u00e9 tir\u00e9s pour c\u00e9l\u00e9brer la seconde \u00e9dition de cet ouvrage. Num\u00e9rot\u00e9s et sign\u00e9s par les auteures <strong>Ombline d\u2019Aboville<\/strong> et <strong>Fr\u00e9d\u00e9rique Malotaux<\/strong>, ces exemplaires sont accompagn\u00e9s d\u2019une reproduction d\u2019art d\u2019une aquarelle originale sign\u00e9e par son auteur <strong>J\u00e9r\u00e9my Soheylian<\/strong>, peintre aquarelliste.<\/p>\n<p><strong><span style=\"color: #f07c29;\"><b>\u00c9galement disponible : <\/b><\/span><a href=\"https:\/\/www.editions-libel.fr\/maison-edition\/boutique\/le-grand-hotel-dieu-de-lyon-carnet-de-l-avant\/\">L&rsquo;\u00e9dition classique de l&rsquo;ouvrage<\/a><\/strong> <a href=\"https:\/\/www.editions-libel.fr\/maison-edition\/boutique\/le-grand-hotel-dieu-de-lyon-carnet-de-l-avant\/\"><em><span style=\"text-decoration: underline;\">Le Grand H\u00f4tel-Dieu de Lyon<\/span><\/em><\/a><\/p>\n<\/div>\n<\/div>\n<\/div>\n","protected":false},"featured_media":11061,"template":"","meta":[],"product_cat":[71,85,77,82,9,11,8,15,17,43,23],"product_tag":[109,118,95,112,110],"class_list":["post-3543","product","type-product","status-publish","has-post-thumbnail","hentry","product_cat-arts","product_cat-editions-limitees","product_cat-histoire-2","product_cat-libel","product_cat-series-limitees","product_cat-architecture","product_cat-epuises","product_cat-histoire","product_cat-lyon","product_cat-patrimoines","product_cat-regionalisme","product_tag-architecture","product_tag-croquis","product_tag-lyon","product_tag-monument-historique","product_tag-patrimoine"],"_links":{"self":[{"href":"https:\/\/www.editions-libel.fr\/maison-edition\/wp-json\/wp\/v2\/product\/3543","targetHints":{"allow":["GET"]}}],"collection":[{"href":"https:\/\/www.editions-libel.fr\/maison-edition\/wp-json\/wp\/v2\/product"}],"about":[{"href":"https:\/\/www.editions-libel.fr\/maison-edition\/wp-json\/wp\/v2\/types\/product"}],"wp:featuredmedia":[{"embeddable":true,"href":"https:\/\/www.editions-libel.fr\/maison-edition\/wp-json\/wp\/v2\/media\/11061"}],"wp:attachment":[{"href":"https:\/\/www.editions-libel.fr\/maison-edition\/wp-json\/wp\/v2\/media?parent=3543"}],"wp:term":[{"taxonomy":"product_cat","embeddable":true,"href":"https:\/\/www.editions-libel.fr\/maison-edition\/wp-json\/wp\/v2\/product_cat?post=3543"},{"taxonomy":"product_tag","embeddable":true,"href":"https:\/\/www.editions-libel.fr\/maison-edition\/wp-json\/wp\/v2\/product_tag?post=3543"}],"curies":[{"name":"wp","href":"https:\/\/api.w.org\/{rel}","templated":true}]}}