{"id":3289,"date":"2017-11-14T15:01:04","date_gmt":"2017-11-14T14:01:04","guid":{"rendered":"http:\/\/www.editions-libel.fr\/maison-edition\/boutique\/lyon-sur-le-divan\/"},"modified":"2025-12-12T11:49:28","modified_gmt":"2025-12-12T10:49:28","slug":"lyon-sur-le-divan","status":"publish","type":"product","link":"https:\/\/www.editions-libel.fr\/maison-edition\/boutique\/lyon-sur-le-divan\/","title":{"rendered":"Lyon sur le divan"},"content":{"rendered":"[vc_row][vc_column][vc_column_text]<span style=\"text-decoration: underline;\"><a href=\"https:\/\/heyzine.com\/flip-book\/802bf329b9.html\" target=\"_blank\" rel=\"noopener noreferrer\">Feuilleter un extrait<\/a><\/span><br \/>\n<span style=\"text-decoration: underline;\"><a href=\"https:\/\/www.editions-libel.fr\/maison-edition\/wp-content\/uploads\/DP_LYON-SUR-LE-DIVAN.pdf\" target=\"_blank\" rel=\"noopener noreferrer\">Dossier de presse<\/a><\/span><br \/>\n<span style=\"text-decoration: underline;\"><a href=\"https:\/\/www.editions-libel.fr\/maison-edition\/wp-content\/uploads\/Notice-LYON-SUR-LE-DIVAN.pdf\" target=\"_blank\" rel=\"noopener noreferrer\">Notice libraire<\/a><\/span><\/p>\n<p>&nbsp;<\/p>\n<p><strong>On en parle :<\/strong>[\/vc_column_text][\/vc_column][\/vc_row][vc_row][vc_column][vc_tta_pageable no_fill_content_area=\u00a0\u00bb1&Prime; active_section=\u00a0\u00bb1&Prime; pagination_color=\u00a0\u00bborange\u00a0\u00bb][vc_tta_section title=\u00a0\u00bbSection 1&Prime; tab_id=\u00a0\u00bb1591089325527-4e0f8720-0d35&Prime;][vc_column_text]<em>Je l&rsquo;ai achet\u00e9, tr\u00e8s beau livre et agr\u00e9able \u00e0 lire aussi bien sur le fond que sur la forme !<br \/>\n<\/em>Sarah T.[\/vc_column_text][\/vc_tta_section][vc_tta_section title=\u00a0\u00bbSection 1&Prime; tab_id=\u00a0\u00bb1591089501295-692fadcc-1c38&Prime;][vc_column_text]<em>M\u00e9langeant habilement connaissances historiques, rigueur et humour, cet ouvrage abondamment illustr\u00e9 nous invite \u00e0 d\u00e9couvrir les multiples m\u00e9tamorphoses d\u2019une ville sans cesse en mouvement et constamment en train de se r\u00e9inventer.<br \/>\n<\/em>Blog in Lyon[\/vc_column_text][\/vc_tta_section][vc_tta_section title=\u00a0\u00bbSection 1&Prime; tab_id=\u00a0\u00bb1591089461402-508e2938-2411&Prime;][vc_column_text]<em>F\u00e9licitations pour cet excellent travail !<br \/>\n<\/em>Revue Sur Mesure[\/vc_column_text][\/vc_tta_section][\/vc_tta_pageable][\/vc_column][\/vc_row]\n","protected":false},"excerpt":{"rendered":"<p><strong>Les m\u00e9tamorphoses d&rsquo;une ville <\/strong>[Collectif]<strong><br \/>\n<\/strong>Au fil d&rsquo;une riche iconographie, un ensemble de sp\u00e9cialistes en mati\u00e8re d&rsquo;urbanisme tentent de saisir les multiples transformations que la ville de Lyon a connues.\u00a0\u00c0 leur fine analyse r\u00e9pond l&rsquo;humour de l&rsquo;<a href=\"https:\/\/www.anpu.fr\/\"><b>Agence Nationale de Psychanalyse Urbaine<\/b><\/a>, qui s&rsquo;est mise au d\u00e9fi de mettre la capitale des Gaules sur le divan, pour un r\u00e9sultat \u00e9tonnant : un bel ouvrage original et d\u00e9cal\u00e9 pour comprendre comment une ville se fabrique et se transforme.<\/p>\n<p>Ouvrage \u00e9dit\u00e9 en partenariat avec les <strong><a href=\"http:\/\/www.gadagne.musees.lyon.fr\/\">Mus\u00e9es Gadagne<\/a><\/strong> \u00e0 l&rsquo;occasion de l\u2019exposition du m\u00eame nom pr\u00e9sent\u00e9e du 17 novembre 2017 au 17 juin 2018.<\/p>\n","protected":false},"featured_media":5356,"template":"","meta":[],"product_cat":[71,77,82,11,15,17,43,25,26],"product_tag":[120,136,95,119,123],"class_list":["post-3289","product","type-product","status-publish","has-post-thumbnail","hentry","product_cat-arts","product_cat-histoire-2","product_cat-libel","product_cat-architecture","product_cat-histoire","product_cat-lyon","product_cat-patrimoines","product_cat-societe","product_cat-urbanisme","product_tag-amenagement","product_tag-collectif","product_tag-lyon","product_tag-urbanisme","product_tag-ville"],"_links":{"self":[{"href":"https:\/\/www.editions-libel.fr\/maison-edition\/wp-json\/wp\/v2\/product\/3289","targetHints":{"allow":["GET"]}}],"collection":[{"href":"https:\/\/www.editions-libel.fr\/maison-edition\/wp-json\/wp\/v2\/product"}],"about":[{"href":"https:\/\/www.editions-libel.fr\/maison-edition\/wp-json\/wp\/v2\/types\/product"}],"wp:featuredmedia":[{"embeddable":true,"href":"https:\/\/www.editions-libel.fr\/maison-edition\/wp-json\/wp\/v2\/media\/5356"}],"wp:attachment":[{"href":"https:\/\/www.editions-libel.fr\/maison-edition\/wp-json\/wp\/v2\/media?parent=3289"}],"wp:term":[{"taxonomy":"product_cat","embeddable":true,"href":"https:\/\/www.editions-libel.fr\/maison-edition\/wp-json\/wp\/v2\/product_cat?post=3289"},{"taxonomy":"product_tag","embeddable":true,"href":"https:\/\/www.editions-libel.fr\/maison-edition\/wp-json\/wp\/v2\/product_tag?post=3289"}],"curies":[{"name":"wp","href":"https:\/\/api.w.org\/{rel}","templated":true}]}}