{"id":3117,"date":"2017-07-20T13:41:57","date_gmt":"2017-07-20T12:41:57","guid":{"rendered":"http:\/\/www.editions-libel.fr\/maison-edition\/boutique\/rayons-x\/"},"modified":"2025-12-12T11:50:07","modified_gmt":"2025-12-12T10:50:07","slug":"rayons-x","status":"publish","type":"product","link":"https:\/\/www.editions-libel.fr\/maison-edition\/boutique\/rayons-x\/","title":{"rendered":"Rayons X"},"content":{"rendered":"[vc_row][vc_column][vc_column_text]<span style=\"text-decoration: underline;\"><a href=\"https:\/\/heyzine.com\/flip-book\/248656d66b.html\" target=\"_blank\" rel=\"noopener noreferrer\">Feuilleter un extrait<\/a><\/span><br \/>\n<span style=\"text-decoration: underline;\"><a href=\"https:\/\/www.editions-libel.fr\/maison-edition\/wp-content\/uploads\/Presse-RAYONSX-BD.pdf\" target=\"_blank\" rel=\"noopener noreferrer\">Dossier de presse<\/a><\/span><br \/>\n<span style=\"text-decoration: underline;\"><a href=\"https:\/\/www.editions-libel.fr\/maison-edition\/wp-content\/uploads\/NOTICE_RAYONS-X.pdf\" target=\"_blank\" rel=\"noopener noreferrer\">Notice libraire<\/a><\/span>[\/vc_column_text][\/vc_column][\/vc_row]\n","protected":false},"excerpt":{"rendered":"<p><strong>Une autre image de la Grande Guerre<br \/>\n<\/strong>\u00c0 la fin du XIXe si\u00e8cle, comme le cin\u00e9ma naissant, la radiologie, r\u00e9volution m\u00e9dicale, produit des images fascinantes dans leur modernit\u00e9. De la d\u00e9couverte des rayons X aux premi\u00e8res applications m\u00e9dicales, cet ouvrage retrace l\u2019\u00e9volution d\u2019une technologique qui a progress\u00e9 consid\u00e9rablement pendant la Grande Guerre.<\/p>\n<p>Ouvrage dirig\u00e9 par <strong>Michel Amiel<\/strong> et <strong>Serge\u00ef Piotrovitch d&rsquo;Orlik<\/strong> et \u00e9dit\u00e9 en partenariat avec <strong>l\u2019association <a href=\"http:\/\/www.patrimoine-medecine-sante-lyon.fr\/Contact\" target=\"_blank\" rel=\"noopener noreferrer\">Patrimoine M\u00e9decine Lyon Grand H\u00f4tel-Dieu de Lyon<\/a><\/strong>, cet ouvrage accompagne l\u2019exposition du m\u00eame nom pr\u00e9sent\u00e9e aux Archives municipales de Lyon du 4 octobre au 23 d\u00e9cembre 2017.<\/p>\n","protected":false},"featured_media":3181,"template":"","meta":[],"product_cat":[77,82,15,16,17,18,43,24],"product_tag":[105,132,95,103,94],"class_list":["post-3117","product","type-product","status-publish","has-post-thumbnail","hentry","product_cat-histoire-2","product_cat-libel","product_cat-histoire","product_cat-histoire-des-conflits","product_cat-lyon","product_cat-medical","product_cat-patrimoines","product_cat-sciences","product_tag-cinema","product_tag-culture","product_tag-lyon","product_tag-memoire-des-conflits","product_tag-sciences"],"_links":{"self":[{"href":"https:\/\/www.editions-libel.fr\/maison-edition\/wp-json\/wp\/v2\/product\/3117","targetHints":{"allow":["GET"]}}],"collection":[{"href":"https:\/\/www.editions-libel.fr\/maison-edition\/wp-json\/wp\/v2\/product"}],"about":[{"href":"https:\/\/www.editions-libel.fr\/maison-edition\/wp-json\/wp\/v2\/types\/product"}],"wp:featuredmedia":[{"embeddable":true,"href":"https:\/\/www.editions-libel.fr\/maison-edition\/wp-json\/wp\/v2\/media\/3181"}],"wp:attachment":[{"href":"https:\/\/www.editions-libel.fr\/maison-edition\/wp-json\/wp\/v2\/media?parent=3117"}],"wp:term":[{"taxonomy":"product_cat","embeddable":true,"href":"https:\/\/www.editions-libel.fr\/maison-edition\/wp-json\/wp\/v2\/product_cat?post=3117"},{"taxonomy":"product_tag","embeddable":true,"href":"https:\/\/www.editions-libel.fr\/maison-edition\/wp-json\/wp\/v2\/product_tag?post=3117"}],"curies":[{"name":"wp","href":"https:\/\/api.w.org\/{rel}","templated":true}]}}