{"id":2800,"date":"2017-03-16T11:47:05","date_gmt":"2017-03-16T10:47:05","guid":{"rendered":"http:\/\/www.editions-libel.fr\/maison-edition\/boutique\/alain-chomel\/"},"modified":"2025-12-12T11:56:31","modified_gmt":"2025-12-12T10:56:31","slug":"alain-chomel","status":"publish","type":"product","link":"https:\/\/www.editions-libel.fr\/maison-edition\/boutique\/alain-chomel\/","title":{"rendered":"Alain Chomel"},"content":{"rendered":"[vc_row][vc_column][vc_column_text]<span style=\"text-decoration: underline;\"><a href=\"https:\/\/heyzine.com\/flip-book\/7180da2337.html\" target=\"_blank\" rel=\"noopener noreferrer\">Feuilleter un extrait<\/a><\/span><br \/>\n<span style=\"text-decoration: underline;\"><a href=\"https:\/\/www.editions-libel.fr\/maison-edition\/wp-content\/uploads\/CP_CHOMEL.pdf\" target=\"_blank\" rel=\"noopener noreferrer\">Communiqu\u00e9 de presse<\/a><\/span><br \/>\n<span style=\"text-decoration: underline;\"><a href=\"https:\/\/www.editions-libel.fr\/maison-edition\/wp-content\/uploads\/NOTICE_CHOMEL-1.pdf\" target=\"_blank\" rel=\"noopener noreferrer\">Notice libraire<\/a><\/span>[\/vc_column_text][\/vc_column][\/vc_row]\n","protected":false},"excerpt":{"rendered":"<p><strong>Un architecte pour l&rsquo;\u00e9cole<br \/>\n<\/strong>Alain Chomel\u00a0a exerc\u00e9 le m\u00e9tier d\u2019architecte \u00e0 Lyon de 1955 \u00e0 2000. Cet ouvrage d\u00e9roule ses ann\u00e9es d\u2019une architecture incarn\u00e9e, exigeante et novatrice, particuli\u00e8rement dans le domaine scolaire.<\/p>\n","protected":false},"featured_media":5463,"template":"","meta":[],"product_cat":[82,11,17,26],"product_tag":[109,132,113,108,95,129],"class_list":["post-2800","product","type-product","status-publish","has-post-thumbnail","hentry","product_cat-libel","product_cat-architecture","product_cat-lyon","product_cat-urbanisme","product_tag-architecture","product_tag-culture","product_tag-design","product_tag-education","product_tag-lyon","product_tag-metier"],"_links":{"self":[{"href":"https:\/\/www.editions-libel.fr\/maison-edition\/wp-json\/wp\/v2\/product\/2800","targetHints":{"allow":["GET"]}}],"collection":[{"href":"https:\/\/www.editions-libel.fr\/maison-edition\/wp-json\/wp\/v2\/product"}],"about":[{"href":"https:\/\/www.editions-libel.fr\/maison-edition\/wp-json\/wp\/v2\/types\/product"}],"wp:featuredmedia":[{"embeddable":true,"href":"https:\/\/www.editions-libel.fr\/maison-edition\/wp-json\/wp\/v2\/media\/5463"}],"wp:attachment":[{"href":"https:\/\/www.editions-libel.fr\/maison-edition\/wp-json\/wp\/v2\/media?parent=2800"}],"wp:term":[{"taxonomy":"product_cat","embeddable":true,"href":"https:\/\/www.editions-libel.fr\/maison-edition\/wp-json\/wp\/v2\/product_cat?post=2800"},{"taxonomy":"product_tag","embeddable":true,"href":"https:\/\/www.editions-libel.fr\/maison-edition\/wp-json\/wp\/v2\/product_tag?post=2800"}],"curies":[{"name":"wp","href":"https:\/\/api.w.org\/{rel}","templated":true}]}}