{"id":2424,"date":"2016-10-14T09:38:45","date_gmt":"2016-10-14T08:38:45","guid":{"rendered":"http:\/\/www.editions-libel.fr\/maison-edition\/boutique\/le-beaufort-reinventer-le-fruit-commun\/"},"modified":"2025-12-12T12:04:05","modified_gmt":"2025-12-12T11:04:05","slug":"le-beaufort-reinventer-le-fruit-commun","status":"publish","type":"product","link":"https:\/\/www.editions-libel.fr\/maison-edition\/boutique\/le-beaufort-reinventer-le-fruit-commun\/","title":{"rendered":"Le Beaufort"},"content":{"rendered":"[vc_row][vc_column][vc_column_text]<span style=\"text-decoration: underline;\"><a href=\"https:\/\/heyzine.com\/flip-book\/ee63160c94.html\" target=\"_blank\" rel=\"noopener noreferrer\">Feuilleter un extrait<\/a><br \/>\n<a href=\"https:\/\/www.editions-libel.fr\/maison-edition\/wp-content\/uploads\/BEAUFORT-SOMMAIRE-OK.pdf\" target=\"_blank\" rel=\"noopener noreferrer\">Voir le sommaire<\/a><\/span><br \/>\n<span style=\"text-decoration: underline;\"><a href=\"https:\/\/www.editions-libel.fr\/maison-edition\/wp-content\/uploads\/Presse-beaufort.pdf\" target=\"_blank\" rel=\"noopener noreferrer\">Dossier de presse<\/a><\/span><br \/>\n<span style=\"text-decoration: underline;\"><a href=\"https:\/\/www.editions-libel.fr\/maison-edition\/wp-content\/uploads\/NOTICE_BEAUFORT.pdf\" target=\"_blank\" rel=\"noopener noreferrer\">Notice libraire<\/a><\/span><\/p>\n<p>&nbsp;<\/p>\n<p><strong>On en parle :<\/strong>[\/vc_column_text][\/vc_column][\/vc_row][vc_row][vc_column][vc_tta_pageable no_fill_content_area=\u00a0\u00bb1&Prime; active_section=\u00a0\u00bb1&Prime; pagination_color=\u00a0\u00bborange\u00a0\u00bb][vc_tta_section title=\u00a0\u00bbSection 1&Prime; tab_id=\u00a0\u00bb1591102308711-91ab9552-8569&Prime;][vc_column_text]<em>Enfin un livre avec le s\u00e9rieux historique qui permet de vivre une aventure positive sur un terroir, une agriculture, un produit! La coop\u00e9rative, une solution pour un mod\u00e8le d&rsquo;agriculture qui permet \u00e0 l&rsquo;agriculteur de vivre &amp; \u00e0 la nature de d&rsquo;\u00eatre respect\u00e9e! \u00c0 lire imp\u00e9rativement pour reprendre go\u00fbt aux bonnes choses!<\/em><br \/>\nMarie F.[\/vc_column_text][\/vc_tta_section][vc_tta_section title=\u00a0\u00bbSection 1&Prime; tab_id=\u00a0\u00bb1591102362023-83607dd9-69c4&Prime;][vc_column_text]<em>Un livre de fond sur l&rsquo;agriculture de montagne, les productions AOP, le fromage des Alpes. Photos magnifiques, t\u00e9moignages etc. De vrais experts sur ces sujets rarement pr\u00e9sent\u00e9s.<\/em><br \/>\nClient\u00b7e AMAZON[\/vc_column_text][\/vc_tta_section][\/vc_tta_pageable][\/vc_column][\/vc_row]\n","protected":false},"excerpt":{"rendered":"<p><strong>R\u00e9inventer le fruit commun<br \/>\n<\/strong>Le Beaufort est l\u2019un des fleurons de la gastronomie fromag\u00e8re et\u00a0 un atout majeur pour le d\u00e9veloppement \u00e9conomique et touristique de la Savoie. Derri\u00e8re le succ\u00e8s du \u201cprince des gruy\u00e8res\u201d on trouve une formidable aventure humaine men\u00e9e d\u00e8s les ann\u00e9es 40 par plusieurs g\u00e9n\u00e9rations d\u2019hommes et de femmes\u00a0 farouchement d\u00e9cid\u00e9s \u00e0 sauver leur activit\u00e9 et leur territoire.<\/p>\n","protected":false},"featured_media":5460,"template":"","meta":[],"product_cat":[76,82,15,20,43,23],"product_tag":[92,129,91,96],"class_list":["post-2424","product","type-product","status-publish","has-post-thumbnail","hentry","product_cat-gastronomie","product_cat-libel","product_cat-histoire","product_cat-montagne","product_cat-patrimoines","product_cat-regionalisme","product_tag-ecologie","product_tag-metier","product_tag-montagne","product_tag-politique"],"_links":{"self":[{"href":"https:\/\/www.editions-libel.fr\/maison-edition\/wp-json\/wp\/v2\/product\/2424","targetHints":{"allow":["GET"]}}],"collection":[{"href":"https:\/\/www.editions-libel.fr\/maison-edition\/wp-json\/wp\/v2\/product"}],"about":[{"href":"https:\/\/www.editions-libel.fr\/maison-edition\/wp-json\/wp\/v2\/types\/product"}],"wp:featuredmedia":[{"embeddable":true,"href":"https:\/\/www.editions-libel.fr\/maison-edition\/wp-json\/wp\/v2\/media\/5460"}],"wp:attachment":[{"href":"https:\/\/www.editions-libel.fr\/maison-edition\/wp-json\/wp\/v2\/media?parent=2424"}],"wp:term":[{"taxonomy":"product_cat","embeddable":true,"href":"https:\/\/www.editions-libel.fr\/maison-edition\/wp-json\/wp\/v2\/product_cat?post=2424"},{"taxonomy":"product_tag","embeddable":true,"href":"https:\/\/www.editions-libel.fr\/maison-edition\/wp-json\/wp\/v2\/product_tag?post=2424"}],"curies":[{"name":"wp","href":"https:\/\/api.w.org\/{rel}","templated":true}]}}