{"id":11306,"date":"2026-04-08T10:39:29","date_gmt":"2026-04-08T08:39:29","guid":{"rendered":"https:\/\/www.editions-libel.fr\/maison-edition\/?post_type=product&#038;p=11306"},"modified":"2026-04-08T14:12:23","modified_gmt":"2026-04-08T12:12:23","slug":"feu-la-foret","status":"publish","type":"product","link":"https:\/\/www.editions-libel.fr\/maison-edition\/boutique\/feu-la-foret\/","title":{"rendered":"Feu la for\u00eat"},"content":{"rendered":"[vc_row][vc_column][vc_column_text]<span style=\"text-decoration: underline;\">Feuilleter un extrait<\/span><br \/>\n<span style=\"text-decoration: underline;\">Dossier de presse<\/span><br \/>\n<span style=\"text-decoration: underline;\">Notice libraire<\/span>[\/vc_column_text][\/vc_column][\/vc_row][vc_row][vc_column][vc_column_text][\/vc_column_text][\/vc_column][\/vc_row]\n","protected":false},"excerpt":{"rendered":"<h2><span style=\"color: #ff0000;\"><strong>\u00c0 para\u00eetre !<\/strong><\/span><\/h2>\n<p>Au lendemain d\u2019un grand feu de for\u00eat, la vie du petit village de Chantrionde est boulevers\u00e9e. Alors que la s\u00e9cheresse perdure, chacun s\u2019organise pour anticiper les prochains \u00e9t\u00e9s. Dans le village et sa petite caserne de pompiers volontaires, des vocations naissent, des alliances et des tensions surgissent : par quoi, ou par qui, a \u00e9t\u00e9 caus\u00e9 cet incendie ? Apr\u00e8s <em>Mort d\u2019une montagne<\/em>, un cap est franchi. Ce ne sont plus seulement les sommets qui s\u2019effondrent, mais notre monde qui br\u00fble \u00e0 l\u2019aube du pyroc\u00e8ne, l\u2019\u00e8re des grands feux\u2026<\/p>\n<p>Cette pi\u00e8ce est issue d\u2019une s\u00e9rie de r\u00e9sidences des deux auteurs dans plusieurs territoires de moyenne montagne marqu\u00e9s par les feux de for\u00eat. Elle constitue, apr\u00e8s <em>Mort d\u2019une montagne<\/em>, le second volet du Cycle des Hautes Aigues, une aventure th\u00e9\u00e2trale \u00e0 la fronti\u00e8re entre fiction et r\u00e9cit documentaire qui prend pour sujet les bouleversements des paysages et leur impact sur les trajectoires humaines. Repr\u00e9sent\u00e9es aussi bien dans les salles que sur le terrain, au plus pr\u00e8s des publics, ces pi\u00e8ces sugg\u00e8rent un th\u00e9\u00e2tre nomade, adaptable, allant \u00e0 la rencontre de tou\u00b7te\u00b7s.<\/p>\n<div id=\"tab-2c94af60-a783-10\" class=\"wpb_tab ui-tabs-panel wpb_ui-tabs-hide vc_clearfix ui-widget-content ui-corner-bottom\" role=\"tabpanel\" aria-labelledby=\"ui-id-1\" aria-hidden=\"false\">\n<div class=\"wpb_text_column wpb_content_element \">\n<div class=\"wpb_wrapper\">\n<p><strong><span style=\"color: #eb8367;\"><b>\u00c9galement paru dans la collection : <\/b><\/span><a href=\"https:\/\/www.editions-libel.fr\/maison-edition\/boutique\/la-revolte-des-canuts\/\" target=\"_blank\" rel=\"noopener\"><em>\u00c9chos de la fabrique<\/em><\/a>,\u00a0<a href=\"https:\/\/www.editions-libel.fr\/maison-edition\/boutique\/mort-dune-montagne\/\" target=\"_blank\" rel=\"noopener\"><em>Mort d&rsquo;une montagne<\/em><\/a>, <a href=\"https:\/\/www.editions-libel.fr\/maison-edition\/boutique\/education-nationale\/\" target=\"_blank\" rel=\"noopener\"><em>\u00c9ducation nationale,<\/em><\/a> <a href=\"https:\/\/www.editions-libel.fr\/maison-edition\/boutique\/le-chat\/\" target=\"_blank\" rel=\"noopener\"><em>Le Chat et <\/em><\/a><a href=\"https:\/\/www.editions-libel.fr\/maison-edition\/boutique\/le-signalement\/\"><em>Le signalement<\/em><\/a><\/strong>.<\/p>\n<p>&nbsp;<\/p>\n<p><strong><em>\u00a0<\/em><\/strong><\/p>\n<\/div>\n<\/div>\n<\/div>\n","protected":false},"featured_media":11303,"template":"","meta":[],"product_cat":[89,77,82,70,39,20,22,25],"product_tag":[125,92,127,91,134],"class_list":["post-11306","product","type-product","status-publish","has-post-thumbnail","hentry","product_cat-collection-theatre","product_cat-histoire-2","product_cat-libel","product_cat-litterature","product_cat-a-paraitre","product_cat-montagne","product_cat-recit","product_cat-societe","product_tag-communaute","product_tag-ecologie","product_tag-geographie","product_tag-montagne","product_tag-theatre"],"_links":{"self":[{"href":"https:\/\/www.editions-libel.fr\/maison-edition\/wp-json\/wp\/v2\/product\/11306","targetHints":{"allow":["GET"]}}],"collection":[{"href":"https:\/\/www.editions-libel.fr\/maison-edition\/wp-json\/wp\/v2\/product"}],"about":[{"href":"https:\/\/www.editions-libel.fr\/maison-edition\/wp-json\/wp\/v2\/types\/product"}],"wp:featuredmedia":[{"embeddable":true,"href":"https:\/\/www.editions-libel.fr\/maison-edition\/wp-json\/wp\/v2\/media\/11303"}],"wp:attachment":[{"href":"https:\/\/www.editions-libel.fr\/maison-edition\/wp-json\/wp\/v2\/media?parent=11306"}],"wp:term":[{"taxonomy":"product_cat","embeddable":true,"href":"https:\/\/www.editions-libel.fr\/maison-edition\/wp-json\/wp\/v2\/product_cat?post=11306"},{"taxonomy":"product_tag","embeddable":true,"href":"https:\/\/www.editions-libel.fr\/maison-edition\/wp-json\/wp\/v2\/product_tag?post=11306"}],"curies":[{"name":"wp","href":"https:\/\/api.w.org\/{rel}","templated":true}]}}