{"id":11299,"date":"2026-04-08T09:29:23","date_gmt":"2026-04-08T07:29:23","guid":{"rendered":"https:\/\/www.editions-libel.fr\/maison-edition\/?post_type=product&#038;p=11299"},"modified":"2026-04-08T12:43:27","modified_gmt":"2026-04-08T10:43:27","slug":"le-vin-de-la-croix-rousse","status":"publish","type":"product","link":"https:\/\/www.editions-libel.fr\/maison-edition\/boutique\/le-vin-de-la-croix-rousse\/","title":{"rendered":"Le vin de la Croix-Rousse"},"content":{"rendered":"[vc_row][vc_column][vc_column_text]<span style=\"text-decoration: underline;\">Feuilleter un extrait<\/span><br \/>\n<span style=\"text-decoration: underline;\">D<\/span><span style=\"text-decoration: underline;\">ossier de presse<\/span><br \/>\n<span style=\"text-decoration: underline;\">Notice libraire<\/span>[\/vc_column_text][\/vc_column][\/vc_row]\n","protected":false},"excerpt":{"rendered":"<h4>\u00c0 chacun son verre \u00e0 soi !<\/h4>\n<h2><strong><span style=\"color: red;\">\u00c0 para\u00eetre !\u00a0 <\/span><\/strong><strong><span style=\"color: red;\">\u00a0 \u00a0\u00a0<\/span><\/strong><\/h2>\n<p>Sur la colline de la Croix-Rousse, l\u00e0 o\u00f9 les canuts tissaient la soie, pousse depuis quarante ans une vigne. Trois cents ceps de gamay, plant\u00e9s en 1986 par une poign\u00e9e de gones fac\u00e9tieux, au c\u0153ur du parc de la Cerisaie.<\/p>\n<p>Ce livre est leur histoire \u2013 et bien davantage. Car derri\u00e8re ce petit clos se d\u00e9ploie toute la civilisation du vin \u00e0 Lyon : ses origines mill\u00e9naires sur les pentes de la colline, ses batailles commerciales entre amphore romaine et tonneau gaulois, ses bouchons et leurs pots de beaujolais, ses m\u00e8res lyonnaises et leurs tables g\u00e9n\u00e9reuses.<\/p>\n<p>De Rabelais \u00e0 Gnafron, de la M\u00e8re Brazier aux chocolatiers de la place, c\u2019est un Lyon savoureux et populaire qui prend vie ici \u2013 celui des vendanges en cort\u00e8ge, des brandons br\u00fbl\u00e9s sur la grande place, des m\u00e2chons arros\u00e9s et des bonnes amiti\u00e9s scell\u00e9es au fond d\u2019un verre.<\/p>\n<p>La R\u00e9publique des Canuts f\u00eate ses quarante ans. Elle vous invite \u00e0 lever le pot !<\/p>\n<p>&nbsp;<\/p>\n<div class=\"page\" title=\"Page 1\">\n<div class=\"section\">\n<div class=\"layoutArea\">\n<div class=\"column\">\n<p>&nbsp;<\/p>\n<\/div>\n<\/div>\n<\/div>\n<\/div>\n<p>&nbsp;<\/p>\n","protected":false},"featured_media":11300,"template":"","meta":[],"product_cat":[77,82,39,15,17,43,23,25],"product_tag":[92,128,111,114,95,110],"class_list":["post-11299","product","type-product","status-publish","has-post-thumbnail","hentry","product_cat-histoire-2","product_cat-libel","product_cat-a-paraitre","product_cat-histoire","product_cat-lyon","product_cat-patrimoines","product_cat-regionalisme","product_cat-societe","product_tag-ecologie","product_tag-gastronomie","product_tag-histoire","product_tag-humour","product_tag-lyon","product_tag-patrimoine"],"_links":{"self":[{"href":"https:\/\/www.editions-libel.fr\/maison-edition\/wp-json\/wp\/v2\/product\/11299","targetHints":{"allow":["GET"]}}],"collection":[{"href":"https:\/\/www.editions-libel.fr\/maison-edition\/wp-json\/wp\/v2\/product"}],"about":[{"href":"https:\/\/www.editions-libel.fr\/maison-edition\/wp-json\/wp\/v2\/types\/product"}],"wp:featuredmedia":[{"embeddable":true,"href":"https:\/\/www.editions-libel.fr\/maison-edition\/wp-json\/wp\/v2\/media\/11300"}],"wp:attachment":[{"href":"https:\/\/www.editions-libel.fr\/maison-edition\/wp-json\/wp\/v2\/media?parent=11299"}],"wp:term":[{"taxonomy":"product_cat","embeddable":true,"href":"https:\/\/www.editions-libel.fr\/maison-edition\/wp-json\/wp\/v2\/product_cat?post=11299"},{"taxonomy":"product_tag","embeddable":true,"href":"https:\/\/www.editions-libel.fr\/maison-edition\/wp-json\/wp\/v2\/product_tag?post=11299"}],"curies":[{"name":"wp","href":"https:\/\/api.w.org\/{rel}","templated":true}]}}