{"id":11233,"date":"2026-03-20T15:07:06","date_gmt":"2026-03-20T14:07:06","guid":{"rendered":"https:\/\/www.editions-libel.fr\/maison-edition\/?post_type=product&#038;p=11233"},"modified":"2026-04-23T16:33:41","modified_gmt":"2026-04-23T14:33:41","slug":"couleurs-de-guerre","status":"publish","type":"product","link":"https:\/\/www.editions-libel.fr\/maison-edition\/boutique\/couleurs-de-guerre\/","title":{"rendered":"Couleurs de guerre"},"content":{"rendered":"[vc_row][vc_column][vc_column_text]<a href=\"https:\/\/heyzine.com\/flip-book\/27ba22368a.html\" target=\"_blank\" rel=\"noopener\"><span style=\"text-decoration: underline;\">Feuilleter un extrait<\/span><\/a><br \/>\n<a href=\"https:\/\/www.editions-libel.fr\/maison-edition\/wp-content\/uploads\/dp_Couleurs-de-guerre.pdf\" target=\"_blank\" rel=\"noopener\"><span style=\"text-decoration: underline;\">Dossier de presse<\/span><\/a><br \/>\n<a href=\"https:\/\/www.editions-libel.fr\/maison-edition\/wp-content\/uploads\/NL_Couleurs-de-guerre.pdf\" target=\"_blank\" rel=\"noopener\"><span style=\"text-decoration: underline;\">Notice libraire<\/span><\/a>[\/vc_column_text][\/vc_column][\/vc_row]\n","protected":false},"excerpt":{"rendered":"<h4><\/h4>\n<h2><strong><span style=\"color: red;\">Nouveaut\u00e9 !\u00a0 <\/span><\/strong><strong><span style=\"color: red;\">\u00a0 \u00a0\u00a0<\/span><\/strong><\/h2>\n<p>Les couleurs jouent un r\u00f4le essentiel dans le rapport des hommes au monde. Pr\u00e9sentes en abondance dans le monde naturel, l\u2019homme a cherch\u00e9 \u00e0 les reproduire et les utiliser dans son environnement, ses v\u00eatements ou ses objets. Elles sont porteuses de sens, \u00e9vidents ou cach\u00e9s, et v\u00e9hiculent des valeurs, des symboliques qui racontent les soci\u00e9t\u00e9s, les comportements, le langage ou l\u2019imaginaire.<\/p>\n<p>La Grande Guerre, dont la majorit\u00e9 des repr\u00e9sentations nous sont parvenues fix\u00e9es dans des images photographiques en noir et blanc, s\u2019est pourtant d\u00e9roul\u00e9e dans un monde en couleurs.<\/p>\n<p>Ce catalogue nous invite \u00e0 d\u00e9couvrir la place des couleurs et \u00e0 en comprendre les usages dans la culture mat\u00e9rielle de la Grande Guerre. Le conflit marque, dans ce domaine aussi, la fin d\u2019un monde : les couleurs vives des uniformes fran\u00e7ais, qui donnaient si belle allure aux d\u00e9fil\u00e9s militaires, allaient bient\u00f4t dispara\u00eetre dans l\u2019uniformit\u00e9 du bleu horizon.<\/p>\n<p><em>Cet ouvrage est publi\u00e9 \u00e0 l\u2019occasion de l\u2019exposition<span style=\"color: #993300;\"> Couleurs de guerre<\/span>, pr\u00e9sent\u00e9e au mus\u00e9e de la Grande Guerre, \u00e0 Meaux, du 4 avril 2026 au 3 janvier 2027.<\/em><\/p>\n<p>&nbsp;<\/p>\n<p>&nbsp;<\/p>\n<div class=\"page\" title=\"Page 1\">\n<div class=\"section\">\n<div class=\"layoutArea\">\n<div class=\"column\">\n<p>&nbsp;<\/p>\n<\/div>\n<\/div>\n<\/div>\n<\/div>\n<p>&nbsp;<\/p>\n","protected":false},"featured_media":11234,"template":"","meta":[],"product_cat":[82,15,16,7,43,25],"product_tag":[117,111,103,110],"class_list":["post-11233","product","type-product","status-publish","has-post-thumbnail","hentry","product_cat-libel","product_cat-histoire","product_cat-histoire-des-conflits","product_cat-nouveautes","product_cat-patrimoines","product_cat-societe","product_tag-art","product_tag-histoire","product_tag-memoire-des-conflits","product_tag-patrimoine"],"_links":{"self":[{"href":"https:\/\/www.editions-libel.fr\/maison-edition\/wp-json\/wp\/v2\/product\/11233","targetHints":{"allow":["GET"]}}],"collection":[{"href":"https:\/\/www.editions-libel.fr\/maison-edition\/wp-json\/wp\/v2\/product"}],"about":[{"href":"https:\/\/www.editions-libel.fr\/maison-edition\/wp-json\/wp\/v2\/types\/product"}],"wp:featuredmedia":[{"embeddable":true,"href":"https:\/\/www.editions-libel.fr\/maison-edition\/wp-json\/wp\/v2\/media\/11234"}],"wp:attachment":[{"href":"https:\/\/www.editions-libel.fr\/maison-edition\/wp-json\/wp\/v2\/media?parent=11233"}],"wp:term":[{"taxonomy":"product_cat","embeddable":true,"href":"https:\/\/www.editions-libel.fr\/maison-edition\/wp-json\/wp\/v2\/product_cat?post=11233"},{"taxonomy":"product_tag","embeddable":true,"href":"https:\/\/www.editions-libel.fr\/maison-edition\/wp-json\/wp\/v2\/product_tag?post=11233"}],"curies":[{"name":"wp","href":"https:\/\/api.w.org\/{rel}","templated":true}]}}