{"id":11216,"date":"2026-03-11T10:34:51","date_gmt":"2026-03-11T09:34:51","guid":{"rendered":"https:\/\/www.editions-libel.fr\/maison-edition\/?post_type=product&#038;p=11216"},"modified":"2026-04-23T15:40:03","modified_gmt":"2026-04-23T13:40:03","slug":"la-politique-en-tribune","status":"publish","type":"product","link":"https:\/\/www.editions-libel.fr\/maison-edition\/boutique\/la-politique-en-tribune\/","title":{"rendered":"La politique en tribune"},"content":{"rendered":"[vc_row][vc_column][vc_column_text][\/vc_column_text][\/vc_column][\/vc_row][vc_row][vc_column][vc_column_text]<a href=\"https:\/\/heyzine.com\/flip-book\/beeb09e5c1.html\" target=\"_blank\" rel=\"noopener\"><span style=\"text-decoration: underline;\">Feuilleter un extrait<\/span><\/a><br \/>\n<a href=\"https:\/\/www.editions-libel.fr\/maison-edition\/wp-content\/uploads\/DP_La-politique-en-tribune.pdf\" target=\"_blank\" rel=\"noopener\"><span style=\"text-decoration: underline;\">Dossier de presse<\/span><\/a><br \/>\n<a href=\"https:\/\/www.editions-libel.fr\/maison-edition\/wp-content\/uploads\/NL_La-politique-en-tribune.pdf\" target=\"_blank\" rel=\"noopener\"><span style=\"text-decoration: underline;\">Notice libraire<\/span><\/a><\/p>\n<p>&nbsp;<\/p>\n<p>&nbsp;<\/p>\n<h4><strong><a href=\"https:\/\/www.editions-libel.fr\/maison-edition\/2026\/04\/03\/la-politique-en-tribune-presse\/\" target=\"_blank\" rel=\"noopener\">On en parle !<\/a><\/strong><\/h4>\n<table>\n<tbody>\n<tr>\n<td><strong>Dialectik <\/strong>\u2013 3 avril 2026 \u203a <a href=\"https:\/\/www.instagram.com\/p\/DWomuZYiGGB\/\" target=\"_blank\" rel=\"noopener\">Voir la mention<\/a><\/td>\n<\/tr>\n<\/tbody>\n<\/table>\n[\/vc_column_text][\/vc_column][\/vc_row]\n","protected":false},"excerpt":{"rendered":"<div id=\"tab-2c94af60-a783-10\" class=\"wpb_tab ui-tabs-panel wpb_ui-tabs-hide vc_clearfix ui-widget-content ui-corner-bottom\" role=\"tabpanel\" aria-labelledby=\"ui-id-1\" aria-hidden=\"false\">\n<div class=\"wpb_text_column wpb_content_element \">\n<h2><span style=\"color: #ff0000;\">Nouveaut\u00e9 !<\/span><\/h2>\n<div class=\"wpb_wrapper\">\n<p><strong><span style=\"color: #eb8367;\">Prix du m\u00e9moire de Sciences Po Lyon 2024<\/span><\/strong><\/p>\n<\/div>\n<p><em>\u00c9tude des formes de politisation chez les supporteurs\u00b7rices du club de football de l\u2019AS Saint-\u00c9tienne<\/em><\/p>\n<p>Sport le plus populaire en France, le football, et en particulier ses supporteur\u00b7rices, sont un objet peu \u00e9tudi\u00e9 en sciences sociales. Seul\u00b7es quelques auteur\u00b7rices comme Christian Bromberger, Nicolas Hourcade et Ludovic Lestrelin ont publi\u00e9 articles et ouvrages de r\u00e9f\u00e9rence sur le sujet. Dans le m\u00eame temps, la science politique a \u00e9t\u00e9 travers\u00e9e de divers d\u00e9bats ayant \u00e9largi l\u2019acception du terme de politisation et fait \u00e9merger de nouveaux lieux du politique, en marge des institutions politiques traditionnelles. Ce livre se veut ainsi une modeste contribution \u00e0 l\u2019un et \u00e0 l\u2019autre des champs pr\u00e9sent\u00e9s ci-dessus, \u00e0 travers la recherche de formes de politisation propres aux supporteur\u00b7rices de football, ici de l\u2019AS Saint-\u00c9tienne.<\/p>\n<p class=\"bodytext\"><strong>Ouvrage co\u00e9dit\u00e9 avec Sciences Po Lyon.\u00a0<\/strong><\/p>\n<p>&nbsp;<\/p>\n<p><strong><span style=\"color: #eb8367;\">\u00c9galement \u00e9dit\u00e9s dans la collection <\/span>: <em><a href=\"https:\/\/www.editions-libel.fr\/maison-edition\/boutique\/quitte-a-etre-mere-autant-etre-lesbienne\/\">\u00ab Quitte \u00e0 \u00eatre m\u00e8re, autant \u00eatre lesbienne \u00bb<\/a><\/em>,<\/strong> <em><a href=\"https:\/\/www.editions-libel.fr\/maison-edition\/boutique\/energie-citoyenne-synergie-locale\/\"><strong>\u00c9nergie citoyenne synergie locale<\/strong><\/a><\/em><strong> et bien d&rsquo;autres.<\/strong><\/p>\n<\/div>\n<p><span style=\"text-decoration: underline;\"><strong><a href=\"https:\/\/www.editions-libel.fr\/maison-edition\/categorie-produit\/histoire-2\/collection-sciences-po\/\"><span style=\"color: #eb8367; text-decoration: underline;\">Retrouvez ici l&rsquo;ensemble de la collection Science Po<\/span><\/a><\/strong> <\/span><\/p>\n<\/div>\n","protected":false},"featured_media":11212,"template":"","meta":[],"product_cat":[88,77,82,7,23,25],"product_tag":[96,93,123],"class_list":["post-11216","product","type-product","status-publish","has-post-thumbnail","hentry","product_cat-collection-sciences-po","product_cat-histoire-2","product_cat-libel","product_cat-nouveautes","product_cat-regionalisme","product_cat-societe","product_tag-politique","product_tag-sport","product_tag-ville"],"_links":{"self":[{"href":"https:\/\/www.editions-libel.fr\/maison-edition\/wp-json\/wp\/v2\/product\/11216","targetHints":{"allow":["GET"]}}],"collection":[{"href":"https:\/\/www.editions-libel.fr\/maison-edition\/wp-json\/wp\/v2\/product"}],"about":[{"href":"https:\/\/www.editions-libel.fr\/maison-edition\/wp-json\/wp\/v2\/types\/product"}],"wp:featuredmedia":[{"embeddable":true,"href":"https:\/\/www.editions-libel.fr\/maison-edition\/wp-json\/wp\/v2\/media\/11212"}],"wp:attachment":[{"href":"https:\/\/www.editions-libel.fr\/maison-edition\/wp-json\/wp\/v2\/media?parent=11216"}],"wp:term":[{"taxonomy":"product_cat","embeddable":true,"href":"https:\/\/www.editions-libel.fr\/maison-edition\/wp-json\/wp\/v2\/product_cat?post=11216"},{"taxonomy":"product_tag","embeddable":true,"href":"https:\/\/www.editions-libel.fr\/maison-edition\/wp-json\/wp\/v2\/product_tag?post=11216"}],"curies":[{"name":"wp","href":"https:\/\/api.w.org\/{rel}","templated":true}]}}