{"id":11193,"date":"2026-03-05T11:55:47","date_gmt":"2026-03-05T10:55:47","guid":{"rendered":"https:\/\/www.editions-libel.fr\/maison-edition\/?post_type=product&#038;p=11193"},"modified":"2026-04-28T10:34:57","modified_gmt":"2026-04-28T08:34:57","slug":"le-collier-de-lange-paon","status":"publish","type":"product","link":"https:\/\/www.editions-libel.fr\/maison-edition\/boutique\/le-collier-de-lange-paon\/","title":{"rendered":"Le collier de l&rsquo;ange paon"},"content":{"rendered":"[vc_row][vc_column][vc_column_text]<a href=\"https:\/\/heyzine.com\/flip-book\/45ea6e9244.html\" target=\"_blank\" rel=\"noopener\"><span style=\"text-decoration: underline;\">Feuilleter un extrait<\/span><\/a><br \/>\n<a href=\"https:\/\/www.editions-libel.fr\/maison-edition\/wp-content\/uploads\/DP_Le-collier-de-lange-paon.pdf\" target=\"_blank\" rel=\"noopener\"><span style=\"text-decoration: underline;\">Dossier de presse<\/span><\/a><br \/>\n<a href=\"https:\/\/www.editions-libel.fr\/maison-edition\/wp-content\/uploads\/NL_Le-collier-de-lange-paon.pdf\" target=\"_blank\" rel=\"noopener\"><span style=\"text-decoration: underline;\">Notice libraire<\/span><\/a>[\/vc_column_text][\/vc_column][\/vc_row]\n","protected":false},"excerpt":{"rendered":"<h4>Enqu\u00eate aupr\u00e8s des \u00cazidis de la Dr\u00f4me<\/h4>\n<h2><strong><span style=\"color: red;\">Nouveaut\u00e9 !\u00a0 <\/span><\/strong><strong><span style=\"color: red;\">\u00a0 \u00a0\u00a0<\/span><\/strong><\/h2>\n<p>De nombreux \u00cazidis vivaient autour du mont Shingal, en Irak, jusqu&rsquo;\u00e0 l&rsquo;attaque du 3 ao\u00fbt 2014 perp\u00e9tr\u00e9e par l&rsquo;organisation \u00c9tat islamique. Depuis, certaines familles ont pu obtenir un visa d&rsquo;asile pour la France, dont seize\u00a0 venues s&rsquo;installer dans la Dr\u00f4me entre 2015 et 2019.<\/p>\n<p>Fruit d&rsquo;une rencontre entre une anthropologue, un photographe et des familles r\u00e9fugi\u00e9es dans la Dr\u00f4me, ce livre pr\u00e9sente le parcours d&rsquo;int\u00e9gration des \u00cazidis dr\u00f4mois : apprentissage de la langue, scolarisation des enfants, parcours de formation des jeunes, travail dans les champs pour les plus \u00e2g\u00e9s&#8230;Il s&rsquo;attache \u00e0 d\u00e9crire les reconfigurations du \u00cazidisme en exil.<\/p>\n<p>L&rsquo;ouvrage met \u00e9galement en regard la vie d&rsquo;avant, \u00e0 Shingal, et celle d&rsquo;aujourd&rsquo;hui dans la Dr\u00f4me. Il montre comment le \u00cazidisme, religion originaire de M\u00e9sopotamie, est aussi un syst\u00e8me d&rsquo;organisation sociale et, plus largement, une mani\u00e8re de voir le monde.<\/p>\n<p>&nbsp;<\/p>\n<p>&nbsp;<\/p>\n","protected":false},"featured_media":11196,"template":"","meta":[],"product_cat":[82,15,7,43,23,25],"product_tag":[125,127,111,110,98,135,137],"class_list":["post-11193","product","type-product","status-publish","has-post-thumbnail","hentry","product_cat-libel","product_cat-histoire","product_cat-nouveautes","product_cat-patrimoines","product_cat-regionalisme","product_cat-societe","product_tag-communaute","product_tag-geographie","product_tag-histoire","product_tag-patrimoine","product_tag-spiritualite","product_tag-violences","product_tag-voyage"],"_links":{"self":[{"href":"https:\/\/www.editions-libel.fr\/maison-edition\/wp-json\/wp\/v2\/product\/11193","targetHints":{"allow":["GET"]}}],"collection":[{"href":"https:\/\/www.editions-libel.fr\/maison-edition\/wp-json\/wp\/v2\/product"}],"about":[{"href":"https:\/\/www.editions-libel.fr\/maison-edition\/wp-json\/wp\/v2\/types\/product"}],"wp:featuredmedia":[{"embeddable":true,"href":"https:\/\/www.editions-libel.fr\/maison-edition\/wp-json\/wp\/v2\/media\/11196"}],"wp:attachment":[{"href":"https:\/\/www.editions-libel.fr\/maison-edition\/wp-json\/wp\/v2\/media?parent=11193"}],"wp:term":[{"taxonomy":"product_cat","embeddable":true,"href":"https:\/\/www.editions-libel.fr\/maison-edition\/wp-json\/wp\/v2\/product_cat?post=11193"},{"taxonomy":"product_tag","embeddable":true,"href":"https:\/\/www.editions-libel.fr\/maison-edition\/wp-json\/wp\/v2\/product_tag?post=11193"}],"curies":[{"name":"wp","href":"https:\/\/api.w.org\/{rel}","templated":true}]}}