{"id":11160,"date":"2026-02-16T11:30:03","date_gmt":"2026-02-16T10:30:03","guid":{"rendered":"https:\/\/www.editions-libel.fr\/maison-edition\/?post_type=product&#038;p=11160"},"modified":"2026-04-09T12:33:56","modified_gmt":"2026-04-09T10:33:56","slug":"nancy","status":"publish","type":"product","link":"https:\/\/www.editions-libel.fr\/maison-edition\/boutique\/nancy\/","title":{"rendered":"Nancy"},"content":{"rendered":"[vc_row][vc_column][vc_column_text]<a href=\"https:\/\/heyzine.com\/flip-book\/d4b2f249e8.html\" target=\"_blank\" rel=\"noopener\"><span style=\"text-decoration: underline;\">Feuilleter un extrait<\/span><\/a><br \/>\n<a href=\"https:\/\/www.editions-libel.fr\/maison-edition\/wp-content\/uploads\/DP_Nancydef.pdf\" target=\"_blank\" rel=\"noopener\"><span style=\"text-decoration: underline;\">Dossier de presse<\/span><\/a><br \/>\n<a href=\"https:\/\/www.editions-libel.fr\/maison-edition\/wp-content\/uploads\/NL_Nancy.pdf\" target=\"_blank\" rel=\"noopener\"><span style=\"text-decoration: underline;\">Notice libraire<\/span><\/a><\/p>\n<p>&nbsp;<\/p>\n<h4><strong><a href=\"https:\/\/www.editions-libel.fr\/maison-edition\/2026\/03\/24\/nancy-presse\/\" target=\"_blank\" rel=\"noopener\">On en parle !<\/a><\/strong><\/h4>\n<table style=\"border-collapse: collapse; width: 100%;\">\n<tbody>\n<tr>\n<td style=\"width: 100%;\"><strong>Nancy-Focus <\/strong>&#8211; 23 mars 2026 \u203a <a href=\"https:\/\/www.nancy-focus.com\/\" target=\"_blank\" rel=\"noopener\">Lire l&rsquo;article<\/a><\/td>\n<\/tr>\n<tr>\n<td style=\"width: 100%;\"><strong>Aujourd&rsquo;hui \u00e0 Nancy<\/strong>\u00a0&#8211; 18 mars 2026 &gt; <a href=\"https:\/\/www.aujourdhuianancy.com\/item\/1075-sortie-du-livre-nancy-site-patrimoine-remarquable\" target=\"_blank\" rel=\"noopener\">Lire l&rsquo;article<\/a><\/td>\n<\/tr>\n<tr>\n<td style=\"width: 100%;\"><strong>Patrimoine de Lorraine<\/strong> &#8211; 31 mars 2026 &gt; <a href=\"https:\/\/patrimoine-de-lorraine.blogspot.com\/2026\/03\/a-lire-nancy-site-patrimonial.html\" target=\"_blank\" rel=\"noopener\">Lire l&rsquo;article<\/a><\/td>\n<\/tr>\n<\/tbody>\n<\/table>\n[\/vc_column_text][\/vc_column][\/vc_row]\n","protected":false},"excerpt":{"rendered":"<h4>Site patrimonial remarquable<\/h4>\n<h2><strong><span style=\"color: red;\">Nouveaut\u00e9 ! <\/span><\/strong><strong><span style=\"color: red;\">\u00a0 \u00a0\u00a0<\/span><\/strong><\/h2>\n<p><strong>Images du patrimoine n\u00b0335<\/strong><\/p>\n<div class=\"page\" title=\"Page 1\">\n<div class=\"section\">\n<div class=\"layoutArea\">\n<div class=\"column\">\n<p>Cet ouvrage, pointu et richement illustre\u0301, rend compte de la vaste e\u0301tude mene\u0301e sur le patrimoine de Nancy, a\u0300 l\u2019occasion des cinquante ans du secteur sauvegarde\u0301 de la ville.<\/p>\n<p>Le re\u0301sultat de pre\u0300s de dix anne\u0301es de recherche se voit ici e\u0301claire\u0301 par une ample iconographie et par des textes de chercheurs, nourris d\u2019archives ine\u0301dites. Par son ambition et son approche illustre\u0301e du site patrimonial remarquable, l\u2019ouvrage s\u2019adresse aussi bien aux amateurs e\u0301claire\u0301s qu\u2019aux habitants de la re\u0301gion nance\u0301ienne. S\u2019y re\u0301ve\u0300le alors un Nancy assez inattendu : de ses e\u0301difices emble\u0301matiques a\u0300 son patrimoine plus \u00abordinaire\u00bb, du quotidien, te\u0301moin visible et vivant du passe\u0301 de la ville.<\/p>\n<\/div>\n<p>Co\u00e9dit\u00e9 avec la Ville de Nancy et la r\u00e9gion Grand-Est.<\/p>\n<\/div>\n<\/div>\n<\/div>\n<p>&nbsp;<\/p>\n","protected":false},"featured_media":11165,"template":"","meta":[],"product_cat":[77,82,15,7,43,23,25,26],"product_tag":[109,127,111,110,119,123],"class_list":["post-11160","product","type-product","status-publish","has-post-thumbnail","hentry","product_cat-histoire-2","product_cat-libel","product_cat-histoire","product_cat-nouveautes","product_cat-patrimoines","product_cat-regionalisme","product_cat-societe","product_cat-urbanisme","product_tag-architecture","product_tag-geographie","product_tag-histoire","product_tag-patrimoine","product_tag-urbanisme","product_tag-ville"],"_links":{"self":[{"href":"https:\/\/www.editions-libel.fr\/maison-edition\/wp-json\/wp\/v2\/product\/11160","targetHints":{"allow":["GET"]}}],"collection":[{"href":"https:\/\/www.editions-libel.fr\/maison-edition\/wp-json\/wp\/v2\/product"}],"about":[{"href":"https:\/\/www.editions-libel.fr\/maison-edition\/wp-json\/wp\/v2\/types\/product"}],"wp:featuredmedia":[{"embeddable":true,"href":"https:\/\/www.editions-libel.fr\/maison-edition\/wp-json\/wp\/v2\/media\/11165"}],"wp:attachment":[{"href":"https:\/\/www.editions-libel.fr\/maison-edition\/wp-json\/wp\/v2\/media?parent=11160"}],"wp:term":[{"taxonomy":"product_cat","embeddable":true,"href":"https:\/\/www.editions-libel.fr\/maison-edition\/wp-json\/wp\/v2\/product_cat?post=11160"},{"taxonomy":"product_tag","embeddable":true,"href":"https:\/\/www.editions-libel.fr\/maison-edition\/wp-json\/wp\/v2\/product_tag?post=11160"}],"curies":[{"name":"wp","href":"https:\/\/api.w.org\/{rel}","templated":true}]}}