{"id":11095,"date":"2026-01-13T16:19:29","date_gmt":"2026-01-13T15:19:29","guid":{"rendered":"https:\/\/www.editions-libel.fr\/maison-edition\/?post_type=product&#038;p=11095"},"modified":"2026-02-25T12:03:56","modified_gmt":"2026-02-25T11:03:56","slug":"nouvel-elan","status":"publish","type":"product","link":"https:\/\/www.editions-libel.fr\/maison-edition\/boutique\/nouvel-elan\/","title":{"rendered":"Nouvel \u00c9lan"},"content":{"rendered":"[vc_row][vc_column][vc_column_text]<a href=\"https:\/\/heyzine.com\/flip-book\/faa8df06a9.html\" target=\"_blank\" rel=\"noopener\"><span style=\"text-decoration: underline;\">Feuilleter un extrait<\/span><\/a><br \/>\n<a href=\"https:\/\/www.editions-libel.fr\/maison-edition\/wp-content\/uploads\/DP_Nouvel-Elan-1.pdf\" target=\"_blank\" rel=\"noopener\"><span style=\"text-decoration: underline;\">Dossier de presse<\/span><\/a><br \/>\n<a href=\"https:\/\/www.editions-libel.fr\/maison-edition\/wp-content\/uploads\/NL_Nouvel-Elan.pdf\" target=\"_blank\" rel=\"noopener\"><span style=\"text-decoration: underline;\">Notice libraire<\/span><\/a>[\/vc_column_text][\/vc_column][\/vc_row]\n","protected":false},"excerpt":{"rendered":"<h4>Collection Fourvi\u00e8re<\/h4>\n<h2><strong><span style=\"color: red;\">Nouveaut\u00e9\u00a0 \u00a0<\/span><\/strong><strong><span style=\"color: red;\">\u00a0 \u00a0\u00a0<\/span><\/strong><\/h2>\n<p><strong>R\u00e9inventer Fourvi\u00e8re<\/strong><\/p>\n<p>Au cours de cette derni\u00e8re d\u00e9cennie, une nouvelle dynamique a \u00e9t\u00e9 insuffl\u00e9e \u00e0 la basilique de Fourvi\u00e8re, b\u00e2timent class\u00e9 \u00e0 l\u2019UNESCO, symbole de la \u00ab\u2009colline qui prie\u2009\u00bb et de la ville de Lyon tout enti\u00e8re. Bien au-del\u00e0 de la simple r\u00e9novation des lieux, des obstacles surmont\u00e9s, de l\u2019aide apport\u00e9e, ce \u00ab\u2009Nouvel \u00c9lan\u2009\u00bb a port\u00e9 une vision et un usage renouvel\u00e9s du sanctuaire, pour un objectif qui lui n\u2019a jamais vari\u00e9\u00a0: l\u2019accueil de toutes et tous.<\/p>\n<p>Cet ouvrage est un hommage \u00e0 cette ambition profonde qui se poursuit au travers de celles et ceux qui font du sanctuaire de Fourvi\u00e8re ce qu\u2019il est aujourd\u2019hui\u00a0: les visiteurs, b\u00e9n\u00e9voles, responsables, recteurs et pr\u00e9lats, m\u00e9c\u00e8nes et chapelains.<\/p>\n","protected":false},"featured_media":11097,"template":"","meta":[],"product_cat":[145,77,82,15,17,7,43,23,25],"product_tag":[111,95,110,98],"class_list":["post-11095","product","type-product","status-publish","has-post-thumbnail","hentry","product_cat-collection-fourviere","product_cat-histoire-2","product_cat-libel","product_cat-histoire","product_cat-lyon","product_cat-nouveautes","product_cat-patrimoines","product_cat-regionalisme","product_cat-societe","product_tag-histoire","product_tag-lyon","product_tag-patrimoine","product_tag-spiritualite"],"_links":{"self":[{"href":"https:\/\/www.editions-libel.fr\/maison-edition\/wp-json\/wp\/v2\/product\/11095","targetHints":{"allow":["GET"]}}],"collection":[{"href":"https:\/\/www.editions-libel.fr\/maison-edition\/wp-json\/wp\/v2\/product"}],"about":[{"href":"https:\/\/www.editions-libel.fr\/maison-edition\/wp-json\/wp\/v2\/types\/product"}],"wp:featuredmedia":[{"embeddable":true,"href":"https:\/\/www.editions-libel.fr\/maison-edition\/wp-json\/wp\/v2\/media\/11097"}],"wp:attachment":[{"href":"https:\/\/www.editions-libel.fr\/maison-edition\/wp-json\/wp\/v2\/media?parent=11095"}],"wp:term":[{"taxonomy":"product_cat","embeddable":true,"href":"https:\/\/www.editions-libel.fr\/maison-edition\/wp-json\/wp\/v2\/product_cat?post=11095"},{"taxonomy":"product_tag","embeddable":true,"href":"https:\/\/www.editions-libel.fr\/maison-edition\/wp-json\/wp\/v2\/product_tag?post=11095"}],"curies":[{"name":"wp","href":"https:\/\/api.w.org\/{rel}","templated":true}]}}